{"id":2235,"date":"2021-09-18T12:33:58","date_gmt":"2021-09-18T10:33:58","guid":{"rendered":"http:\/\/serwer111560.lh.pl\/czanieckie2021\/about\/"},"modified":"2022-03-01T16:03:07","modified_gmt":"2022-03-01T15:03:07","slug":"about","status":"publish","type":"page","link":"https:\/\/czaniecki.pl\/en\/about\/","title":{"rendered":"About"},"content":{"rendered":"\t\t<div data-elementor-type=\"wp-page\" data-elementor-id=\"2235\" class=\"elementor elementor-2235 elementor-431\" data-elementor-post-type=\"page\">\n\t\t\t\t\t\t<section class=\"elementor-section elementor-inner-section elementor-element elementor-element-610cea72 elementor-section-content-middle elementor-section-boxed elementor-section-height-default elementor-section-height-default\" data-id=\"610cea72\" data-element_type=\"section\" data-settings=\"{&quot;background_background&quot;:&quot;classic&quot;}\">\n\t\t\t\t\t\t<div class=\"elementor-container elementor-column-gap-default\">\n\t\t\t\t\t<div class=\"elementor-column elementor-col-50 elementor-inner-column elementor-element elementor-element-1eb8d882\" data-id=\"1eb8d882\" data-element_type=\"column\">\n\t\t\t<div class=\"elementor-widget-wrap elementor-element-populated\">\n\t\t\t\t\t\t<div class=\"elementor-element elementor-element-0638cf5 elementor-widget elementor-widget-image\" data-id=\"0638cf5\" data-element_type=\"widget\" data-widget_type=\"image.default\">\n\t\t\t\t<div class=\"elementor-widget-container\">\n\t\t\t\t\t\t\t\t\t\t\t\t\t\t\t<img fetchpriority=\"high\" decoding=\"async\" width=\"800\" height=\"590\" src=\"https:\/\/czaniecki.pl\/wp-content\/uploads\/2021\/09\/makaron_czaniecki_onas_1@0.5x.png\" class=\"attachment-large size-large wp-image-2105\" alt=\"Makaron Czaniecki picture\" srcset=\"https:\/\/czaniecki.pl\/wp-content\/uploads\/2021\/09\/makaron_czaniecki_onas_1@0.5x.png 800w, https:\/\/czaniecki.pl\/wp-content\/uploads\/2021\/09\/makaron_czaniecki_onas_1@0.5x-300x221.png 300w, https:\/\/czaniecki.pl\/wp-content\/uploads\/2021\/09\/makaron_czaniecki_onas_1@0.5x-768x566.png 768w\" sizes=\"(max-width: 800px) 100vw, 800px\" \/>\t\t\t\t\t\t\t\t\t\t\t\t\t\t\t<\/div>\n\t\t\t\t<\/div>\n\t\t\t\t\t<\/div>\n\t\t<\/div>\n\t\t\t\t<div class=\"elementor-column elementor-col-50 elementor-inner-column elementor-element elementor-element-77744179\" data-id=\"77744179\" data-element_type=\"column\">\n\t\t\t<div class=\"elementor-widget-wrap elementor-element-populated\">\n\t\t\t\t\t\t<div class=\"elementor-element elementor-element-4ea8d040 elementor-widget elementor-widget-heading\" data-id=\"4ea8d040\" data-element_type=\"widget\" data-widget_type=\"heading.default\">\n\t\t\t\t<div class=\"elementor-widget-container\">\n\t\t\t\t\t<h1 class=\"elementor-heading-title elementor-size-default\">Family Company<\/h1>\t\t\t\t<\/div>\n\t\t\t\t<\/div>\n\t\t\t\t<div class=\"elementor-element elementor-element-40a22bf5 elementor-widget-divider--view-line elementor-widget elementor-widget-divider\" data-id=\"40a22bf5\" data-element_type=\"widget\" data-widget_type=\"divider.default\">\n\t\t\t\t<div class=\"elementor-widget-container\">\n\t\t\t\t\t\t\t<div class=\"elementor-divider\">\n\t\t\t<span class=\"elementor-divider-separator\">\n\t\t\t\t\t\t<\/span>\n\t\t<\/div>\n\t\t\t\t\t\t<\/div>\n\t\t\t\t<\/div>\n\t\t\t\t<div class=\"elementor-element elementor-element-1dbcdfcc elementor-widget elementor-widget-heading\" data-id=\"1dbcdfcc\" data-element_type=\"widget\" data-widget_type=\"heading.default\">\n\t\t\t\t<div class=\"elementor-widget-container\">\n\t\t\t\t\t<p class=\"elementor-heading-title elementor-size-default\">Our pastas are a culinary sign of the times. They are the basis of dishes that we cook both on a daily basis and on holidays, at home and at master culinary shows, but always with heart. So reach for Czanieckie Makarony, fill your kitchen with flavors, aromas and fragrances that will stay with your family forever.<\/p>\t\t\t\t<\/div>\n\t\t\t\t<\/div>\n\t\t\t\t\t<\/div>\n\t\t<\/div>\n\t\t\t\t\t<\/div>\n\t\t<\/section>\n\t\t\t\t<section class=\"elementor-section elementor-top-section elementor-element elementor-element-76ddeda elementor-section-boxed elementor-section-height-default elementor-section-height-default\" data-id=\"76ddeda\" data-element_type=\"section\">\n\t\t\t\t\t\t<div class=\"elementor-container elementor-column-gap-default\">\n\t\t\t\t\t<div class=\"elementor-column elementor-col-25 elementor-top-column elementor-element elementor-element-b553f6c\" data-id=\"b553f6c\" data-element_type=\"column\">\n\t\t\t<div class=\"elementor-widget-wrap\">\n\t\t\t\t\t\t\t<\/div>\n\t\t<\/div>\n\t\t\t\t<div class=\"elementor-column elementor-col-50 elementor-top-column elementor-element elementor-element-150cac7\" data-id=\"150cac7\" data-element_type=\"column\">\n\t\t\t<div class=\"elementor-widget-wrap\">\n\t\t\t\t\t\t\t<\/div>\n\t\t<\/div>\n\t\t\t\t<div class=\"elementor-column elementor-col-25 elementor-top-column elementor-element elementor-element-c203df7\" data-id=\"c203df7\" data-element_type=\"column\">\n\t\t\t<div class=\"elementor-widget-wrap\">\n\t\t\t\t\t\t\t<\/div>\n\t\t<\/div>\n\t\t\t\t\t<\/div>\n\t\t<\/section>\n\t\t\t\t<section class=\"elementor-section elementor-top-section elementor-element elementor-element-5b5877a9 elementor-section-boxed elementor-section-height-default elementor-section-height-default\" data-id=\"5b5877a9\" data-element_type=\"section\">\n\t\t\t\t\t\t<div class=\"elementor-container elementor-column-gap-default\">\n\t\t\t\t\t<div class=\"elementor-column elementor-col-50 elementor-top-column elementor-element elementor-element-e60aa9e\" data-id=\"e60aa9e\" data-element_type=\"column\" data-settings=\"{&quot;background_background&quot;:&quot;classic&quot;}\">\n\t\t\t<div class=\"elementor-widget-wrap elementor-element-populated\">\n\t\t\t\t\t<div class=\"elementor-background-overlay\"><\/div>\n\t\t\t\t\t\t<div class=\"elementor-element elementor-element-643d2a95 elementor-widget elementor-widget-heading\" data-id=\"643d2a95\" data-element_type=\"widget\" data-widget_type=\"heading.default\">\n\t\t\t\t<div class=\"elementor-widget-container\">\n\t\t\t\t\t<h3 class=\"elementor-heading-title elementor-size-default\">Who we are?<\/h3>\t\t\t\t<\/div>\n\t\t\t\t<\/div>\n\t\t\t\t<div class=\"elementor-element elementor-element-113474c1 elementor-widget elementor-widget-button\" data-id=\"113474c1\" data-element_type=\"widget\" data-widget_type=\"button.default\">\n\t\t\t\t<div class=\"elementor-widget-container\">\n\t\t\t\t\t\t\t\t\t<div class=\"elementor-button-wrapper\">\n\t\t\t\t\t<a class=\"elementor-button elementor-button-link elementor-size-md\" href=\"https:\/\/czaniecki.pl\/en\/who-we-are\/\">\n\t\t\t\t\t\t<span class=\"elementor-button-content-wrapper\">\n\t\t\t\t\t\t\t\t\t<span class=\"elementor-button-text\">More <\/span>\n\t\t\t\t\t<\/span>\n\t\t\t\t\t<\/a>\n\t\t\t\t<\/div>\n\t\t\t\t\t\t\t\t<\/div>\n\t\t\t\t<\/div>\n\t\t\t\t\t<\/div>\n\t\t<\/div>\n\t\t\t\t<div class=\"elementor-column elementor-col-50 elementor-top-column elementor-element elementor-element-706ec437\" data-id=\"706ec437\" data-element_type=\"column\" data-settings=\"{&quot;background_background&quot;:&quot;classic&quot;}\">\n\t\t\t<div class=\"elementor-widget-wrap elementor-element-populated\">\n\t\t\t\t\t<div class=\"elementor-background-overlay\"><\/div>\n\t\t\t\t\t\t<div class=\"elementor-element elementor-element-15b8a4ac elementor-widget elementor-widget-heading\" data-id=\"15b8a4ac\" data-element_type=\"widget\" data-widget_type=\"heading.default\">\n\t\t\t\t<div class=\"elementor-widget-container\">\n\t\t\t\t\t<h3 class=\"elementor-heading-title elementor-size-default\">Why Pasta?<\/h3>\t\t\t\t<\/div>\n\t\t\t\t<\/div>\n\t\t\t\t<div class=\"elementor-element elementor-element-457d1dbe elementor-widget elementor-widget-button\" data-id=\"457d1dbe\" data-element_type=\"widget\" data-widget_type=\"button.default\">\n\t\t\t\t<div class=\"elementor-widget-container\">\n\t\t\t\t\t\t\t\t\t<div class=\"elementor-button-wrapper\">\n\t\t\t\t\t<a class=\"elementor-button elementor-button-link elementor-size-md\" href=\"https:\/\/czaniecki.pl\/en\/why-pasta\/\">\n\t\t\t\t\t\t<span class=\"elementor-button-content-wrapper\">\n\t\t\t\t\t\t\t\t\t<span class=\"elementor-button-text\">More <\/span>\n\t\t\t\t\t<\/span>\n\t\t\t\t\t<\/a>\n\t\t\t\t<\/div>\n\t\t\t\t\t\t\t\t<\/div>\n\t\t\t\t<\/div>\n\t\t\t\t\t<\/div>\n\t\t<\/div>\n\t\t\t\t\t<\/div>\n\t\t<\/section>\n\t\t\t\t<section class=\"elementor-section elementor-top-section elementor-element elementor-element-802c526 elementor-section-boxed elementor-section-height-default elementor-section-height-default\" data-id=\"802c526\" data-element_type=\"section\">\n\t\t\t\t\t\t<div class=\"elementor-container elementor-column-gap-default\">\n\t\t\t\t\t<div class=\"elementor-column elementor-col-50 elementor-top-column elementor-element elementor-element-26898602\" data-id=\"26898602\" data-element_type=\"column\" data-settings=\"{&quot;background_background&quot;:&quot;classic&quot;}\">\n\t\t\t<div class=\"elementor-widget-wrap elementor-element-populated\">\n\t\t\t\t\t<div class=\"elementor-background-overlay\"><\/div>\n\t\t\t\t\t\t<div class=\"elementor-element elementor-element-34e6670a elementor-widget elementor-widget-heading\" data-id=\"34e6670a\" data-element_type=\"widget\" data-widget_type=\"heading.default\">\n\t\t\t\t<div class=\"elementor-widget-container\">\n\t\t\t\t\t<h3 class=\"elementor-heading-title elementor-size-default\">Production<\/h3>\t\t\t\t<\/div>\n\t\t\t\t<\/div>\n\t\t\t\t<div class=\"elementor-element elementor-element-46d1abfa elementor-widget elementor-widget-button\" data-id=\"46d1abfa\" data-element_type=\"widget\" data-widget_type=\"button.default\">\n\t\t\t\t<div class=\"elementor-widget-container\">\n\t\t\t\t\t\t\t\t\t<div class=\"elementor-button-wrapper\">\n\t\t\t\t\t<a class=\"elementor-button elementor-button-link elementor-size-md\" href=\"https:\/\/czaniecki.pl\/en\/production\/\">\n\t\t\t\t\t\t<span class=\"elementor-button-content-wrapper\">\n\t\t\t\t\t\t\t\t\t<span class=\"elementor-button-text\">More <\/span>\n\t\t\t\t\t<\/span>\n\t\t\t\t\t<\/a>\n\t\t\t\t<\/div>\n\t\t\t\t\t\t\t\t<\/div>\n\t\t\t\t<\/div>\n\t\t\t\t\t<\/div>\n\t\t<\/div>\n\t\t\t\t<div class=\"elementor-column elementor-col-50 elementor-top-column elementor-element elementor-element-8e2d04c\" data-id=\"8e2d04c\" data-element_type=\"column\" data-settings=\"{&quot;background_background&quot;:&quot;classic&quot;}\">\n\t\t\t<div class=\"elementor-widget-wrap elementor-element-populated\">\n\t\t\t\t\t<div class=\"elementor-background-overlay\"><\/div>\n\t\t\t\t\t\t<div class=\"elementor-element elementor-element-7cb70e2c elementor-widget elementor-widget-heading\" data-id=\"7cb70e2c\" data-element_type=\"widget\" data-widget_type=\"heading.default\">\n\t\t\t\t<div class=\"elementor-widget-container\">\n\t\t\t\t\t<h3 class=\"elementor-heading-title elementor-size-default\">EU Projects<\/h3>\t\t\t\t<\/div>\n\t\t\t\t<\/div>\n\t\t\t\t<div class=\"elementor-element elementor-element-1e6095ac elementor-widget elementor-widget-button\" data-id=\"1e6095ac\" data-element_type=\"widget\" data-widget_type=\"button.default\">\n\t\t\t\t<div class=\"elementor-widget-container\">\n\t\t\t\t\t\t\t\t\t<div class=\"elementor-button-wrapper\">\n\t\t\t\t\t<a class=\"elementor-button elementor-button-link elementor-size-md\" href=\"https:\/\/czaniecki.pl\/projekty-eu\/\">\n\t\t\t\t\t\t<span class=\"elementor-button-content-wrapper\">\n\t\t\t\t\t\t\t\t\t<span class=\"elementor-button-text\">More <\/span>\n\t\t\t\t\t<\/span>\n\t\t\t\t\t<\/a>\n\t\t\t\t<\/div>\n\t\t\t\t\t\t\t\t<\/div>\n\t\t\t\t<\/div>\n\t\t\t\t\t<\/div>\n\t\t<\/div>\n\t\t\t\t\t<\/div>\n\t\t<\/section>\n\t\t\t\t<section class=\"elementor-section elementor-top-section elementor-element elementor-element-6ebaa7b elementor-section-boxed elementor-section-height-default elementor-section-height-default\" data-id=\"6ebaa7b\" data-element_type=\"section\">\n\t\t\t\t\t\t<div class=\"elementor-container elementor-column-gap-default\">\n\t\t\t\t\t<div class=\"elementor-column elementor-col-33 elementor-top-column elementor-element elementor-element-613fad2\" data-id=\"613fad2\" data-element_type=\"column\">\n\t\t\t<div class=\"elementor-widget-wrap\">\n\t\t\t\t\t\t\t<\/div>\n\t\t<\/div>\n\t\t\t\t<div class=\"elementor-column elementor-col-33 elementor-top-column elementor-element elementor-element-ab5be4d\" data-id=\"ab5be4d\" data-element_type=\"column\" data-settings=\"{&quot;background_background&quot;:&quot;classic&quot;}\">\n\t\t\t<div class=\"elementor-widget-wrap elementor-element-populated\">\n\t\t\t\t\t<div class=\"elementor-background-overlay\"><\/div>\n\t\t\t\t\t\t<div class=\"elementor-element elementor-element-190502b elementor-widget elementor-widget-heading\" data-id=\"190502b\" data-element_type=\"widget\" data-widget_type=\"heading.default\">\n\t\t\t\t<div class=\"elementor-widget-container\">\n\t\t\t\t\t<h3 class=\"elementor-heading-title elementor-size-default\">News<\/h3>\t\t\t\t<\/div>\n\t\t\t\t<\/div>\n\t\t\t\t<div class=\"elementor-element elementor-element-266ea20 elementor-widget elementor-widget-button\" data-id=\"266ea20\" data-element_type=\"widget\" data-widget_type=\"button.default\">\n\t\t\t\t<div class=\"elementor-widget-container\">\n\t\t\t\t\t\t\t\t\t<div class=\"elementor-button-wrapper\">\n\t\t\t\t\t<a class=\"elementor-button elementor-button-link elementor-size-md\" href=\"https:\/\/czaniecki.pl\/co-nowego\/\">\n\t\t\t\t\t\t<span class=\"elementor-button-content-wrapper\">\n\t\t\t\t\t\t\t\t\t<span class=\"elementor-button-text\">More <\/span>\n\t\t\t\t\t<\/span>\n\t\t\t\t\t<\/a>\n\t\t\t\t<\/div>\n\t\t\t\t\t\t\t\t<\/div>\n\t\t\t\t<\/div>\n\t\t\t\t\t<\/div>\n\t\t<\/div>\n\t\t\t\t<div class=\"elementor-column elementor-col-33 elementor-top-column elementor-element elementor-element-790f50f\" data-id=\"790f50f\" data-element_type=\"column\">\n\t\t\t<div class=\"elementor-widget-wrap\">\n\t\t\t\t\t\t\t<\/div>\n\t\t<\/div>\n\t\t\t\t\t<\/div>\n\t\t<\/section>\n\t\t\t\t<\/div>\n\t\t","protected":false},"excerpt":{"rendered":"<p>Family Company Our pastas are a culinary sign of the times. They are the basis of dishes that we cook both on a daily basis and on holidays, at home and at master culinary shows, but always with heart. So reach for Czanieckie Makarony, fill your kitchen with flavors, aromas and fragrances that will stay [&hellip;]<\/p>\n","protected":false},"author":1,"featured_media":0,"parent":0,"menu_order":0,"comment_status":"closed","ping_status":"closed","template":"elementor_header_footer","meta":{"_acf_changed":false,"footnotes":""},"class_list":["post-2235","page","type-page","status-publish","hentry"],"acf":[],"yoast_head":"<!-- This site is optimized with the Yoast SEO plugin v26.4 - https:\/\/yoast.com\/wordpress\/plugins\/seo\/ -->\n<title>About - Czanieckie Makarony<\/title>\n<meta name=\"robots\" content=\"index, follow, max-snippet:-1, max-image-preview:large, max-video-preview:-1\" \/>\n<link rel=\"canonical\" href=\"https:\/\/czaniecki.pl\/en\/about\/\" \/>\n<meta property=\"og:locale\" content=\"en_US\" \/>\n<meta property=\"og:type\" content=\"article\" \/>\n<meta property=\"og:title\" content=\"About - Czanieckie Makarony\" \/>\n<meta property=\"og:description\" content=\"Family Company Our pastas are a culinary sign of the times. They are the basis of dishes that we cook both on a daily basis and on holidays, at home and at master culinary shows, but always with heart. So reach for Czanieckie Makarony, fill your kitchen with flavors, aromas and fragrances that will stay [&hellip;]\" \/>\n<meta property=\"og:url\" content=\"https:\/\/czaniecki.pl\/en\/about\/\" \/>\n<meta property=\"og:site_name\" content=\"Czanieckie Makarony\" \/>\n<meta property=\"article:modified_time\" content=\"2022-03-01T15:03:07+00:00\" \/>\n<meta property=\"og:image\" content=\"https:\/\/czaniecki.pl\/wp-content\/uploads\/2021\/09\/makaron_czaniecki_onas_1@0.5x.png\" \/>\n<meta name=\"twitter:card\" content=\"summary_large_image\" \/>\n<script type=\"application\/ld+json\" class=\"yoast-schema-graph\">{\"@context\":\"https:\/\/schema.org\",\"@graph\":[{\"@type\":\"WebPage\",\"@id\":\"https:\/\/czaniecki.pl\/en\/about\/\",\"url\":\"https:\/\/czaniecki.pl\/en\/about\/\",\"name\":\"About - Czanieckie Makarony\",\"isPartOf\":{\"@id\":\"https:\/\/czaniecki.pl\/#website\"},\"primaryImageOfPage\":{\"@id\":\"https:\/\/czaniecki.pl\/en\/about\/#primaryimage\"},\"image\":{\"@id\":\"https:\/\/czaniecki.pl\/en\/about\/#primaryimage\"},\"thumbnailUrl\":\"https:\/\/czaniecki.pl\/wp-content\/uploads\/2021\/09\/makaron_czaniecki_onas_1@0.5x.png\",\"datePublished\":\"2021-09-18T10:33:58+00:00\",\"dateModified\":\"2022-03-01T15:03:07+00:00\",\"breadcrumb\":{\"@id\":\"https:\/\/czaniecki.pl\/en\/about\/#breadcrumb\"},\"inLanguage\":\"en-US\",\"potentialAction\":[{\"@type\":\"ReadAction\",\"target\":[\"https:\/\/czaniecki.pl\/en\/about\/\"]}]},{\"@type\":\"ImageObject\",\"inLanguage\":\"en-US\",\"@id\":\"https:\/\/czaniecki.pl\/en\/about\/#primaryimage\",\"url\":\"https:\/\/czaniecki.pl\/wp-content\/uploads\/2021\/09\/makaron_czaniecki_onas_1@0.5x.png\",\"contentUrl\":\"https:\/\/czaniecki.pl\/wp-content\/uploads\/2021\/09\/makaron_czaniecki_onas_1@0.5x.png\"},{\"@type\":\"BreadcrumbList\",\"@id\":\"https:\/\/czaniecki.pl\/en\/about\/#breadcrumb\",\"itemListElement\":[{\"@type\":\"ListItem\",\"position\":1,\"name\":\"Strona g\u0142\u00f3wna\",\"item\":\"https:\/\/czaniecki.pl\/\"},{\"@type\":\"ListItem\",\"position\":2,\"name\":\"About\"}]},{\"@type\":\"WebSite\",\"@id\":\"https:\/\/czaniecki.pl\/#website\",\"url\":\"https:\/\/czaniecki.pl\/\",\"name\":\"Czanieckie Makarony\",\"description\":\"25 lat tradycji i niemal 40 rodzaj\u00f3w makaron\u00f3w! Od kultowej krajanki po te, inspirowane kuchniami \u015bwiata. Czaniecki, tu zaczyna si\u0119 smak!\",\"publisher\":{\"@id\":\"https:\/\/czaniecki.pl\/#organization\"},\"potentialAction\":[{\"@type\":\"SearchAction\",\"target\":{\"@type\":\"EntryPoint\",\"urlTemplate\":\"https:\/\/czaniecki.pl\/?s={search_term_string}\"},\"query-input\":{\"@type\":\"PropertyValueSpecification\",\"valueRequired\":true,\"valueName\":\"search_term_string\"}}],\"inLanguage\":\"en-US\"},{\"@type\":\"Organization\",\"@id\":\"https:\/\/czaniecki.pl\/#organization\",\"name\":\"Czanieckie Makarony\",\"url\":\"https:\/\/czaniecki.pl\/\",\"logo\":{\"@type\":\"ImageObject\",\"inLanguage\":\"en-US\",\"@id\":\"https:\/\/czaniecki.pl\/#\/schema\/logo\/image\/\",\"url\":\"https:\/\/czaniecki.pl\/wp-content\/uploads\/2021\/09\/cropped-image-branding-logo-1.png\",\"contentUrl\":\"https:\/\/czaniecki.pl\/wp-content\/uploads\/2021\/09\/cropped-image-branding-logo-1.png\",\"width\":181,\"height\":239,\"caption\":\"Czanieckie Makarony\"},\"image\":{\"@id\":\"https:\/\/czaniecki.pl\/#\/schema\/logo\/image\/\"}}]}<\/script>\n<!-- \/ Yoast SEO plugin. -->","yoast_head_json":{"title":"About - Czanieckie Makarony","robots":{"index":"index","follow":"follow","max-snippet":"max-snippet:-1","max-image-preview":"max-image-preview:large","max-video-preview":"max-video-preview:-1"},"canonical":"https:\/\/czaniecki.pl\/en\/about\/","og_locale":"en_US","og_type":"article","og_title":"About - Czanieckie Makarony","og_description":"Family Company Our pastas are a culinary sign of the times. They are the basis of dishes that we cook both on a daily basis and on holidays, at home and at master culinary shows, but always with heart. So reach for Czanieckie Makarony, fill your kitchen with flavors, aromas and fragrances that will stay [&hellip;]","og_url":"https:\/\/czaniecki.pl\/en\/about\/","og_site_name":"Czanieckie Makarony","article_modified_time":"2022-03-01T15:03:07+00:00","og_image":[{"url":"https:\/\/czaniecki.pl\/wp-content\/uploads\/2021\/09\/makaron_czaniecki_onas_1@0.5x.png","type":"","width":"","height":""}],"twitter_card":"summary_large_image","schema":{"@context":"https:\/\/schema.org","@graph":[{"@type":"WebPage","@id":"https:\/\/czaniecki.pl\/en\/about\/","url":"https:\/\/czaniecki.pl\/en\/about\/","name":"About - Czanieckie Makarony","isPartOf":{"@id":"https:\/\/czaniecki.pl\/#website"},"primaryImageOfPage":{"@id":"https:\/\/czaniecki.pl\/en\/about\/#primaryimage"},"image":{"@id":"https:\/\/czaniecki.pl\/en\/about\/#primaryimage"},"thumbnailUrl":"https:\/\/czaniecki.pl\/wp-content\/uploads\/2021\/09\/makaron_czaniecki_onas_1@0.5x.png","datePublished":"2021-09-18T10:33:58+00:00","dateModified":"2022-03-01T15:03:07+00:00","breadcrumb":{"@id":"https:\/\/czaniecki.pl\/en\/about\/#breadcrumb"},"inLanguage":"en-US","potentialAction":[{"@type":"ReadAction","target":["https:\/\/czaniecki.pl\/en\/about\/"]}]},{"@type":"ImageObject","inLanguage":"en-US","@id":"https:\/\/czaniecki.pl\/en\/about\/#primaryimage","url":"https:\/\/czaniecki.pl\/wp-content\/uploads\/2021\/09\/makaron_czaniecki_onas_1@0.5x.png","contentUrl":"https:\/\/czaniecki.pl\/wp-content\/uploads\/2021\/09\/makaron_czaniecki_onas_1@0.5x.png"},{"@type":"BreadcrumbList","@id":"https:\/\/czaniecki.pl\/en\/about\/#breadcrumb","itemListElement":[{"@type":"ListItem","position":1,"name":"Strona g\u0142\u00f3wna","item":"https:\/\/czaniecki.pl\/"},{"@type":"ListItem","position":2,"name":"About"}]},{"@type":"WebSite","@id":"https:\/\/czaniecki.pl\/#website","url":"https:\/\/czaniecki.pl\/","name":"Czanieckie Makarony","description":"25 lat tradycji i niemal 40 rodzaj\u00f3w makaron\u00f3w! Od kultowej krajanki po te, inspirowane kuchniami \u015bwiata. Czaniecki, tu zaczyna si\u0119 smak!","publisher":{"@id":"https:\/\/czaniecki.pl\/#organization"},"potentialAction":[{"@type":"SearchAction","target":{"@type":"EntryPoint","urlTemplate":"https:\/\/czaniecki.pl\/?s={search_term_string}"},"query-input":{"@type":"PropertyValueSpecification","valueRequired":true,"valueName":"search_term_string"}}],"inLanguage":"en-US"},{"@type":"Organization","@id":"https:\/\/czaniecki.pl\/#organization","name":"Czanieckie Makarony","url":"https:\/\/czaniecki.pl\/","logo":{"@type":"ImageObject","inLanguage":"en-US","@id":"https:\/\/czaniecki.pl\/#\/schema\/logo\/image\/","url":"https:\/\/czaniecki.pl\/wp-content\/uploads\/2021\/09\/cropped-image-branding-logo-1.png","contentUrl":"https:\/\/czaniecki.pl\/wp-content\/uploads\/2021\/09\/cropped-image-branding-logo-1.png","width":181,"height":239,"caption":"Czanieckie Makarony"},"image":{"@id":"https:\/\/czaniecki.pl\/#\/schema\/logo\/image\/"}}]}},"_links":{"self":[{"href":"https:\/\/czaniecki.pl\/en\/wp-json\/wp\/v2\/pages\/2235","targetHints":{"allow":["GET"]}}],"collection":[{"href":"https:\/\/czaniecki.pl\/en\/wp-json\/wp\/v2\/pages"}],"about":[{"href":"https:\/\/czaniecki.pl\/en\/wp-json\/wp\/v2\/types\/page"}],"author":[{"embeddable":true,"href":"https:\/\/czaniecki.pl\/en\/wp-json\/wp\/v2\/users\/1"}],"replies":[{"embeddable":true,"href":"https:\/\/czaniecki.pl\/en\/wp-json\/wp\/v2\/comments?post=2235"}],"version-history":[{"count":7,"href":"https:\/\/czaniecki.pl\/en\/wp-json\/wp\/v2\/pages\/2235\/revisions"}],"predecessor-version":[{"id":2362,"href":"https:\/\/czaniecki.pl\/en\/wp-json\/wp\/v2\/pages\/2235\/revisions\/2362"}],"wp:attachment":[{"href":"https:\/\/czaniecki.pl\/en\/wp-json\/wp\/v2\/media?parent=2235"}],"curies":[{"name":"wp","href":"https:\/\/api.w.org\/{rel}","templated":true}]}}