{"id":2239,"date":"2021-10-01T07:14:41","date_gmt":"2021-10-01T05:14:41","guid":{"rendered":"http:\/\/serwer111560.lh.pl\/czanieckie2021\/who-we-are\/"},"modified":"2022-02-02T16:02:05","modified_gmt":"2022-02-02T15:02:05","slug":"who-we-are","status":"publish","type":"page","link":"https:\/\/czaniecki.pl\/en\/who-we-are\/","title":{"rendered":"Who We are"},"content":{"rendered":"\t\t<div data-elementor-type=\"wp-page\" data-elementor-id=\"2239\" class=\"elementor elementor-2239 elementor-616\" data-elementor-post-type=\"page\">\n\t\t\t\t\t\t<section class=\"elementor-section elementor-inner-section elementor-element elementor-element-146077ad elementor-section-boxed elementor-section-height-default elementor-section-height-default\" data-id=\"146077ad\" data-element_type=\"section\" data-settings=\"{&quot;background_background&quot;:&quot;classic&quot;}\">\n\t\t\t\t\t\t<div class=\"elementor-container elementor-column-gap-default\">\n\t\t\t\t\t<div class=\"elementor-column elementor-col-50 elementor-inner-column elementor-element elementor-element-23b5d94\" data-id=\"23b5d94\" data-element_type=\"column\">\n\t\t\t<div class=\"elementor-widget-wrap\">\n\t\t\t\t\t\t\t<\/div>\n\t\t<\/div>\n\t\t\t\t<div class=\"elementor-column elementor-col-50 elementor-inner-column elementor-element elementor-element-28ed6756\" data-id=\"28ed6756\" data-element_type=\"column\">\n\t\t\t<div class=\"elementor-widget-wrap elementor-element-populated\">\n\t\t\t\t\t\t<div class=\"elementor-element elementor-element-77c044be elementor-widget elementor-widget-heading\" data-id=\"77c044be\" data-element_type=\"widget\" data-widget_type=\"heading.default\">\n\t\t\t\t<div class=\"elementor-widget-container\">\n\t\t\t\t\t<h1 class=\"elementor-heading-title elementor-size-default\">Who We Are<\/h1>\t\t\t\t<\/div>\n\t\t\t\t<\/div>\n\t\t\t\t<div class=\"elementor-element elementor-element-24c6995a elementor-widget-divider--view-line elementor-widget elementor-widget-divider\" data-id=\"24c6995a\" data-element_type=\"widget\" data-widget_type=\"divider.default\">\n\t\t\t\t<div class=\"elementor-widget-container\">\n\t\t\t\t\t\t\t<div class=\"elementor-divider\">\n\t\t\t<span class=\"elementor-divider-separator\">\n\t\t\t\t\t\t<\/span>\n\t\t<\/div>\n\t\t\t\t\t\t<\/div>\n\t\t\t\t<\/div>\n\t\t\t\t<div class=\"elementor-element elementor-element-7fa6455 elementor-widget elementor-widget-heading\" data-id=\"7fa6455\" data-element_type=\"widget\" data-widget_type=\"heading.default\">\n\t\t\t\t<div class=\"elementor-widget-container\">\n\t\t\t\t\t<p class=\"elementor-heading-title elementor-size-default\">Czanieckie Makarony Sp z o.o. is a family company founded in 1990 by W\u0142adys\u0142aw and Zbigniew Dyba\u0142. In our family business with traditions, it is just like in a real bustling kitchen - interesting and creative, but above all family - we create moments that over time become unforgettable memories to which we eagerly return.<\/p>\t\t\t\t<\/div>\n\t\t\t\t<\/div>\n\t\t\t\t\t<\/div>\n\t\t<\/div>\n\t\t\t\t\t<\/div>\n\t\t<\/section>\n\t\t\t\t<section class=\"elementor-section elementor-top-section elementor-element elementor-element-5c32ab0 elementor-section-boxed elementor-section-height-default elementor-section-height-default\" data-id=\"5c32ab0\" data-element_type=\"section\">\n\t\t\t\t\t\t<div class=\"elementor-container elementor-column-gap-default\">\n\t\t\t\t\t<div class=\"elementor-column elementor-col-100 elementor-top-column elementor-element elementor-element-992c784\" data-id=\"992c784\" data-element_type=\"column\">\n\t\t\t<div class=\"elementor-widget-wrap elementor-element-populated\">\n\t\t\t\t\t\t<div class=\"elementor-element elementor-element-768b4e9 elementor-invisible elementor-widget elementor-widget-image\" data-id=\"768b4e9\" data-element_type=\"widget\" data-settings=\"{&quot;_animation&quot;:&quot;fadeInUp&quot;}\" data-widget_type=\"image.default\">\n\t\t\t\t<div class=\"elementor-widget-container\">\n\t\t\t\t\t\t\t\t\t\t\t\t\t\t\t<img fetchpriority=\"high\" decoding=\"async\" width=\"1700\" height=\"220\" src=\"https:\/\/czaniecki.pl\/wp-content\/uploads\/2021\/10\/logo_historia_czanieckie_hd.jpg\" class=\"attachment-full size-full wp-image-2108\" alt=\"Evolution of Czanieckie Makarony logo\" srcset=\"https:\/\/czaniecki.pl\/wp-content\/uploads\/2021\/10\/logo_historia_czanieckie_hd.jpg 1700w, https:\/\/czaniecki.pl\/wp-content\/uploads\/2021\/10\/logo_historia_czanieckie_hd-300x39.jpg 300w, https:\/\/czaniecki.pl\/wp-content\/uploads\/2021\/10\/logo_historia_czanieckie_hd-1024x133.jpg 1024w, https:\/\/czaniecki.pl\/wp-content\/uploads\/2021\/10\/logo_historia_czanieckie_hd-768x99.jpg 768w, https:\/\/czaniecki.pl\/wp-content\/uploads\/2021\/10\/logo_historia_czanieckie_hd-1536x199.jpg 1536w\" sizes=\"(max-width: 1700px) 100vw, 1700px\" \/>\t\t\t\t\t\t\t\t\t\t\t\t\t\t\t<\/div>\n\t\t\t\t<\/div>\n\t\t\t\t\t<\/div>\n\t\t<\/div>\n\t\t\t\t\t<\/div>\n\t\t<\/section>\n\t\t\t\t<section class=\"elementor-section elementor-top-section elementor-element elementor-element-42fd42b elementor-section-content-middle elementor-section-boxed elementor-section-height-default elementor-section-height-default\" data-id=\"42fd42b\" data-element_type=\"section\">\n\t\t\t\t\t\t<div class=\"elementor-container elementor-column-gap-default\">\n\t\t\t\t\t<div class=\"elementor-column elementor-col-50 elementor-top-column elementor-element elementor-element-79d8c8a\" data-id=\"79d8c8a\" data-element_type=\"column\">\n\t\t\t<div class=\"elementor-widget-wrap elementor-element-populated\">\n\t\t\t\t\t\t<div class=\"elementor-element elementor-element-38f6b7e elementor-widget elementor-widget-image\" data-id=\"38f6b7e\" data-element_type=\"widget\" data-widget_type=\"image.default\">\n\t\t\t\t<div class=\"elementor-widget-container\">\n\t\t\t\t\t\t\t\t\t\t\t\t\t\t\t<img decoding=\"async\" width=\"800\" height=\"571\" src=\"https:\/\/czaniecki.pl\/wp-content\/uploads\/2021\/10\/CMM_0018@0.5x-1024x731.png\" class=\"attachment-large size-large wp-image-2109\" alt=\"Czaniecki Pasta\" srcset=\"https:\/\/czaniecki.pl\/wp-content\/uploads\/2021\/10\/CMM_0018@0.5x-1024x731.png 1024w, https:\/\/czaniecki.pl\/wp-content\/uploads\/2021\/10\/CMM_0018@0.5x-300x214.png 300w, https:\/\/czaniecki.pl\/wp-content\/uploads\/2021\/10\/CMM_0018@0.5x-768x548.png 768w, https:\/\/czaniecki.pl\/wp-content\/uploads\/2021\/10\/CMM_0018@0.5x-1536x1097.png 1536w, https:\/\/czaniecki.pl\/wp-content\/uploads\/2021\/10\/CMM_0018@0.5x.png 1700w\" sizes=\"(max-width: 800px) 100vw, 800px\" \/>\t\t\t\t\t\t\t\t\t\t\t\t\t\t\t<\/div>\n\t\t\t\t<\/div>\n\t\t\t\t\t<\/div>\n\t\t<\/div>\n\t\t\t\t<div class=\"elementor-column elementor-col-50 elementor-top-column elementor-element elementor-element-f95c02c\" data-id=\"f95c02c\" data-element_type=\"column\" data-settings=\"{&quot;background_background&quot;:&quot;classic&quot;}\">\n\t\t\t<div class=\"elementor-widget-wrap elementor-element-populated\">\n\t\t\t\t\t\t<div class=\"elementor-element elementor-element-efa4192 elementor-widget elementor-widget-text-editor\" data-id=\"efa4192\" data-element_type=\"widget\" data-widget_type=\"text-editor.default\">\n\t\t\t\t<div class=\"elementor-widget-container\">\n\t\t\t\t\t\t\t\t\t<p>Family members have worked in the company from the very beginning. Over time, the company grew more and more. <strong>We currently employ over 250 people.<\/strong> There is already the third generation on the company&#8217;s management board. Our pasta is available almost all over Poland and abroad &#8211; <strong>Great Britain, the United States.<\/strong><\/p><p>From the family kitchen, we have gained respect, as well as admiration and passion for the true taste and abundance that nature serves us. That is why we focus on local ingredients that we use to create our unique products for you. We believe that there are truly natural, healthy products available in Poland. That is why we appreciate our local market and its wealth. From the beginning of the Polish company Czaniecki, we have been inspired by the Polish tradition and flavors that our ancestors never lacked.<\/p><p> <\/p>\t\t\t\t\t\t\t\t<\/div>\n\t\t\t\t<\/div>\n\t\t\t\t\t<\/div>\n\t\t<\/div>\n\t\t\t\t\t<\/div>\n\t\t<\/section>\n\t\t\t\t<section class=\"elementor-section elementor-top-section elementor-element elementor-element-ca2c9bc elementor-section-boxed elementor-section-height-default elementor-section-height-default\" data-id=\"ca2c9bc\" data-element_type=\"section\">\n\t\t\t\t\t\t<div class=\"elementor-container elementor-column-gap-default\">\n\t\t\t\t\t<div class=\"elementor-column elementor-col-50 elementor-top-column elementor-element elementor-element-8bb2d9e\" data-id=\"8bb2d9e\" data-element_type=\"column\">\n\t\t\t<div class=\"elementor-widget-wrap\">\n\t\t\t\t\t\t\t<\/div>\n\t\t<\/div>\n\t\t\t\t<div class=\"elementor-column elementor-col-50 elementor-top-column elementor-element elementor-element-0454a91\" data-id=\"0454a91\" data-element_type=\"column\">\n\t\t\t<div class=\"elementor-widget-wrap elementor-element-populated\">\n\t\t\t\t\t\t<div class=\"elementor-element elementor-element-586f0a4 elementor-widget elementor-widget-image\" data-id=\"586f0a4\" data-element_type=\"widget\" data-settings=\"{&quot;motion_fx_motion_fx_scrolling&quot;:&quot;yes&quot;,&quot;motion_fx_translateY_effect&quot;:&quot;yes&quot;,&quot;motion_fx_translateY_speed&quot;:{&quot;unit&quot;:&quot;px&quot;,&quot;size&quot;:1.2,&quot;sizes&quot;:[]},&quot;motion_fx_translateY_affectedRange&quot;:{&quot;unit&quot;:&quot;%&quot;,&quot;size&quot;:&quot;&quot;,&quot;sizes&quot;:{&quot;start&quot;:0,&quot;end&quot;:100}},&quot;motion_fx_devices&quot;:[&quot;desktop&quot;,&quot;tablet&quot;,&quot;mobile&quot;]}\" data-widget_type=\"image.default\">\n\t\t\t\t<div class=\"elementor-widget-container\">\n\t\t\t\t\t\t\t\t\t\t\t\t\t\t\t<img decoding=\"async\" width=\"800\" height=\"571\" src=\"https:\/\/czaniecki.pl\/wp-content\/uploads\/2021\/09\/makaron_3@0.5x.png\" class=\"attachment-large size-large wp-image-2100\" alt=\"\" srcset=\"https:\/\/czaniecki.pl\/wp-content\/uploads\/2021\/09\/makaron_3@0.5x.png 801w, https:\/\/czaniecki.pl\/wp-content\/uploads\/2021\/09\/makaron_3@0.5x-300x214.png 300w, https:\/\/czaniecki.pl\/wp-content\/uploads\/2021\/09\/makaron_3@0.5x-768x548.png 768w\" sizes=\"(max-width: 800px) 100vw, 800px\" \/>\t\t\t\t\t\t\t\t\t\t\t\t\t\t\t<\/div>\n\t\t\t\t<\/div>\n\t\t\t\t\t<\/div>\n\t\t<\/div>\n\t\t\t\t\t<\/div>\n\t\t<\/section>\n\t\t\t\t<\/div>\n\t\t","protected":false},"excerpt":{"rendered":"<p>Who We Are Czanieckie Makarony Sp z o.o. is a family company founded in 1990 by W\u0142adys\u0142aw and Zbigniew Dyba\u0142. In our family business with traditions, it is just like in a real bustling kitchen &#8211; interesting and creative, but above all family &#8211; we create moments that over time become unforgettable memories to which [&hellip;]<\/p>\n","protected":false},"author":1,"featured_media":2127,"parent":0,"menu_order":0,"comment_status":"closed","ping_status":"closed","template":"elementor_header_footer","meta":{"_acf_changed":false,"footnotes":""},"class_list":["post-2239","page","type-page","status-publish","has-post-thumbnail","hentry"],"acf":[],"yoast_head":"<!-- This site is optimized with the Yoast SEO plugin v26.4 - https:\/\/yoast.com\/wordpress\/plugins\/seo\/ -->\n<title>Who We are - Czanieckie Makarony<\/title>\n<meta name=\"robots\" content=\"index, follow, max-snippet:-1, max-image-preview:large, max-video-preview:-1\" \/>\n<link rel=\"canonical\" href=\"https:\/\/czaniecki.pl\/en\/who-we-are\/\" \/>\n<meta property=\"og:locale\" content=\"en_US\" \/>\n<meta property=\"og:type\" content=\"article\" \/>\n<meta property=\"og:title\" content=\"Who We are - Czanieckie Makarony\" \/>\n<meta property=\"og:description\" content=\"Who We Are Czanieckie Makarony Sp z o.o. is a family company founded in 1990 by W\u0142adys\u0142aw and Zbigniew Dyba\u0142. In our family business with traditions, it is just like in a real bustling kitchen &#8211; interesting and creative, but above all family &#8211; we create moments that over time become unforgettable memories to which [&hellip;]\" \/>\n<meta property=\"og:url\" content=\"https:\/\/czaniecki.pl\/en\/who-we-are\/\" \/>\n<meta property=\"og:site_name\" content=\"Czanieckie Makarony\" \/>\n<meta property=\"article:modified_time\" content=\"2022-02-02T15:02:05+00:00\" \/>\n<meta property=\"og:image\" content=\"http:\/\/serwer111560.lh.pl\/czanieckie2021\/wp-content\/uploads\/2021\/10\/logo_historia_czanieckie_hd.jpg\" \/>\n<meta name=\"twitter:card\" content=\"summary_large_image\" \/>\n<meta name=\"twitter:label1\" content=\"Est. reading time\" \/>\n\t<meta name=\"twitter:data1\" content=\"1 minute\" \/>\n<script type=\"application\/ld+json\" class=\"yoast-schema-graph\">{\"@context\":\"https:\/\/schema.org\",\"@graph\":[{\"@type\":\"WebPage\",\"@id\":\"https:\/\/czaniecki.pl\/en\/who-we-are\/\",\"url\":\"https:\/\/czaniecki.pl\/en\/who-we-are\/\",\"name\":\"Who We are - Czanieckie Makarony\",\"isPartOf\":{\"@id\":\"https:\/\/czaniecki.pl\/#website\"},\"primaryImageOfPage\":{\"@id\":\"https:\/\/czaniecki.pl\/en\/who-we-are\/#primaryimage\"},\"image\":{\"@id\":\"https:\/\/czaniecki.pl\/en\/who-we-are\/#primaryimage\"},\"thumbnailUrl\":\"https:\/\/czaniecki.pl\/wp-content\/uploads\/2017\/11\/aktu8.jpeg\",\"datePublished\":\"2021-10-01T05:14:41+00:00\",\"dateModified\":\"2022-02-02T15:02:05+00:00\",\"breadcrumb\":{\"@id\":\"https:\/\/czaniecki.pl\/en\/who-we-are\/#breadcrumb\"},\"inLanguage\":\"en-US\",\"potentialAction\":[{\"@type\":\"ReadAction\",\"target\":[\"https:\/\/czaniecki.pl\/en\/who-we-are\/\"]}]},{\"@type\":\"ImageObject\",\"inLanguage\":\"en-US\",\"@id\":\"https:\/\/czaniecki.pl\/en\/who-we-are\/#primaryimage\",\"url\":\"https:\/\/czaniecki.pl\/wp-content\/uploads\/2017\/11\/aktu8.jpeg\",\"contentUrl\":\"https:\/\/czaniecki.pl\/wp-content\/uploads\/2017\/11\/aktu8.jpeg\",\"width\":778,\"height\":519},{\"@type\":\"BreadcrumbList\",\"@id\":\"https:\/\/czaniecki.pl\/en\/who-we-are\/#breadcrumb\",\"itemListElement\":[{\"@type\":\"ListItem\",\"position\":1,\"name\":\"Strona g\u0142\u00f3wna\",\"item\":\"https:\/\/czaniecki.pl\/\"},{\"@type\":\"ListItem\",\"position\":2,\"name\":\"Who We are\"}]},{\"@type\":\"WebSite\",\"@id\":\"https:\/\/czaniecki.pl\/#website\",\"url\":\"https:\/\/czaniecki.pl\/\",\"name\":\"Czanieckie Makarony\",\"description\":\"25 lat tradycji i niemal 40 rodzaj\u00f3w makaron\u00f3w! Od kultowej krajanki po te, inspirowane kuchniami \u015bwiata. Czaniecki, tu zaczyna si\u0119 smak!\",\"publisher\":{\"@id\":\"https:\/\/czaniecki.pl\/#organization\"},\"potentialAction\":[{\"@type\":\"SearchAction\",\"target\":{\"@type\":\"EntryPoint\",\"urlTemplate\":\"https:\/\/czaniecki.pl\/?s={search_term_string}\"},\"query-input\":{\"@type\":\"PropertyValueSpecification\",\"valueRequired\":true,\"valueName\":\"search_term_string\"}}],\"inLanguage\":\"en-US\"},{\"@type\":\"Organization\",\"@id\":\"https:\/\/czaniecki.pl\/#organization\",\"name\":\"Czanieckie Makarony\",\"url\":\"https:\/\/czaniecki.pl\/\",\"logo\":{\"@type\":\"ImageObject\",\"inLanguage\":\"en-US\",\"@id\":\"https:\/\/czaniecki.pl\/#\/schema\/logo\/image\/\",\"url\":\"https:\/\/czaniecki.pl\/wp-content\/uploads\/2021\/09\/cropped-image-branding-logo-1.png\",\"contentUrl\":\"https:\/\/czaniecki.pl\/wp-content\/uploads\/2021\/09\/cropped-image-branding-logo-1.png\",\"width\":181,\"height\":239,\"caption\":\"Czanieckie Makarony\"},\"image\":{\"@id\":\"https:\/\/czaniecki.pl\/#\/schema\/logo\/image\/\"}}]}<\/script>\n<!-- \/ Yoast SEO plugin. -->","yoast_head_json":{"title":"Who We are - Czanieckie Makarony","robots":{"index":"index","follow":"follow","max-snippet":"max-snippet:-1","max-image-preview":"max-image-preview:large","max-video-preview":"max-video-preview:-1"},"canonical":"https:\/\/czaniecki.pl\/en\/who-we-are\/","og_locale":"en_US","og_type":"article","og_title":"Who We are - Czanieckie Makarony","og_description":"Who We Are Czanieckie Makarony Sp z o.o. is a family company founded in 1990 by W\u0142adys\u0142aw and Zbigniew Dyba\u0142. In our family business with traditions, it is just like in a real bustling kitchen &#8211; interesting and creative, but above all family &#8211; we create moments that over time become unforgettable memories to which [&hellip;]","og_url":"https:\/\/czaniecki.pl\/en\/who-we-are\/","og_site_name":"Czanieckie Makarony","article_modified_time":"2022-02-02T15:02:05+00:00","og_image":[{"url":"http:\/\/serwer111560.lh.pl\/czanieckie2021\/wp-content\/uploads\/2021\/10\/logo_historia_czanieckie_hd.jpg","type":"","width":"","height":""}],"twitter_card":"summary_large_image","twitter_misc":{"Est. reading time":"1 minute"},"schema":{"@context":"https:\/\/schema.org","@graph":[{"@type":"WebPage","@id":"https:\/\/czaniecki.pl\/en\/who-we-are\/","url":"https:\/\/czaniecki.pl\/en\/who-we-are\/","name":"Who We are - Czanieckie Makarony","isPartOf":{"@id":"https:\/\/czaniecki.pl\/#website"},"primaryImageOfPage":{"@id":"https:\/\/czaniecki.pl\/en\/who-we-are\/#primaryimage"},"image":{"@id":"https:\/\/czaniecki.pl\/en\/who-we-are\/#primaryimage"},"thumbnailUrl":"https:\/\/czaniecki.pl\/wp-content\/uploads\/2017\/11\/aktu8.jpeg","datePublished":"2021-10-01T05:14:41+00:00","dateModified":"2022-02-02T15:02:05+00:00","breadcrumb":{"@id":"https:\/\/czaniecki.pl\/en\/who-we-are\/#breadcrumb"},"inLanguage":"en-US","potentialAction":[{"@type":"ReadAction","target":["https:\/\/czaniecki.pl\/en\/who-we-are\/"]}]},{"@type":"ImageObject","inLanguage":"en-US","@id":"https:\/\/czaniecki.pl\/en\/who-we-are\/#primaryimage","url":"https:\/\/czaniecki.pl\/wp-content\/uploads\/2017\/11\/aktu8.jpeg","contentUrl":"https:\/\/czaniecki.pl\/wp-content\/uploads\/2017\/11\/aktu8.jpeg","width":778,"height":519},{"@type":"BreadcrumbList","@id":"https:\/\/czaniecki.pl\/en\/who-we-are\/#breadcrumb","itemListElement":[{"@type":"ListItem","position":1,"name":"Strona g\u0142\u00f3wna","item":"https:\/\/czaniecki.pl\/"},{"@type":"ListItem","position":2,"name":"Who We are"}]},{"@type":"WebSite","@id":"https:\/\/czaniecki.pl\/#website","url":"https:\/\/czaniecki.pl\/","name":"Czanieckie Makarony","description":"25 lat tradycji i niemal 40 rodzaj\u00f3w makaron\u00f3w! Od kultowej krajanki po te, inspirowane kuchniami \u015bwiata. Czaniecki, tu zaczyna si\u0119 smak!","publisher":{"@id":"https:\/\/czaniecki.pl\/#organization"},"potentialAction":[{"@type":"SearchAction","target":{"@type":"EntryPoint","urlTemplate":"https:\/\/czaniecki.pl\/?s={search_term_string}"},"query-input":{"@type":"PropertyValueSpecification","valueRequired":true,"valueName":"search_term_string"}}],"inLanguage":"en-US"},{"@type":"Organization","@id":"https:\/\/czaniecki.pl\/#organization","name":"Czanieckie Makarony","url":"https:\/\/czaniecki.pl\/","logo":{"@type":"ImageObject","inLanguage":"en-US","@id":"https:\/\/czaniecki.pl\/#\/schema\/logo\/image\/","url":"https:\/\/czaniecki.pl\/wp-content\/uploads\/2021\/09\/cropped-image-branding-logo-1.png","contentUrl":"https:\/\/czaniecki.pl\/wp-content\/uploads\/2021\/09\/cropped-image-branding-logo-1.png","width":181,"height":239,"caption":"Czanieckie Makarony"},"image":{"@id":"https:\/\/czaniecki.pl\/#\/schema\/logo\/image\/"}}]}},"_links":{"self":[{"href":"https:\/\/czaniecki.pl\/en\/wp-json\/wp\/v2\/pages\/2239","targetHints":{"allow":["GET"]}}],"collection":[{"href":"https:\/\/czaniecki.pl\/en\/wp-json\/wp\/v2\/pages"}],"about":[{"href":"https:\/\/czaniecki.pl\/en\/wp-json\/wp\/v2\/types\/page"}],"author":[{"embeddable":true,"href":"https:\/\/czaniecki.pl\/en\/wp-json\/wp\/v2\/users\/1"}],"replies":[{"embeddable":true,"href":"https:\/\/czaniecki.pl\/en\/wp-json\/wp\/v2\/comments?post=2239"}],"version-history":[{"count":1,"href":"https:\/\/czaniecki.pl\/en\/wp-json\/wp\/v2\/pages\/2239\/revisions"}],"predecessor-version":[{"id":2240,"href":"https:\/\/czaniecki.pl\/en\/wp-json\/wp\/v2\/pages\/2239\/revisions\/2240"}],"wp:featuredmedia":[{"embeddable":true,"href":"https:\/\/czaniecki.pl\/en\/wp-json\/wp\/v2\/media\/2127"}],"wp:attachment":[{"href":"https:\/\/czaniecki.pl\/en\/wp-json\/wp\/v2\/media?parent=2239"}],"curies":[{"name":"wp","href":"https:\/\/api.w.org\/{rel}","templated":true}]}}