{"id":2241,"date":"2021-10-01T07:15:00","date_gmt":"2021-10-01T05:15:00","guid":{"rendered":"http:\/\/serwer111560.lh.pl\/czanieckie2021\/why-pasta\/"},"modified":"2023-02-13T14:48:07","modified_gmt":"2023-02-13T13:48:07","slug":"why-pasta","status":"publish","type":"page","link":"https:\/\/czaniecki.pl\/en\/why-pasta\/","title":{"rendered":"Why Pasta?"},"content":{"rendered":"\t\t<div data-elementor-type=\"wp-page\" data-elementor-id=\"2241\" class=\"elementor elementor-2241 elementor-618\" data-elementor-post-type=\"page\">\n\t\t\t\t\t\t<section class=\"elementor-section elementor-inner-section elementor-element elementor-element-26a37770 elementor-section-boxed elementor-section-height-default elementor-section-height-default\" data-id=\"26a37770\" data-element_type=\"section\" data-settings=\"{&quot;background_background&quot;:&quot;classic&quot;}\">\n\t\t\t\t\t\t<div class=\"elementor-container elementor-column-gap-default\">\n\t\t\t\t\t<div class=\"elementor-column elementor-col-50 elementor-inner-column elementor-element elementor-element-14686445\" data-id=\"14686445\" data-element_type=\"column\">\n\t\t\t<div class=\"elementor-widget-wrap\">\n\t\t\t\t\t\t\t<\/div>\n\t\t<\/div>\n\t\t\t\t<div class=\"elementor-column elementor-col-50 elementor-inner-column elementor-element elementor-element-27f097f9\" data-id=\"27f097f9\" data-element_type=\"column\">\n\t\t\t<div class=\"elementor-widget-wrap elementor-element-populated\">\n\t\t\t\t\t\t<div class=\"elementor-element elementor-element-5cd0ec9d elementor-widget elementor-widget-heading\" data-id=\"5cd0ec9d\" data-element_type=\"widget\" data-widget_type=\"heading.default\">\n\t\t\t\t<div class=\"elementor-widget-container\">\n\t\t\t\t\t<h1 class=\"elementor-heading-title elementor-size-default\">Why Pasta<\/h1>\t\t\t\t<\/div>\n\t\t\t\t<\/div>\n\t\t\t\t<div class=\"elementor-element elementor-element-5c0e3039 elementor-widget-divider--view-line elementor-widget elementor-widget-divider\" data-id=\"5c0e3039\" data-element_type=\"widget\" data-widget_type=\"divider.default\">\n\t\t\t\t<div class=\"elementor-widget-container\">\n\t\t\t\t\t\t\t<div class=\"elementor-divider\">\n\t\t\t<span class=\"elementor-divider-separator\">\n\t\t\t\t\t\t<\/span>\n\t\t<\/div>\n\t\t\t\t\t\t<\/div>\n\t\t\t\t<\/div>\n\t\t\t\t<div class=\"elementor-element elementor-element-47089e90 elementor-widget elementor-widget-heading\" data-id=\"47089e90\" data-element_type=\"widget\" data-widget_type=\"heading.default\">\n\t\t\t\t<div class=\"elementor-widget-container\">\n\t\t\t\t\t<h2 class=\"elementor-heading-title elementor-size-default\">We have been familiar with the production of pasta for over 30 years. We approach the creation of our unique products with all diligence and heart. We are looking for new connections, we extract the unknown from the known. We pay attention to the smallest details so that the effect of the taste and smell of our delicious pastas will appeal to the greatest gourmets and culinary experts.\n<\/h2>\t\t\t\t<\/div>\n\t\t\t\t<\/div>\n\t\t\t\t\t<\/div>\n\t\t<\/div>\n\t\t\t\t\t<\/div>\n\t\t<\/section>\n\t\t\t\t<section class=\"elementor-section elementor-top-section elementor-element elementor-element-3977c729 elementor-section-content-middle elementor-section-boxed elementor-section-height-default elementor-section-height-default\" data-id=\"3977c729\" data-element_type=\"section\">\n\t\t\t\t\t\t<div class=\"elementor-container elementor-column-gap-default\">\n\t\t\t\t\t<div class=\"elementor-column elementor-col-50 elementor-top-column elementor-element elementor-element-15806f9e\" data-id=\"15806f9e\" data-element_type=\"column\">\n\t\t\t<div class=\"elementor-widget-wrap elementor-element-populated\">\n\t\t\t\t\t\t<div class=\"elementor-element elementor-element-21ef8f84 elementor-widget elementor-widget-image\" data-id=\"21ef8f84\" data-element_type=\"widget\" data-widget_type=\"image.default\">\n\t\t\t\t<div class=\"elementor-widget-container\">\n\t\t\t\t\t\t\t\t\t\t\t\t\t\t\t<img fetchpriority=\"high\" decoding=\"async\" width=\"800\" height=\"571\" src=\"https:\/\/czaniecki.pl\/wp-content\/uploads\/2021\/10\/krajanka@0.5x.png\" class=\"attachment-large size-large wp-image-2110\" alt=\"Makaron Czaniecki Pasta\" srcset=\"https:\/\/czaniecki.pl\/wp-content\/uploads\/2021\/10\/krajanka@0.5x.png 1000w, https:\/\/czaniecki.pl\/wp-content\/uploads\/2021\/10\/krajanka@0.5x-300x214.png 300w, https:\/\/czaniecki.pl\/wp-content\/uploads\/2021\/10\/krajanka@0.5x-768x548.png 768w\" sizes=\"(max-width: 800px) 100vw, 800px\" \/>\t\t\t\t\t\t\t\t\t\t\t\t\t\t\t<\/div>\n\t\t\t\t<\/div>\n\t\t\t\t\t<\/div>\n\t\t<\/div>\n\t\t\t\t<div class=\"elementor-column elementor-col-50 elementor-top-column elementor-element elementor-element-2d1504f2\" data-id=\"2d1504f2\" data-element_type=\"column\" data-settings=\"{&quot;background_background&quot;:&quot;classic&quot;}\">\n\t\t\t<div class=\"elementor-widget-wrap elementor-element-populated\">\n\t\t\t\t\t\t<div class=\"elementor-element elementor-element-757d6551 elementor-widget elementor-widget-text-editor\" data-id=\"757d6551\" data-element_type=\"widget\" data-widget_type=\"text-editor.default\">\n\t\t\t\t<div class=\"elementor-widget-container\">\n\t\t\t\t\t\t\t\t\t<p>When <strong>W\u0142adys\u0142aw Dyba\u0142 <\/strong>came up with the idea to make pasta, he wanted to make Sunday lunch easier for families &#8211; <strong>this is how the Linguine, our flagship product, were created.<\/strong><\/p>\n<p>We continue his work by providing you with the best pasta that you can use for many dishes every day.<\/p>\n<p>Taste <strong>Czanieckie Makarony<\/strong> with all your senses. <\/p>\n\t\t\t\t\t\t\t\t<\/div>\n\t\t\t\t<\/div>\n\t\t\t\t\t<\/div>\n\t\t<\/div>\n\t\t\t\t\t<\/div>\n\t\t<\/section>\n\t\t\t\t<section class=\"elementor-section elementor-top-section elementor-element elementor-element-fe644c3 elementor-section-boxed elementor-section-height-default elementor-section-height-default\" data-id=\"fe644c3\" data-element_type=\"section\">\n\t\t\t\t\t\t<div class=\"elementor-container elementor-column-gap-default\">\n\t\t\t\t\t<div class=\"elementor-column elementor-col-33 elementor-top-column elementor-element elementor-element-fff6a65\" data-id=\"fff6a65\" data-element_type=\"column\">\n\t\t\t<div class=\"elementor-widget-wrap elementor-element-populated\">\n\t\t\t\t\t\t<div class=\"elementor-element elementor-element-8e07e2f elementor-widget elementor-widget-image\" data-id=\"8e07e2f\" data-element_type=\"widget\" data-settings=\"{&quot;motion_fx_motion_fx_scrolling&quot;:&quot;yes&quot;,&quot;motion_fx_translateY_effect&quot;:&quot;yes&quot;,&quot;motion_fx_translateY_speed&quot;:{&quot;unit&quot;:&quot;px&quot;,&quot;size&quot;:1.5,&quot;sizes&quot;:[]},&quot;motion_fx_rotateZ_effect&quot;:&quot;yes&quot;,&quot;motion_fx_translateY_affectedRange&quot;:{&quot;unit&quot;:&quot;%&quot;,&quot;size&quot;:&quot;&quot;,&quot;sizes&quot;:{&quot;start&quot;:0,&quot;end&quot;:100}},&quot;motion_fx_rotateZ_speed&quot;:{&quot;unit&quot;:&quot;px&quot;,&quot;size&quot;:1,&quot;sizes&quot;:[]},&quot;motion_fx_rotateZ_affectedRange&quot;:{&quot;unit&quot;:&quot;%&quot;,&quot;size&quot;:&quot;&quot;,&quot;sizes&quot;:{&quot;start&quot;:0,&quot;end&quot;:100}},&quot;motion_fx_devices&quot;:[&quot;desktop&quot;,&quot;tablet&quot;,&quot;mobile&quot;]}\" data-widget_type=\"image.default\">\n\t\t\t\t<div class=\"elementor-widget-container\">\n\t\t\t\t\t\t\t\t\t\t\t\t\t\t\t<img decoding=\"async\" width=\"800\" height=\"566\" src=\"https:\/\/czaniecki.pl\/wp-content\/uploads\/2021\/10\/muszelka@0.5x-1024x724.png\" class=\"attachment-large size-large wp-image-2112\" alt=\"Makaron Czaniecki Shell\" srcset=\"https:\/\/czaniecki.pl\/wp-content\/uploads\/2021\/10\/muszelka@0.5x-1024x724.png 1024w, https:\/\/czaniecki.pl\/wp-content\/uploads\/2021\/10\/muszelka@0.5x-300x212.png 300w, https:\/\/czaniecki.pl\/wp-content\/uploads\/2021\/10\/muszelka@0.5x-768x543.png 768w, https:\/\/czaniecki.pl\/wp-content\/uploads\/2021\/10\/muszelka@0.5x.png 1293w\" sizes=\"(max-width: 800px) 100vw, 800px\" \/>\t\t\t\t\t\t\t\t\t\t\t\t\t\t\t<\/div>\n\t\t\t\t<\/div>\n\t\t\t\t\t<\/div>\n\t\t<\/div>\n\t\t\t\t<div class=\"elementor-column elementor-col-33 elementor-top-column elementor-element elementor-element-e0e5eaa\" data-id=\"e0e5eaa\" data-element_type=\"column\">\n\t\t\t<div class=\"elementor-widget-wrap\">\n\t\t\t\t\t\t\t<\/div>\n\t\t<\/div>\n\t\t\t\t<div class=\"elementor-column elementor-col-33 elementor-top-column elementor-element elementor-element-cb30a98\" data-id=\"cb30a98\" data-element_type=\"column\">\n\t\t\t<div class=\"elementor-widget-wrap elementor-element-populated\">\n\t\t\t\t\t\t<div class=\"elementor-element elementor-element-2dc0aa9 elementor-widget elementor-widget-image\" data-id=\"2dc0aa9\" data-element_type=\"widget\" data-settings=\"{&quot;motion_fx_motion_fx_scrolling&quot;:&quot;yes&quot;,&quot;motion_fx_translateX_effect&quot;:&quot;yes&quot;,&quot;motion_fx_translateX_speed&quot;:{&quot;unit&quot;:&quot;px&quot;,&quot;size&quot;:1.6,&quot;sizes&quot;:[]},&quot;motion_fx_devices&quot;:[&quot;desktop&quot;,&quot;tablet&quot;],&quot;motion_fx_translateX_affectedRange&quot;:{&quot;unit&quot;:&quot;%&quot;,&quot;size&quot;:&quot;&quot;,&quot;sizes&quot;:{&quot;start&quot;:0,&quot;end&quot;:100}}}\" data-widget_type=\"image.default\">\n\t\t\t\t<div class=\"elementor-widget-container\">\n\t\t\t\t\t\t\t\t\t\t\t\t\t\t\t<img decoding=\"async\" width=\"800\" height=\"571\" src=\"https:\/\/czaniecki.pl\/wp-content\/uploads\/2021\/10\/wstazka@0.5x.png\" class=\"attachment-large size-large wp-image-2111\" alt=\"\" srcset=\"https:\/\/czaniecki.pl\/wp-content\/uploads\/2021\/10\/wstazka@0.5x.png 1000w, https:\/\/czaniecki.pl\/wp-content\/uploads\/2021\/10\/wstazka@0.5x-300x214.png 300w, https:\/\/czaniecki.pl\/wp-content\/uploads\/2021\/10\/wstazka@0.5x-768x548.png 768w\" sizes=\"(max-width: 800px) 100vw, 800px\" \/>\t\t\t\t\t\t\t\t\t\t\t\t\t\t\t<\/div>\n\t\t\t\t<\/div>\n\t\t\t\t\t<\/div>\n\t\t<\/div>\n\t\t\t\t\t<\/div>\n\t\t<\/section>\n\t\t\t\t<\/div>\n\t\t","protected":false},"excerpt":{"rendered":"<p>Why Pasta We have been familiar with the production of pasta for over 30 years. We approach the creation of our unique products with all diligence and heart. We are looking for new connections, we extract the unknown from the known. We pay attention to the smallest details so that the effect of the taste [&hellip;]<\/p>\n","protected":false},"author":1,"featured_media":0,"parent":0,"menu_order":0,"comment_status":"closed","ping_status":"closed","template":"elementor_header_footer","meta":{"_acf_changed":false,"footnotes":""},"class_list":["post-2241","page","type-page","status-publish","hentry"],"acf":[],"yoast_head":"<!-- This site is optimized with the Yoast SEO plugin v26.4 - https:\/\/yoast.com\/wordpress\/plugins\/seo\/ -->\n<title>Why Pasta? - Czanieckie Makarony<\/title>\n<meta name=\"robots\" content=\"index, follow, max-snippet:-1, max-image-preview:large, max-video-preview:-1\" \/>\n<link rel=\"canonical\" href=\"https:\/\/czaniecki.pl\/en\/why-pasta\/\" \/>\n<meta property=\"og:locale\" content=\"en_US\" \/>\n<meta property=\"og:type\" content=\"article\" \/>\n<meta property=\"og:title\" content=\"Why Pasta? - Czanieckie Makarony\" \/>\n<meta property=\"og:description\" content=\"Why Pasta We have been familiar with the production of pasta for over 30 years. We approach the creation of our unique products with all diligence and heart. We are looking for new connections, we extract the unknown from the known. We pay attention to the smallest details so that the effect of the taste [&hellip;]\" \/>\n<meta property=\"og:url\" content=\"https:\/\/czaniecki.pl\/en\/why-pasta\/\" \/>\n<meta property=\"og:site_name\" content=\"Czanieckie Makarony\" \/>\n<meta property=\"article:modified_time\" content=\"2023-02-13T13:48:07+00:00\" \/>\n<meta property=\"og:image\" content=\"https:\/\/czaniecki.pl\/wp-content\/uploads\/2021\/10\/krajanka@0.5x.png\" \/>\n<meta name=\"twitter:card\" content=\"summary_large_image\" \/>\n<meta name=\"twitter:label1\" content=\"Est. reading time\" \/>\n\t<meta name=\"twitter:data1\" content=\"1 minute\" \/>\n<script type=\"application\/ld+json\" class=\"yoast-schema-graph\">{\"@context\":\"https:\/\/schema.org\",\"@graph\":[{\"@type\":\"WebPage\",\"@id\":\"https:\/\/czaniecki.pl\/en\/why-pasta\/\",\"url\":\"https:\/\/czaniecki.pl\/en\/why-pasta\/\",\"name\":\"Why Pasta? - Czanieckie Makarony\",\"isPartOf\":{\"@id\":\"https:\/\/czaniecki.pl\/#website\"},\"primaryImageOfPage\":{\"@id\":\"https:\/\/czaniecki.pl\/en\/why-pasta\/#primaryimage\"},\"image\":{\"@id\":\"https:\/\/czaniecki.pl\/en\/why-pasta\/#primaryimage\"},\"thumbnailUrl\":\"https:\/\/czaniecki.pl\/wp-content\/uploads\/2021\/10\/krajanka@0.5x.png\",\"datePublished\":\"2021-10-01T05:15:00+00:00\",\"dateModified\":\"2023-02-13T13:48:07+00:00\",\"breadcrumb\":{\"@id\":\"https:\/\/czaniecki.pl\/en\/why-pasta\/#breadcrumb\"},\"inLanguage\":\"en-US\",\"potentialAction\":[{\"@type\":\"ReadAction\",\"target\":[\"https:\/\/czaniecki.pl\/en\/why-pasta\/\"]}]},{\"@type\":\"ImageObject\",\"inLanguage\":\"en-US\",\"@id\":\"https:\/\/czaniecki.pl\/en\/why-pasta\/#primaryimage\",\"url\":\"https:\/\/czaniecki.pl\/wp-content\/uploads\/2021\/10\/krajanka@0.5x.png\",\"contentUrl\":\"https:\/\/czaniecki.pl\/wp-content\/uploads\/2021\/10\/krajanka@0.5x.png\"},{\"@type\":\"BreadcrumbList\",\"@id\":\"https:\/\/czaniecki.pl\/en\/why-pasta\/#breadcrumb\",\"itemListElement\":[{\"@type\":\"ListItem\",\"position\":1,\"name\":\"Strona g\u0142\u00f3wna\",\"item\":\"https:\/\/czaniecki.pl\/\"},{\"@type\":\"ListItem\",\"position\":2,\"name\":\"Why Pasta?\"}]},{\"@type\":\"WebSite\",\"@id\":\"https:\/\/czaniecki.pl\/#website\",\"url\":\"https:\/\/czaniecki.pl\/\",\"name\":\"Czanieckie Makarony\",\"description\":\"25 lat tradycji i niemal 40 rodzaj\u00f3w makaron\u00f3w! Od kultowej krajanki po te, inspirowane kuchniami \u015bwiata. Czaniecki, tu zaczyna si\u0119 smak!\",\"publisher\":{\"@id\":\"https:\/\/czaniecki.pl\/#organization\"},\"potentialAction\":[{\"@type\":\"SearchAction\",\"target\":{\"@type\":\"EntryPoint\",\"urlTemplate\":\"https:\/\/czaniecki.pl\/?s={search_term_string}\"},\"query-input\":{\"@type\":\"PropertyValueSpecification\",\"valueRequired\":true,\"valueName\":\"search_term_string\"}}],\"inLanguage\":\"en-US\"},{\"@type\":\"Organization\",\"@id\":\"https:\/\/czaniecki.pl\/#organization\",\"name\":\"Czanieckie Makarony\",\"url\":\"https:\/\/czaniecki.pl\/\",\"logo\":{\"@type\":\"ImageObject\",\"inLanguage\":\"en-US\",\"@id\":\"https:\/\/czaniecki.pl\/#\/schema\/logo\/image\/\",\"url\":\"https:\/\/czaniecki.pl\/wp-content\/uploads\/2021\/09\/cropped-image-branding-logo-1.png\",\"contentUrl\":\"https:\/\/czaniecki.pl\/wp-content\/uploads\/2021\/09\/cropped-image-branding-logo-1.png\",\"width\":181,\"height\":239,\"caption\":\"Czanieckie Makarony\"},\"image\":{\"@id\":\"https:\/\/czaniecki.pl\/#\/schema\/logo\/image\/\"}}]}<\/script>\n<!-- \/ Yoast SEO plugin. -->","yoast_head_json":{"title":"Why Pasta? - Czanieckie Makarony","robots":{"index":"index","follow":"follow","max-snippet":"max-snippet:-1","max-image-preview":"max-image-preview:large","max-video-preview":"max-video-preview:-1"},"canonical":"https:\/\/czaniecki.pl\/en\/why-pasta\/","og_locale":"en_US","og_type":"article","og_title":"Why Pasta? - Czanieckie Makarony","og_description":"Why Pasta We have been familiar with the production of pasta for over 30 years. We approach the creation of our unique products with all diligence and heart. We are looking for new connections, we extract the unknown from the known. We pay attention to the smallest details so that the effect of the taste [&hellip;]","og_url":"https:\/\/czaniecki.pl\/en\/why-pasta\/","og_site_name":"Czanieckie Makarony","article_modified_time":"2023-02-13T13:48:07+00:00","og_image":[{"url":"https:\/\/czaniecki.pl\/wp-content\/uploads\/2021\/10\/krajanka@0.5x.png","type":"","width":"","height":""}],"twitter_card":"summary_large_image","twitter_misc":{"Est. reading time":"1 minute"},"schema":{"@context":"https:\/\/schema.org","@graph":[{"@type":"WebPage","@id":"https:\/\/czaniecki.pl\/en\/why-pasta\/","url":"https:\/\/czaniecki.pl\/en\/why-pasta\/","name":"Why Pasta? - Czanieckie Makarony","isPartOf":{"@id":"https:\/\/czaniecki.pl\/#website"},"primaryImageOfPage":{"@id":"https:\/\/czaniecki.pl\/en\/why-pasta\/#primaryimage"},"image":{"@id":"https:\/\/czaniecki.pl\/en\/why-pasta\/#primaryimage"},"thumbnailUrl":"https:\/\/czaniecki.pl\/wp-content\/uploads\/2021\/10\/krajanka@0.5x.png","datePublished":"2021-10-01T05:15:00+00:00","dateModified":"2023-02-13T13:48:07+00:00","breadcrumb":{"@id":"https:\/\/czaniecki.pl\/en\/why-pasta\/#breadcrumb"},"inLanguage":"en-US","potentialAction":[{"@type":"ReadAction","target":["https:\/\/czaniecki.pl\/en\/why-pasta\/"]}]},{"@type":"ImageObject","inLanguage":"en-US","@id":"https:\/\/czaniecki.pl\/en\/why-pasta\/#primaryimage","url":"https:\/\/czaniecki.pl\/wp-content\/uploads\/2021\/10\/krajanka@0.5x.png","contentUrl":"https:\/\/czaniecki.pl\/wp-content\/uploads\/2021\/10\/krajanka@0.5x.png"},{"@type":"BreadcrumbList","@id":"https:\/\/czaniecki.pl\/en\/why-pasta\/#breadcrumb","itemListElement":[{"@type":"ListItem","position":1,"name":"Strona g\u0142\u00f3wna","item":"https:\/\/czaniecki.pl\/"},{"@type":"ListItem","position":2,"name":"Why Pasta?"}]},{"@type":"WebSite","@id":"https:\/\/czaniecki.pl\/#website","url":"https:\/\/czaniecki.pl\/","name":"Czanieckie Makarony","description":"25 lat tradycji i niemal 40 rodzaj\u00f3w makaron\u00f3w! Od kultowej krajanki po te, inspirowane kuchniami \u015bwiata. Czaniecki, tu zaczyna si\u0119 smak!","publisher":{"@id":"https:\/\/czaniecki.pl\/#organization"},"potentialAction":[{"@type":"SearchAction","target":{"@type":"EntryPoint","urlTemplate":"https:\/\/czaniecki.pl\/?s={search_term_string}"},"query-input":{"@type":"PropertyValueSpecification","valueRequired":true,"valueName":"search_term_string"}}],"inLanguage":"en-US"},{"@type":"Organization","@id":"https:\/\/czaniecki.pl\/#organization","name":"Czanieckie Makarony","url":"https:\/\/czaniecki.pl\/","logo":{"@type":"ImageObject","inLanguage":"en-US","@id":"https:\/\/czaniecki.pl\/#\/schema\/logo\/image\/","url":"https:\/\/czaniecki.pl\/wp-content\/uploads\/2021\/09\/cropped-image-branding-logo-1.png","contentUrl":"https:\/\/czaniecki.pl\/wp-content\/uploads\/2021\/09\/cropped-image-branding-logo-1.png","width":181,"height":239,"caption":"Czanieckie Makarony"},"image":{"@id":"https:\/\/czaniecki.pl\/#\/schema\/logo\/image\/"}}]}},"_links":{"self":[{"href":"https:\/\/czaniecki.pl\/en\/wp-json\/wp\/v2\/pages\/2241","targetHints":{"allow":["GET"]}}],"collection":[{"href":"https:\/\/czaniecki.pl\/en\/wp-json\/wp\/v2\/pages"}],"about":[{"href":"https:\/\/czaniecki.pl\/en\/wp-json\/wp\/v2\/types\/page"}],"author":[{"embeddable":true,"href":"https:\/\/czaniecki.pl\/en\/wp-json\/wp\/v2\/users\/1"}],"replies":[{"embeddable":true,"href":"https:\/\/czaniecki.pl\/en\/wp-json\/wp\/v2\/comments?post=2241"}],"version-history":[{"count":7,"href":"https:\/\/czaniecki.pl\/en\/wp-json\/wp\/v2\/pages\/2241\/revisions"}],"predecessor-version":[{"id":2975,"href":"https:\/\/czaniecki.pl\/en\/wp-json\/wp\/v2\/pages\/2241\/revisions\/2975"}],"wp:attachment":[{"href":"https:\/\/czaniecki.pl\/en\/wp-json\/wp\/v2\/media?parent=2241"}],"curies":[{"name":"wp","href":"https:\/\/api.w.org\/{rel}","templated":true}]}}