{"id":2245,"date":"2021-09-30T14:22:05","date_gmt":"2021-09-30T12:22:05","guid":{"rendered":"http:\/\/serwer111560.lh.pl\/czanieckie2021\/pasta\/"},"modified":"2023-02-07T11:20:37","modified_gmt":"2023-02-07T10:20:37","slug":"pasta","status":"publish","type":"page","link":"https:\/\/czaniecki.pl\/en\/pasta\/","title":{"rendered":"Our products"},"content":{"rendered":"\t\t<div data-elementor-type=\"wp-page\" data-elementor-id=\"2245\" class=\"elementor elementor-2245 elementor-543\" data-elementor-post-type=\"page\">\n\t\t\t\t\t\t<section class=\"elementor-section elementor-inner-section elementor-element elementor-element-117fd6db elementor-section-boxed elementor-section-height-default elementor-section-height-default\" data-id=\"117fd6db\" data-element_type=\"section\" data-settings=\"{&quot;background_background&quot;:&quot;classic&quot;}\">\n\t\t\t\t\t\t<div class=\"elementor-container elementor-column-gap-default\">\n\t\t\t\t\t<div class=\"elementor-column elementor-col-50 elementor-inner-column elementor-element elementor-element-3a102161\" data-id=\"3a102161\" data-element_type=\"column\">\n\t\t\t<div class=\"elementor-widget-wrap\">\n\t\t\t\t\t\t\t<\/div>\n\t\t<\/div>\n\t\t\t\t<div class=\"elementor-column elementor-col-50 elementor-inner-column elementor-element elementor-element-77a7c24c\" data-id=\"77a7c24c\" data-element_type=\"column\">\n\t\t\t<div class=\"elementor-widget-wrap elementor-element-populated\">\n\t\t\t\t\t\t<div class=\"elementor-element elementor-element-18cf89f1 elementor-widget elementor-widget-heading\" data-id=\"18cf89f1\" data-element_type=\"widget\" data-widget_type=\"heading.default\">\n\t\t\t\t<div class=\"elementor-widget-container\">\n\t\t\t\t\t<h1 class=\"elementor-heading-title elementor-size-default\">Types of Makaron Czaniecki pasta<\/h1>\t\t\t\t<\/div>\n\t\t\t\t<\/div>\n\t\t\t\t<div class=\"elementor-element elementor-element-36760a06 elementor-widget-divider--view-line elementor-widget elementor-widget-divider\" data-id=\"36760a06\" data-element_type=\"widget\" data-widget_type=\"divider.default\">\n\t\t\t\t<div class=\"elementor-widget-container\">\n\t\t\t\t\t\t\t<div class=\"elementor-divider\">\n\t\t\t<span class=\"elementor-divider-separator\">\n\t\t\t\t\t\t<\/span>\n\t\t<\/div>\n\t\t\t\t\t\t<\/div>\n\t\t\t\t<\/div>\n\t\t\t\t<div class=\"elementor-element elementor-element-10621acd elementor-widget elementor-widget-heading\" data-id=\"10621acd\" data-element_type=\"widget\" data-widget_type=\"heading.default\">\n\t\t\t\t<div class=\"elementor-widget-container\">\n\t\t\t\t\t<p class=\"elementor-heading-title elementor-size-default\">We offer 38 types of pasta - 5 egg pasta, pressed pasta, rolled pasta, eggless pasta made from 100% semolina and pasta with added fiber.<\/p>\t\t\t\t<\/div>\n\t\t\t\t<\/div>\n\t\t\t\t\t<\/div>\n\t\t<\/div>\n\t\t\t\t\t<\/div>\n\t\t<\/section>\n\t\t\t\t<section class=\"elementor-section elementor-top-section elementor-element elementor-element-e8693c8 elementor-section-content-middle elementor-section-boxed elementor-section-height-default elementor-section-height-default\" data-id=\"e8693c8\" data-element_type=\"section\">\n\t\t\t\t\t\t<div class=\"elementor-container elementor-column-gap-default\">\n\t\t\t\t\t<div class=\"elementor-column elementor-col-50 elementor-top-column elementor-element elementor-element-6b1c37b\" data-id=\"6b1c37b\" data-element_type=\"column\">\n\t\t\t<div class=\"elementor-widget-wrap elementor-element-populated\">\n\t\t\t\t\t\t<div class=\"elementor-element elementor-element-30dfd58a elementor-widget elementor-widget-image\" data-id=\"30dfd58a\" data-element_type=\"widget\" data-widget_type=\"image.default\">\n\t\t\t\t<div class=\"elementor-widget-container\">\n\t\t\t\t\t\t\t\t\t\t\t\t\t\t\t<img fetchpriority=\"high\" decoding=\"async\" width=\"800\" height=\"800\" src=\"https:\/\/czaniecki.pl\/wp-content\/uploads\/2022\/01\/nitka_krotka_walcowana-1.jpg\" class=\"elementor-animation-grow attachment-large size-large wp-image-2221\" alt=\"makaron czaniecki nitka\" srcset=\"https:\/\/czaniecki.pl\/wp-content\/uploads\/2022\/01\/nitka_krotka_walcowana-1.jpg 800w, https:\/\/czaniecki.pl\/wp-content\/uploads\/2022\/01\/nitka_krotka_walcowana-1-300x300.jpg 300w, https:\/\/czaniecki.pl\/wp-content\/uploads\/2022\/01\/nitka_krotka_walcowana-1-150x150.jpg 150w, https:\/\/czaniecki.pl\/wp-content\/uploads\/2022\/01\/nitka_krotka_walcowana-1-768x768.jpg 768w\" sizes=\"(max-width: 800px) 100vw, 800px\" \/>\t\t\t\t\t\t\t\t\t\t\t\t\t\t\t<\/div>\n\t\t\t\t<\/div>\n\t\t\t\t<div class=\"elementor-element elementor-element-2e5dd3d4 elementor-widget elementor-widget-heading\" data-id=\"2e5dd3d4\" data-element_type=\"widget\" data-widget_type=\"heading.default\">\n\t\t\t\t<div class=\"elementor-widget-container\">\n\t\t\t\t\t<h2 class=\"elementor-heading-title elementor-size-default\">5-eggs pasta<\/h2>\t\t\t\t<\/div>\n\t\t\t\t<\/div>\n\t\t\t\t<div class=\"elementor-element elementor-element-576835b0 elementor-align-center elementor-widget elementor-widget-button\" data-id=\"576835b0\" data-element_type=\"widget\" data-widget_type=\"button.default\">\n\t\t\t\t<div class=\"elementor-widget-container\">\n\t\t\t\t\t\t\t\t\t<div class=\"elementor-button-wrapper\">\n\t\t\t\t\t<a class=\"elementor-button elementor-button-link elementor-size-md\" href=\"https:\/\/czaniecki.pl\/en\/pasta\/5-egg-pasta\/\">\n\t\t\t\t\t\t<span class=\"elementor-button-content-wrapper\">\n\t\t\t\t\t\t\t\t\t<span class=\"elementor-button-text\">More <\/span>\n\t\t\t\t\t<\/span>\n\t\t\t\t\t<\/a>\n\t\t\t\t<\/div>\n\t\t\t\t\t\t\t\t<\/div>\n\t\t\t\t<\/div>\n\t\t\t\t\t<\/div>\n\t\t<\/div>\n\t\t\t\t<div class=\"elementor-column elementor-col-50 elementor-top-column elementor-element elementor-element-abc2244\" data-id=\"abc2244\" data-element_type=\"column\">\n\t\t\t<div class=\"elementor-widget-wrap elementor-element-populated\">\n\t\t\t\t\t\t<div class=\"elementor-element elementor-element-5b8098f elementor-widget elementor-widget-image\" data-id=\"5b8098f\" data-element_type=\"widget\" data-widget_type=\"image.default\">\n\t\t\t\t<div class=\"elementor-widget-container\">\n\t\t\t\t\t\t\t\t\t\t\t\t\t\t\t<img decoding=\"async\" width=\"480\" height=\"480\" src=\"https:\/\/czaniecki.pl\/wp-content\/uploads\/2021\/11\/Makaron-100-amber-durum-spaghetti-500g.jpeg\" class=\"elementor-animation-grow attachment-large size-large wp-image-2141\" alt=\"Spaghetti Long 100% Amber Durum Pasta\" srcset=\"https:\/\/czaniecki.pl\/wp-content\/uploads\/2021\/11\/Makaron-100-amber-durum-spaghetti-500g.jpeg 480w, https:\/\/czaniecki.pl\/wp-content\/uploads\/2021\/11\/Makaron-100-amber-durum-spaghetti-500g-300x300.jpeg 300w, https:\/\/czaniecki.pl\/wp-content\/uploads\/2021\/11\/Makaron-100-amber-durum-spaghetti-500g-150x150.jpeg 150w\" sizes=\"(max-width: 480px) 100vw, 480px\" \/>\t\t\t\t\t\t\t\t\t\t\t\t\t\t\t<\/div>\n\t\t\t\t<\/div>\n\t\t\t\t<div class=\"elementor-element elementor-element-1c0367a elementor-widget elementor-widget-heading\" data-id=\"1c0367a\" data-element_type=\"widget\" data-widget_type=\"heading.default\">\n\t\t\t\t<div class=\"elementor-widget-container\">\n\t\t\t\t\t<h2 class=\"elementor-heading-title elementor-size-default\">Amber Durum Pasta<\/h2>\t\t\t\t<\/div>\n\t\t\t\t<\/div>\n\t\t\t\t<div class=\"elementor-element elementor-element-f6f39d0 elementor-align-center elementor-widget elementor-widget-button\" data-id=\"f6f39d0\" data-element_type=\"widget\" data-widget_type=\"button.default\">\n\t\t\t\t<div class=\"elementor-widget-container\">\n\t\t\t\t\t\t\t\t\t<div class=\"elementor-button-wrapper\">\n\t\t\t\t\t<a class=\"elementor-button elementor-button-link elementor-size-md\" href=\"https:\/\/czaniecki.pl\/en\/pasta\/egg-pasta-amber-durum\/\">\n\t\t\t\t\t\t<span class=\"elementor-button-content-wrapper\">\n\t\t\t\t\t\t\t\t\t<span class=\"elementor-button-text\">More <\/span>\n\t\t\t\t\t<\/span>\n\t\t\t\t\t<\/a>\n\t\t\t\t<\/div>\n\t\t\t\t\t\t\t\t<\/div>\n\t\t\t\t<\/div>\n\t\t\t\t\t<\/div>\n\t\t<\/div>\n\t\t\t\t\t<\/div>\n\t\t<\/section>\n\t\t\t\t<section class=\"elementor-section elementor-top-section elementor-element elementor-element-dcf4e40 elementor-section-boxed elementor-section-height-default elementor-section-height-default\" data-id=\"dcf4e40\" data-element_type=\"section\">\n\t\t\t\t\t\t<div class=\"elementor-container elementor-column-gap-default\">\n\t\t\t\t\t<div class=\"elementor-column elementor-col-50 elementor-top-column elementor-element elementor-element-d5c2611\" data-id=\"d5c2611\" data-element_type=\"column\">\n\t\t\t<div class=\"elementor-widget-wrap elementor-element-populated\">\n\t\t\t\t\t\t<div class=\"elementor-element elementor-element-04933a7 elementor-widget elementor-widget-image\" data-id=\"04933a7\" data-element_type=\"widget\" data-widget_type=\"image.default\">\n\t\t\t\t<div class=\"elementor-widget-container\">\n\t\t\t\t\t\t\t\t\t\t\t\t\t\t\t<img decoding=\"async\" width=\"800\" height=\"800\" src=\"https:\/\/czaniecki.pl\/wp-content\/uploads\/2021\/11\/blonnik_1.jpg\" class=\"elementor-animation-grow attachment-large size-large wp-image-2144\" alt=\"Makaron Czaniecki \u015bwiderek z b\u0142onnikiem\" srcset=\"https:\/\/czaniecki.pl\/wp-content\/uploads\/2021\/11\/blonnik_1.jpg 1000w, https:\/\/czaniecki.pl\/wp-content\/uploads\/2021\/11\/blonnik_1-300x300.jpg 300w, https:\/\/czaniecki.pl\/wp-content\/uploads\/2021\/11\/blonnik_1-150x150.jpg 150w, https:\/\/czaniecki.pl\/wp-content\/uploads\/2021\/11\/blonnik_1-768x768.jpg 768w\" sizes=\"(max-width: 800px) 100vw, 800px\" \/>\t\t\t\t\t\t\t\t\t\t\t\t\t\t\t<\/div>\n\t\t\t\t<\/div>\n\t\t\t\t<div class=\"elementor-element elementor-element-c2ec578 elementor-widget elementor-widget-heading\" data-id=\"c2ec578\" data-element_type=\"widget\" data-widget_type=\"heading.default\">\n\t\t\t\t<div class=\"elementor-widget-container\">\n\t\t\t\t\t<h2 class=\"elementor-heading-title elementor-size-default\">Pasta with fibre<\/h2>\t\t\t\t<\/div>\n\t\t\t\t<\/div>\n\t\t\t\t<div class=\"elementor-element elementor-element-85c8c20 elementor-align-center elementor-widget elementor-widget-button\" data-id=\"85c8c20\" data-element_type=\"widget\" data-widget_type=\"button.default\">\n\t\t\t\t<div class=\"elementor-widget-container\">\n\t\t\t\t\t\t\t\t\t<div class=\"elementor-button-wrapper\">\n\t\t\t\t\t<a class=\"elementor-button elementor-button-link elementor-size-md\" href=\"https:\/\/czaniecki.pl\/en\/pasta\/pasta-with-fibre\/\">\n\t\t\t\t\t\t<span class=\"elementor-button-content-wrapper\">\n\t\t\t\t\t\t\t\t\t<span class=\"elementor-button-text\">More <\/span>\n\t\t\t\t\t<\/span>\n\t\t\t\t\t<\/a>\n\t\t\t\t<\/div>\n\t\t\t\t\t\t\t\t<\/div>\n\t\t\t\t<\/div>\n\t\t\t\t\t<\/div>\n\t\t<\/div>\n\t\t\t\t<div class=\"elementor-column elementor-col-50 elementor-top-column elementor-element elementor-element-3b19395\" data-id=\"3b19395\" data-element_type=\"column\">\n\t\t\t<div class=\"elementor-widget-wrap elementor-element-populated\">\n\t\t\t\t\t\t<div class=\"elementor-element elementor-element-0b2a56b elementor-widget elementor-widget-image\" data-id=\"0b2a56b\" data-element_type=\"widget\" data-widget_type=\"image.default\">\n\t\t\t\t<div class=\"elementor-widget-container\">\n\t\t\t\t\t\t\t\t\t\t\t\t\t\t\t<img loading=\"lazy\" decoding=\"async\" width=\"800\" height=\"800\" src=\"https:\/\/czaniecki.pl\/wp-content\/uploads\/2022\/01\/niteczka_ekstra.jpg\" class=\"elementor-animation-grow attachment-large size-large wp-image-2204\" alt=\"\" srcset=\"https:\/\/czaniecki.pl\/wp-content\/uploads\/2022\/01\/niteczka_ekstra.jpg 800w, https:\/\/czaniecki.pl\/wp-content\/uploads\/2022\/01\/niteczka_ekstra-300x300.jpg 300w, https:\/\/czaniecki.pl\/wp-content\/uploads\/2022\/01\/niteczka_ekstra-150x150.jpg 150w, https:\/\/czaniecki.pl\/wp-content\/uploads\/2022\/01\/niteczka_ekstra-768x768.jpg 768w\" sizes=\"(max-width: 800px) 100vw, 800px\" \/>\t\t\t\t\t\t\t\t\t\t\t\t\t\t\t<\/div>\n\t\t\t\t<\/div>\n\t\t\t\t<div class=\"elementor-element elementor-element-5eb5675 elementor-widget elementor-widget-heading\" data-id=\"5eb5675\" data-element_type=\"widget\" data-widget_type=\"heading.default\">\n\t\t\t\t<div class=\"elementor-widget-container\">\n\t\t\t\t\t<h2 class=\"elementor-heading-title elementor-size-default\">2-eggs pasta<\/h2>\t\t\t\t<\/div>\n\t\t\t\t<\/div>\n\t\t\t\t<div class=\"elementor-element elementor-element-5bd8247 elementor-align-center elementor-widget elementor-widget-button\" data-id=\"5bd8247\" data-element_type=\"widget\" data-widget_type=\"button.default\">\n\t\t\t\t<div class=\"elementor-widget-container\">\n\t\t\t\t\t\t\t\t\t<div class=\"elementor-button-wrapper\">\n\t\t\t\t\t<a class=\"elementor-button elementor-button-link elementor-size-md\" href=\"https:\/\/czaniecki.pl\/en\/pasta\/2-eggs-pasta\/\">\n\t\t\t\t\t\t<span class=\"elementor-button-content-wrapper\">\n\t\t\t\t\t\t\t\t\t<span class=\"elementor-button-text\">More <\/span>\n\t\t\t\t\t<\/span>\n\t\t\t\t\t<\/a>\n\t\t\t\t<\/div>\n\t\t\t\t\t\t\t\t<\/div>\n\t\t\t\t<\/div>\n\t\t\t\t\t<\/div>\n\t\t<\/div>\n\t\t\t\t\t<\/div>\n\t\t<\/section>\n\t\t\t\t<\/div>\n\t\t","protected":false},"excerpt":{"rendered":"<p>Types of Makaron Czaniecki pasta We offer 38 types of pasta &#8211; 5 egg pasta, pressed pasta, rolled pasta, eggless pasta made from 100% semolina and pasta with added fiber. 5-eggs pasta More Amber Durum Pasta More Pasta with fibre More 2-eggs pasta More<\/p>\n","protected":false},"author":1,"featured_media":0,"parent":0,"menu_order":0,"comment_status":"closed","ping_status":"closed","template":"elementor_header_footer","meta":{"_acf_changed":false,"footnotes":""},"class_list":["post-2245","page","type-page","status-publish","hentry"],"acf":[],"yoast_head":"<!-- This site is optimized with the Yoast SEO plugin v26.4 - https:\/\/yoast.com\/wordpress\/plugins\/seo\/ -->\n<title>Our products - Czanieckie Makarony<\/title>\n<meta name=\"robots\" content=\"index, follow, max-snippet:-1, max-image-preview:large, max-video-preview:-1\" \/>\n<link rel=\"canonical\" href=\"https:\/\/czaniecki.pl\/en\/pasta\/\" \/>\n<meta property=\"og:locale\" content=\"en_US\" \/>\n<meta property=\"og:type\" content=\"article\" \/>\n<meta property=\"og:title\" content=\"Our products - Czanieckie Makarony\" \/>\n<meta property=\"og:description\" content=\"Types of Makaron Czaniecki pasta We offer 38 types of pasta &#8211; 5 egg pasta, pressed pasta, rolled pasta, eggless pasta made from 100% semolina and pasta with added fiber. 5-eggs pasta More Amber Durum Pasta More Pasta with fibre More 2-eggs pasta More\" \/>\n<meta property=\"og:url\" content=\"https:\/\/czaniecki.pl\/en\/pasta\/\" \/>\n<meta property=\"og:site_name\" content=\"Czanieckie Makarony\" \/>\n<meta property=\"article:modified_time\" content=\"2023-02-07T10:20:37+00:00\" \/>\n<meta property=\"og:image\" content=\"https:\/\/czaniecki.pl\/wp-content\/uploads\/2022\/01\/nitka_krotka_walcowana-1.jpg\" \/>\n<meta name=\"twitter:card\" content=\"summary_large_image\" \/>\n<script type=\"application\/ld+json\" class=\"yoast-schema-graph\">{\"@context\":\"https:\/\/schema.org\",\"@graph\":[{\"@type\":\"WebPage\",\"@id\":\"https:\/\/czaniecki.pl\/en\/pasta\/\",\"url\":\"https:\/\/czaniecki.pl\/en\/pasta\/\",\"name\":\"Our products - Czanieckie Makarony\",\"isPartOf\":{\"@id\":\"https:\/\/czaniecki.pl\/#website\"},\"primaryImageOfPage\":{\"@id\":\"https:\/\/czaniecki.pl\/en\/pasta\/#primaryimage\"},\"image\":{\"@id\":\"https:\/\/czaniecki.pl\/en\/pasta\/#primaryimage\"},\"thumbnailUrl\":\"https:\/\/czaniecki.pl\/wp-content\/uploads\/2022\/01\/nitka_krotka_walcowana-1.jpg\",\"datePublished\":\"2021-09-30T12:22:05+00:00\",\"dateModified\":\"2023-02-07T10:20:37+00:00\",\"breadcrumb\":{\"@id\":\"https:\/\/czaniecki.pl\/en\/pasta\/#breadcrumb\"},\"inLanguage\":\"en-US\",\"potentialAction\":[{\"@type\":\"ReadAction\",\"target\":[\"https:\/\/czaniecki.pl\/en\/pasta\/\"]}]},{\"@type\":\"ImageObject\",\"inLanguage\":\"en-US\",\"@id\":\"https:\/\/czaniecki.pl\/en\/pasta\/#primaryimage\",\"url\":\"https:\/\/czaniecki.pl\/wp-content\/uploads\/2022\/01\/nitka_krotka_walcowana-1.jpg\",\"contentUrl\":\"https:\/\/czaniecki.pl\/wp-content\/uploads\/2022\/01\/nitka_krotka_walcowana-1.jpg\"},{\"@type\":\"BreadcrumbList\",\"@id\":\"https:\/\/czaniecki.pl\/en\/pasta\/#breadcrumb\",\"itemListElement\":[{\"@type\":\"ListItem\",\"position\":1,\"name\":\"Strona g\u0142\u00f3wna\",\"item\":\"https:\/\/czaniecki.pl\/\"},{\"@type\":\"ListItem\",\"position\":2,\"name\":\"Our products\"}]},{\"@type\":\"WebSite\",\"@id\":\"https:\/\/czaniecki.pl\/#website\",\"url\":\"https:\/\/czaniecki.pl\/\",\"name\":\"Czanieckie Makarony\",\"description\":\"25 lat tradycji i niemal 40 rodzaj\u00f3w makaron\u00f3w! Od kultowej krajanki po te, inspirowane kuchniami \u015bwiata. Czaniecki, tu zaczyna si\u0119 smak!\",\"publisher\":{\"@id\":\"https:\/\/czaniecki.pl\/#organization\"},\"potentialAction\":[{\"@type\":\"SearchAction\",\"target\":{\"@type\":\"EntryPoint\",\"urlTemplate\":\"https:\/\/czaniecki.pl\/?s={search_term_string}\"},\"query-input\":{\"@type\":\"PropertyValueSpecification\",\"valueRequired\":true,\"valueName\":\"search_term_string\"}}],\"inLanguage\":\"en-US\"},{\"@type\":\"Organization\",\"@id\":\"https:\/\/czaniecki.pl\/#organization\",\"name\":\"Czanieckie Makarony\",\"url\":\"https:\/\/czaniecki.pl\/\",\"logo\":{\"@type\":\"ImageObject\",\"inLanguage\":\"en-US\",\"@id\":\"https:\/\/czaniecki.pl\/#\/schema\/logo\/image\/\",\"url\":\"https:\/\/czaniecki.pl\/wp-content\/uploads\/2021\/09\/cropped-image-branding-logo-1.png\",\"contentUrl\":\"https:\/\/czaniecki.pl\/wp-content\/uploads\/2021\/09\/cropped-image-branding-logo-1.png\",\"width\":181,\"height\":239,\"caption\":\"Czanieckie Makarony\"},\"image\":{\"@id\":\"https:\/\/czaniecki.pl\/#\/schema\/logo\/image\/\"}}]}<\/script>\n<!-- \/ Yoast SEO plugin. -->","yoast_head_json":{"title":"Our products - Czanieckie Makarony","robots":{"index":"index","follow":"follow","max-snippet":"max-snippet:-1","max-image-preview":"max-image-preview:large","max-video-preview":"max-video-preview:-1"},"canonical":"https:\/\/czaniecki.pl\/en\/pasta\/","og_locale":"en_US","og_type":"article","og_title":"Our products - Czanieckie Makarony","og_description":"Types of Makaron Czaniecki pasta We offer 38 types of pasta &#8211; 5 egg pasta, pressed pasta, rolled pasta, eggless pasta made from 100% semolina and pasta with added fiber. 5-eggs pasta More Amber Durum Pasta More Pasta with fibre More 2-eggs pasta More","og_url":"https:\/\/czaniecki.pl\/en\/pasta\/","og_site_name":"Czanieckie Makarony","article_modified_time":"2023-02-07T10:20:37+00:00","og_image":[{"url":"https:\/\/czaniecki.pl\/wp-content\/uploads\/2022\/01\/nitka_krotka_walcowana-1.jpg","type":"","width":"","height":""}],"twitter_card":"summary_large_image","schema":{"@context":"https:\/\/schema.org","@graph":[{"@type":"WebPage","@id":"https:\/\/czaniecki.pl\/en\/pasta\/","url":"https:\/\/czaniecki.pl\/en\/pasta\/","name":"Our products - Czanieckie Makarony","isPartOf":{"@id":"https:\/\/czaniecki.pl\/#website"},"primaryImageOfPage":{"@id":"https:\/\/czaniecki.pl\/en\/pasta\/#primaryimage"},"image":{"@id":"https:\/\/czaniecki.pl\/en\/pasta\/#primaryimage"},"thumbnailUrl":"https:\/\/czaniecki.pl\/wp-content\/uploads\/2022\/01\/nitka_krotka_walcowana-1.jpg","datePublished":"2021-09-30T12:22:05+00:00","dateModified":"2023-02-07T10:20:37+00:00","breadcrumb":{"@id":"https:\/\/czaniecki.pl\/en\/pasta\/#breadcrumb"},"inLanguage":"en-US","potentialAction":[{"@type":"ReadAction","target":["https:\/\/czaniecki.pl\/en\/pasta\/"]}]},{"@type":"ImageObject","inLanguage":"en-US","@id":"https:\/\/czaniecki.pl\/en\/pasta\/#primaryimage","url":"https:\/\/czaniecki.pl\/wp-content\/uploads\/2022\/01\/nitka_krotka_walcowana-1.jpg","contentUrl":"https:\/\/czaniecki.pl\/wp-content\/uploads\/2022\/01\/nitka_krotka_walcowana-1.jpg"},{"@type":"BreadcrumbList","@id":"https:\/\/czaniecki.pl\/en\/pasta\/#breadcrumb","itemListElement":[{"@type":"ListItem","position":1,"name":"Strona g\u0142\u00f3wna","item":"https:\/\/czaniecki.pl\/"},{"@type":"ListItem","position":2,"name":"Our products"}]},{"@type":"WebSite","@id":"https:\/\/czaniecki.pl\/#website","url":"https:\/\/czaniecki.pl\/","name":"Czanieckie Makarony","description":"25 lat tradycji i niemal 40 rodzaj\u00f3w makaron\u00f3w! Od kultowej krajanki po te, inspirowane kuchniami \u015bwiata. Czaniecki, tu zaczyna si\u0119 smak!","publisher":{"@id":"https:\/\/czaniecki.pl\/#organization"},"potentialAction":[{"@type":"SearchAction","target":{"@type":"EntryPoint","urlTemplate":"https:\/\/czaniecki.pl\/?s={search_term_string}"},"query-input":{"@type":"PropertyValueSpecification","valueRequired":true,"valueName":"search_term_string"}}],"inLanguage":"en-US"},{"@type":"Organization","@id":"https:\/\/czaniecki.pl\/#organization","name":"Czanieckie Makarony","url":"https:\/\/czaniecki.pl\/","logo":{"@type":"ImageObject","inLanguage":"en-US","@id":"https:\/\/czaniecki.pl\/#\/schema\/logo\/image\/","url":"https:\/\/czaniecki.pl\/wp-content\/uploads\/2021\/09\/cropped-image-branding-logo-1.png","contentUrl":"https:\/\/czaniecki.pl\/wp-content\/uploads\/2021\/09\/cropped-image-branding-logo-1.png","width":181,"height":239,"caption":"Czanieckie Makarony"},"image":{"@id":"https:\/\/czaniecki.pl\/#\/schema\/logo\/image\/"}}]}},"_links":{"self":[{"href":"https:\/\/czaniecki.pl\/en\/wp-json\/wp\/v2\/pages\/2245","targetHints":{"allow":["GET"]}}],"collection":[{"href":"https:\/\/czaniecki.pl\/en\/wp-json\/wp\/v2\/pages"}],"about":[{"href":"https:\/\/czaniecki.pl\/en\/wp-json\/wp\/v2\/types\/page"}],"author":[{"embeddable":true,"href":"https:\/\/czaniecki.pl\/en\/wp-json\/wp\/v2\/users\/1"}],"replies":[{"embeddable":true,"href":"https:\/\/czaniecki.pl\/en\/wp-json\/wp\/v2\/comments?post=2245"}],"version-history":[{"count":23,"href":"https:\/\/czaniecki.pl\/en\/wp-json\/wp\/v2\/pages\/2245\/revisions"}],"predecessor-version":[{"id":2885,"href":"https:\/\/czaniecki.pl\/en\/wp-json\/wp\/v2\/pages\/2245\/revisions\/2885"}],"wp:attachment":[{"href":"https:\/\/czaniecki.pl\/en\/wp-json\/wp\/v2\/media?parent=2245"}],"curies":[{"name":"wp","href":"https:\/\/api.w.org\/{rel}","templated":true}]}}