{"id":2251,"date":"2021-10-01T07:18:13","date_gmt":"2021-10-01T05:18:13","guid":{"rendered":"http:\/\/serwer111560.lh.pl\/czanieckie2021\/horeca\/"},"modified":"2022-02-02T16:58:02","modified_gmt":"2022-02-02T15:58:02","slug":"horeca","status":"publish","type":"page","link":"https:\/\/czaniecki.pl\/en\/horeca\/","title":{"rendered":"HoReCa"},"content":{"rendered":"\t\t<div data-elementor-type=\"wp-page\" data-elementor-id=\"2251\" class=\"elementor elementor-2251 elementor-648\" data-elementor-post-type=\"page\">\n\t\t\t\t\t\t<section class=\"elementor-section elementor-inner-section elementor-element elementor-element-30bab3b4 elementor-section-boxed elementor-section-height-default elementor-section-height-default\" data-id=\"30bab3b4\" data-element_type=\"section\" data-settings=\"{&quot;background_background&quot;:&quot;classic&quot;}\">\n\t\t\t\t\t\t<div class=\"elementor-container elementor-column-gap-default\">\n\t\t\t\t\t<div class=\"elementor-column elementor-col-50 elementor-inner-column elementor-element elementor-element-5c22e165\" data-id=\"5c22e165\" data-element_type=\"column\">\n\t\t\t<div class=\"elementor-widget-wrap\">\n\t\t\t\t\t\t\t<\/div>\n\t\t<\/div>\n\t\t\t\t<div class=\"elementor-column elementor-col-50 elementor-inner-column elementor-element elementor-element-3b5e8fd\" data-id=\"3b5e8fd\" data-element_type=\"column\">\n\t\t\t<div class=\"elementor-widget-wrap elementor-element-populated\">\n\t\t\t\t\t\t<div class=\"elementor-element elementor-element-26b38cff elementor-widget elementor-widget-heading\" data-id=\"26b38cff\" data-element_type=\"widget\" data-widget_type=\"heading.default\">\n\t\t\t\t<div class=\"elementor-widget-container\">\n\t\t\t\t\t<h1 class=\"elementor-heading-title elementor-size-default\">HoReCa<\/h1>\t\t\t\t<\/div>\n\t\t\t\t<\/div>\n\t\t\t\t<div class=\"elementor-element elementor-element-6133073 elementor-widget-divider--view-line elementor-widget elementor-widget-divider\" data-id=\"6133073\" data-element_type=\"widget\" data-widget_type=\"divider.default\">\n\t\t\t\t<div class=\"elementor-widget-container\">\n\t\t\t\t\t\t\t<div class=\"elementor-divider\">\n\t\t\t<span class=\"elementor-divider-separator\">\n\t\t\t\t\t\t<\/span>\n\t\t<\/div>\n\t\t\t\t\t\t<\/div>\n\t\t\t\t<\/div>\n\t\t\t\t<div class=\"elementor-element elementor-element-73b87ef3 elementor-widget elementor-widget-heading\" data-id=\"73b87ef3\" data-element_type=\"widget\" data-widget_type=\"heading.default\">\n\t\t\t\t<div class=\"elementor-widget-container\">\n\t\t\t\t\t<h2 class=\"elementor-heading-title elementor-size-default\">Are you a hotel or restaurant owner? In Czanieckie Makarony, we have launched a department responsible for the hotel and catering sector. All this so that our products can reach your customers faster and more effectively. <\/h2>\t\t\t\t<\/div>\n\t\t\t\t<\/div>\n\t\t\t\t\t<\/div>\n\t\t<\/div>\n\t\t\t\t\t<\/div>\n\t\t<\/section>\n\t\t\t\t<section class=\"elementor-section elementor-top-section elementor-element elementor-element-44dac92c elementor-section-content-middle elementor-section-boxed elementor-section-height-default elementor-section-height-default\" data-id=\"44dac92c\" data-element_type=\"section\">\n\t\t\t\t\t\t<div class=\"elementor-container elementor-column-gap-default\">\n\t\t\t\t\t<div class=\"elementor-column elementor-col-50 elementor-top-column elementor-element elementor-element-302b1559\" data-id=\"302b1559\" data-element_type=\"column\">\n\t\t\t<div class=\"elementor-widget-wrap elementor-element-populated\">\n\t\t\t\t\t\t<div class=\"elementor-element elementor-element-4c656681 elementor-widget elementor-widget-image\" data-id=\"4c656681\" data-element_type=\"widget\" data-widget_type=\"image.default\">\n\t\t\t\t<div class=\"elementor-widget-container\">\n\t\t\t\t\t\t\t\t\t\t\t\t\t\t\t<img fetchpriority=\"high\" decoding=\"async\" width=\"683\" height=\"1024\" src=\"https:\/\/czaniecki.pl\/wp-content\/uploads\/2021\/10\/portrait-of-chef-cook-in-uniform-with-prepaired-delicious-dish-at-the-restaurant-kitchen-683x1024.jpg\" class=\"attachment-large size-large wp-image-2139\" alt=\"HoReCa Czaniecki\" srcset=\"https:\/\/czaniecki.pl\/wp-content\/uploads\/2021\/10\/portrait-of-chef-cook-in-uniform-with-prepaired-delicious-dish-at-the-restaurant-kitchen-683x1024.jpg 683w, https:\/\/czaniecki.pl\/wp-content\/uploads\/2021\/10\/portrait-of-chef-cook-in-uniform-with-prepaired-delicious-dish-at-the-restaurant-kitchen-200x300.jpg 200w, https:\/\/czaniecki.pl\/wp-content\/uploads\/2021\/10\/portrait-of-chef-cook-in-uniform-with-prepaired-delicious-dish-at-the-restaurant-kitchen-768x1151.jpg 768w, https:\/\/czaniecki.pl\/wp-content\/uploads\/2021\/10\/portrait-of-chef-cook-in-uniform-with-prepaired-delicious-dish-at-the-restaurant-kitchen-1025x1536.jpg 1025w, https:\/\/czaniecki.pl\/wp-content\/uploads\/2021\/10\/portrait-of-chef-cook-in-uniform-with-prepaired-delicious-dish-at-the-restaurant-kitchen-1367x2048.jpg 1367w, https:\/\/czaniecki.pl\/wp-content\/uploads\/2021\/10\/portrait-of-chef-cook-in-uniform-with-prepaired-delicious-dish-at-the-restaurant-kitchen-scaled.jpg 1709w\" sizes=\"(max-width: 683px) 100vw, 683px\" \/>\t\t\t\t\t\t\t\t\t\t\t\t\t\t\t<\/div>\n\t\t\t\t<\/div>\n\t\t\t\t\t<\/div>\n\t\t<\/div>\n\t\t\t\t<div class=\"elementor-column elementor-col-50 elementor-top-column elementor-element elementor-element-5502d126\" data-id=\"5502d126\" data-element_type=\"column\" data-settings=\"{&quot;background_background&quot;:&quot;classic&quot;}\">\n\t\t\t<div class=\"elementor-widget-wrap elementor-element-populated\">\n\t\t\t\t\t\t<div class=\"elementor-element elementor-element-3d1a685 elementor-widget elementor-widget-text-editor\" data-id=\"3d1a685\" data-element_type=\"widget\" data-widget_type=\"text-editor.default\">\n\t\t\t\t<div class=\"elementor-widget-container\">\n\t\t\t\t\t\t\t\t\t<p><em>Business information for the HoReCa industry. Check out how Makarony Czanieckie taste. <\/em><\/p>\t\t\t\t\t\t\t\t<\/div>\n\t\t\t\t<\/div>\n\t\t\t\t<div class=\"elementor-element elementor-element-5c7a78f elementor-widget elementor-widget-heading\" data-id=\"5c7a78f\" data-element_type=\"widget\" data-widget_type=\"heading.default\">\n\t\t\t\t<div class=\"elementor-widget-container\">\n\t\t\t\t\t<h2 class=\"elementor-heading-title elementor-size-default\">Hospitality. Restaurants. Catering. HoReCa suppliers.<\/h2>\t\t\t\t<\/div>\n\t\t\t\t<\/div>\n\t\t\t\t<div class=\"elementor-element elementor-element-2c76ba0a elementor-widget elementor-widget-text-editor\" data-id=\"2c76ba0a\" data-element_type=\"widget\" data-widget_type=\"text-editor.default\">\n\t\t\t\t<div class=\"elementor-widget-container\">\n\t\t\t\t\t\t\t\t\t<p>To meet the expectations of the <strong>HoReCa<\/strong> sector, we want to offer direct access to the highest quality of our products and direct services, in which we care about the satisfaction and quality of the solutions provided. Makarony Czanieckie are proven products, appreciated in the country and abroad. <\/p>\t\t\t\t\t\t\t\t<\/div>\n\t\t\t\t<\/div>\n\t\t\t\t<div class=\"elementor-element elementor-element-1b06447 elementor-widget elementor-widget-text-editor\" data-id=\"1b06447\" data-element_type=\"widget\" data-widget_type=\"text-editor.default\">\n\t\t\t\t<div class=\"elementor-widget-container\">\n\t\t\t\t\t\t\t\t\t<p><strong>Agnieszka Sadlik<\/strong> &#8211; <em>Manager HoReCa<\/em><\/p>\t\t\t\t\t\t\t\t<\/div>\n\t\t\t\t<\/div>\n\t\t\t\t<div class=\"elementor-element elementor-element-4de332b elementor-icon-list--layout-traditional elementor-list-item-link-full_width elementor-widget elementor-widget-icon-list\" data-id=\"4de332b\" data-element_type=\"widget\" data-widget_type=\"icon-list.default\">\n\t\t\t\t<div class=\"elementor-widget-container\">\n\t\t\t\t\t\t\t<ul class=\"elementor-icon-list-items\">\n\t\t\t\t\t\t\t<li class=\"elementor-icon-list-item\">\n\t\t\t\t\t\t\t\t\t\t\t<span class=\"elementor-icon-list-icon\">\n\t\t\t\t\t\t\t<i aria-hidden=\"true\" class=\"fas fa-phone-alt\"><\/i>\t\t\t\t\t\t<\/span>\n\t\t\t\t\t\t\t\t\t\t<span class=\"elementor-icon-list-text\">  (+48) 517 139 859<\/span>\n\t\t\t\t\t\t\t\t\t<\/li>\n\t\t\t\t\t\t<\/ul>\n\t\t\t\t\t\t<\/div>\n\t\t\t\t<\/div>\n\t\t\t\t<div class=\"elementor-element elementor-element-389fa5dc elementor-widget elementor-widget-button\" data-id=\"389fa5dc\" data-element_type=\"widget\" data-widget_type=\"button.default\">\n\t\t\t\t<div class=\"elementor-widget-container\">\n\t\t\t\t\t\t\t\t\t<div class=\"elementor-button-wrapper\">\n\t\t\t\t\t<a class=\"elementor-button elementor-button-link elementor-size-md\" href=\"http:\/\/serwer111560.lh.pl\/czanieckie2021\/en\/contact\/\">\n\t\t\t\t\t\t<span class=\"elementor-button-content-wrapper\">\n\t\t\t\t\t\t\t\t\t<span class=\"elementor-button-text\">contact us<\/span>\n\t\t\t\t\t<\/span>\n\t\t\t\t\t<\/a>\n\t\t\t\t<\/div>\n\t\t\t\t\t\t\t\t<\/div>\n\t\t\t\t<\/div>\n\t\t\t\t\t<\/div>\n\t\t<\/div>\n\t\t\t\t\t<\/div>\n\t\t<\/section>\n\t\t\t\t<section class=\"elementor-section elementor-top-section elementor-element elementor-element-b177944 elementor-section-boxed elementor-section-height-default elementor-section-height-default\" data-id=\"b177944\" data-element_type=\"section\">\n\t\t\t\t\t\t<div class=\"elementor-container elementor-column-gap-default\">\n\t\t\t\t\t<div class=\"elementor-column elementor-col-50 elementor-top-column elementor-element elementor-element-7cb4f3e2\" data-id=\"7cb4f3e2\" data-element_type=\"column\">\n\t\t\t<div class=\"elementor-widget-wrap\">\n\t\t\t\t\t\t\t<\/div>\n\t\t<\/div>\n\t\t\t\t<div class=\"elementor-column elementor-col-50 elementor-top-column elementor-element elementor-element-465382d5\" data-id=\"465382d5\" data-element_type=\"column\">\n\t\t\t<div class=\"elementor-widget-wrap elementor-element-populated\">\n\t\t\t\t\t\t<div class=\"elementor-element elementor-element-4b51e37b elementor-widget elementor-widget-image\" data-id=\"4b51e37b\" data-element_type=\"widget\" data-settings=\"{&quot;motion_fx_motion_fx_scrolling&quot;:&quot;yes&quot;,&quot;motion_fx_translateY_effect&quot;:&quot;yes&quot;,&quot;motion_fx_translateY_speed&quot;:{&quot;unit&quot;:&quot;px&quot;,&quot;size&quot;:1.2,&quot;sizes&quot;:[]},&quot;motion_fx_translateY_affectedRange&quot;:{&quot;unit&quot;:&quot;%&quot;,&quot;size&quot;:&quot;&quot;,&quot;sizes&quot;:{&quot;start&quot;:0,&quot;end&quot;:100}},&quot;motion_fx_devices&quot;:[&quot;desktop&quot;,&quot;tablet&quot;,&quot;mobile&quot;]}\" data-widget_type=\"image.default\">\n\t\t\t\t<div class=\"elementor-widget-container\">\n\t\t\t\t\t\t\t\t\t\t\t\t\t\t\t<img decoding=\"async\" width=\"800\" height=\"571\" src=\"https:\/\/czaniecki.pl\/wp-content\/uploads\/2021\/10\/wstazka@0.5x.png\" class=\"attachment-large size-large wp-image-2111\" alt=\"\" srcset=\"https:\/\/czaniecki.pl\/wp-content\/uploads\/2021\/10\/wstazka@0.5x.png 1000w, https:\/\/czaniecki.pl\/wp-content\/uploads\/2021\/10\/wstazka@0.5x-300x214.png 300w, https:\/\/czaniecki.pl\/wp-content\/uploads\/2021\/10\/wstazka@0.5x-768x548.png 768w\" sizes=\"(max-width: 800px) 100vw, 800px\" \/>\t\t\t\t\t\t\t\t\t\t\t\t\t\t\t<\/div>\n\t\t\t\t<\/div>\n\t\t\t\t\t<\/div>\n\t\t<\/div>\n\t\t\t\t\t<\/div>\n\t\t<\/section>\n\t\t\t\t<\/div>\n\t\t","protected":false},"excerpt":{"rendered":"<p>HoReCa Are you a hotel or restaurant owner? In Czanieckie Makarony, we have launched a department responsible for the hotel and catering sector. All this so that our products can reach your customers faster and more effectively. Business information for the HoReCa industry. Check out how Makarony Czanieckie taste. Hospitality. Restaurants. Catering. HoReCa suppliers. To [&hellip;]<\/p>\n","protected":false},"author":1,"featured_media":2139,"parent":0,"menu_order":0,"comment_status":"closed","ping_status":"closed","template":"elementor_header_footer","meta":{"_acf_changed":false,"footnotes":""},"class_list":["post-2251","page","type-page","status-publish","has-post-thumbnail","hentry"],"acf":[],"yoast_head":"<!-- This site is optimized with the Yoast SEO plugin v26.4 - https:\/\/yoast.com\/wordpress\/plugins\/seo\/ -->\n<title>HoReCa - Czanieckie Makarony<\/title>\n<meta name=\"robots\" content=\"index, follow, max-snippet:-1, max-image-preview:large, max-video-preview:-1\" \/>\n<link rel=\"canonical\" href=\"https:\/\/czaniecki.pl\/en\/horeca\/\" \/>\n<meta property=\"og:locale\" content=\"en_US\" \/>\n<meta property=\"og:type\" content=\"article\" \/>\n<meta property=\"og:title\" content=\"HoReCa - Czanieckie Makarony\" \/>\n<meta property=\"og:description\" content=\"HoReCa Are you a hotel or restaurant owner? In Czanieckie Makarony, we have launched a department responsible for the hotel and catering sector. All this so that our products can reach your customers faster and more effectively. Business information for the HoReCa industry. Check out how Makarony Czanieckie taste. Hospitality. Restaurants. Catering. HoReCa suppliers. To [&hellip;]\" \/>\n<meta property=\"og:url\" content=\"https:\/\/czaniecki.pl\/en\/horeca\/\" \/>\n<meta property=\"og:site_name\" content=\"Czanieckie Makarony\" \/>\n<meta property=\"article:modified_time\" content=\"2022-02-02T15:58:02+00:00\" \/>\n<meta property=\"og:image\" content=\"http:\/\/serwer111560.lh.pl\/czanieckie2021\/wp-content\/uploads\/2021\/10\/portrait-of-chef-cook-in-uniform-with-prepaired-delicious-dish-at-the-restaurant-kitchen-683x1024.jpg\" \/>\n<meta name=\"twitter:card\" content=\"summary_large_image\" \/>\n<meta name=\"twitter:label1\" content=\"Est. reading time\" \/>\n\t<meta name=\"twitter:data1\" content=\"1 minute\" \/>\n<script type=\"application\/ld+json\" class=\"yoast-schema-graph\">{\"@context\":\"https:\/\/schema.org\",\"@graph\":[{\"@type\":\"WebPage\",\"@id\":\"https:\/\/czaniecki.pl\/en\/horeca\/\",\"url\":\"https:\/\/czaniecki.pl\/en\/horeca\/\",\"name\":\"HoReCa - Czanieckie Makarony\",\"isPartOf\":{\"@id\":\"https:\/\/czaniecki.pl\/#website\"},\"primaryImageOfPage\":{\"@id\":\"https:\/\/czaniecki.pl\/en\/horeca\/#primaryimage\"},\"image\":{\"@id\":\"https:\/\/czaniecki.pl\/en\/horeca\/#primaryimage\"},\"thumbnailUrl\":\"https:\/\/czaniecki.pl\/wp-content\/uploads\/2021\/10\/portrait-of-chef-cook-in-uniform-with-prepaired-delicious-dish-at-the-restaurant-kitchen-scaled.jpg\",\"datePublished\":\"2021-10-01T05:18:13+00:00\",\"dateModified\":\"2022-02-02T15:58:02+00:00\",\"breadcrumb\":{\"@id\":\"https:\/\/czaniecki.pl\/en\/horeca\/#breadcrumb\"},\"inLanguage\":\"en-US\",\"potentialAction\":[{\"@type\":\"ReadAction\",\"target\":[\"https:\/\/czaniecki.pl\/en\/horeca\/\"]}]},{\"@type\":\"ImageObject\",\"inLanguage\":\"en-US\",\"@id\":\"https:\/\/czaniecki.pl\/en\/horeca\/#primaryimage\",\"url\":\"https:\/\/czaniecki.pl\/wp-content\/uploads\/2021\/10\/portrait-of-chef-cook-in-uniform-with-prepaired-delicious-dish-at-the-restaurant-kitchen-scaled.jpg\",\"contentUrl\":\"https:\/\/czaniecki.pl\/wp-content\/uploads\/2021\/10\/portrait-of-chef-cook-in-uniform-with-prepaired-delicious-dish-at-the-restaurant-kitchen-scaled.jpg\",\"width\":1709,\"height\":2560,\"caption\":\"HoReCa Czaniecki\"},{\"@type\":\"BreadcrumbList\",\"@id\":\"https:\/\/czaniecki.pl\/en\/horeca\/#breadcrumb\",\"itemListElement\":[{\"@type\":\"ListItem\",\"position\":1,\"name\":\"Strona g\u0142\u00f3wna\",\"item\":\"https:\/\/czaniecki.pl\/\"},{\"@type\":\"ListItem\",\"position\":2,\"name\":\"HoReCa\"}]},{\"@type\":\"WebSite\",\"@id\":\"https:\/\/czaniecki.pl\/#website\",\"url\":\"https:\/\/czaniecki.pl\/\",\"name\":\"Czanieckie Makarony\",\"description\":\"25 lat tradycji i niemal 40 rodzaj\u00f3w makaron\u00f3w! Od kultowej krajanki po te, inspirowane kuchniami \u015bwiata. Czaniecki, tu zaczyna si\u0119 smak!\",\"publisher\":{\"@id\":\"https:\/\/czaniecki.pl\/#organization\"},\"potentialAction\":[{\"@type\":\"SearchAction\",\"target\":{\"@type\":\"EntryPoint\",\"urlTemplate\":\"https:\/\/czaniecki.pl\/?s={search_term_string}\"},\"query-input\":{\"@type\":\"PropertyValueSpecification\",\"valueRequired\":true,\"valueName\":\"search_term_string\"}}],\"inLanguage\":\"en-US\"},{\"@type\":\"Organization\",\"@id\":\"https:\/\/czaniecki.pl\/#organization\",\"name\":\"Czanieckie Makarony\",\"url\":\"https:\/\/czaniecki.pl\/\",\"logo\":{\"@type\":\"ImageObject\",\"inLanguage\":\"en-US\",\"@id\":\"https:\/\/czaniecki.pl\/#\/schema\/logo\/image\/\",\"url\":\"https:\/\/czaniecki.pl\/wp-content\/uploads\/2021\/09\/cropped-image-branding-logo-1.png\",\"contentUrl\":\"https:\/\/czaniecki.pl\/wp-content\/uploads\/2021\/09\/cropped-image-branding-logo-1.png\",\"width\":181,\"height\":239,\"caption\":\"Czanieckie Makarony\"},\"image\":{\"@id\":\"https:\/\/czaniecki.pl\/#\/schema\/logo\/image\/\"}}]}<\/script>\n<!-- \/ Yoast SEO plugin. -->","yoast_head_json":{"title":"HoReCa - Czanieckie Makarony","robots":{"index":"index","follow":"follow","max-snippet":"max-snippet:-1","max-image-preview":"max-image-preview:large","max-video-preview":"max-video-preview:-1"},"canonical":"https:\/\/czaniecki.pl\/en\/horeca\/","og_locale":"en_US","og_type":"article","og_title":"HoReCa - Czanieckie Makarony","og_description":"HoReCa Are you a hotel or restaurant owner? In Czanieckie Makarony, we have launched a department responsible for the hotel and catering sector. All this so that our products can reach your customers faster and more effectively. Business information for the HoReCa industry. Check out how Makarony Czanieckie taste. Hospitality. Restaurants. Catering. HoReCa suppliers. To [&hellip;]","og_url":"https:\/\/czaniecki.pl\/en\/horeca\/","og_site_name":"Czanieckie Makarony","article_modified_time":"2022-02-02T15:58:02+00:00","og_image":[{"url":"http:\/\/serwer111560.lh.pl\/czanieckie2021\/wp-content\/uploads\/2021\/10\/portrait-of-chef-cook-in-uniform-with-prepaired-delicious-dish-at-the-restaurant-kitchen-683x1024.jpg","type":"","width":"","height":""}],"twitter_card":"summary_large_image","twitter_misc":{"Est. reading time":"1 minute"},"schema":{"@context":"https:\/\/schema.org","@graph":[{"@type":"WebPage","@id":"https:\/\/czaniecki.pl\/en\/horeca\/","url":"https:\/\/czaniecki.pl\/en\/horeca\/","name":"HoReCa - Czanieckie Makarony","isPartOf":{"@id":"https:\/\/czaniecki.pl\/#website"},"primaryImageOfPage":{"@id":"https:\/\/czaniecki.pl\/en\/horeca\/#primaryimage"},"image":{"@id":"https:\/\/czaniecki.pl\/en\/horeca\/#primaryimage"},"thumbnailUrl":"https:\/\/czaniecki.pl\/wp-content\/uploads\/2021\/10\/portrait-of-chef-cook-in-uniform-with-prepaired-delicious-dish-at-the-restaurant-kitchen-scaled.jpg","datePublished":"2021-10-01T05:18:13+00:00","dateModified":"2022-02-02T15:58:02+00:00","breadcrumb":{"@id":"https:\/\/czaniecki.pl\/en\/horeca\/#breadcrumb"},"inLanguage":"en-US","potentialAction":[{"@type":"ReadAction","target":["https:\/\/czaniecki.pl\/en\/horeca\/"]}]},{"@type":"ImageObject","inLanguage":"en-US","@id":"https:\/\/czaniecki.pl\/en\/horeca\/#primaryimage","url":"https:\/\/czaniecki.pl\/wp-content\/uploads\/2021\/10\/portrait-of-chef-cook-in-uniform-with-prepaired-delicious-dish-at-the-restaurant-kitchen-scaled.jpg","contentUrl":"https:\/\/czaniecki.pl\/wp-content\/uploads\/2021\/10\/portrait-of-chef-cook-in-uniform-with-prepaired-delicious-dish-at-the-restaurant-kitchen-scaled.jpg","width":1709,"height":2560,"caption":"HoReCa Czaniecki"},{"@type":"BreadcrumbList","@id":"https:\/\/czaniecki.pl\/en\/horeca\/#breadcrumb","itemListElement":[{"@type":"ListItem","position":1,"name":"Strona g\u0142\u00f3wna","item":"https:\/\/czaniecki.pl\/"},{"@type":"ListItem","position":2,"name":"HoReCa"}]},{"@type":"WebSite","@id":"https:\/\/czaniecki.pl\/#website","url":"https:\/\/czaniecki.pl\/","name":"Czanieckie Makarony","description":"25 lat tradycji i niemal 40 rodzaj\u00f3w makaron\u00f3w! Od kultowej krajanki po te, inspirowane kuchniami \u015bwiata. Czaniecki, tu zaczyna si\u0119 smak!","publisher":{"@id":"https:\/\/czaniecki.pl\/#organization"},"potentialAction":[{"@type":"SearchAction","target":{"@type":"EntryPoint","urlTemplate":"https:\/\/czaniecki.pl\/?s={search_term_string}"},"query-input":{"@type":"PropertyValueSpecification","valueRequired":true,"valueName":"search_term_string"}}],"inLanguage":"en-US"},{"@type":"Organization","@id":"https:\/\/czaniecki.pl\/#organization","name":"Czanieckie Makarony","url":"https:\/\/czaniecki.pl\/","logo":{"@type":"ImageObject","inLanguage":"en-US","@id":"https:\/\/czaniecki.pl\/#\/schema\/logo\/image\/","url":"https:\/\/czaniecki.pl\/wp-content\/uploads\/2021\/09\/cropped-image-branding-logo-1.png","contentUrl":"https:\/\/czaniecki.pl\/wp-content\/uploads\/2021\/09\/cropped-image-branding-logo-1.png","width":181,"height":239,"caption":"Czanieckie Makarony"},"image":{"@id":"https:\/\/czaniecki.pl\/#\/schema\/logo\/image\/"}}]}},"_links":{"self":[{"href":"https:\/\/czaniecki.pl\/en\/wp-json\/wp\/v2\/pages\/2251","targetHints":{"allow":["GET"]}}],"collection":[{"href":"https:\/\/czaniecki.pl\/en\/wp-json\/wp\/v2\/pages"}],"about":[{"href":"https:\/\/czaniecki.pl\/en\/wp-json\/wp\/v2\/types\/page"}],"author":[{"embeddable":true,"href":"https:\/\/czaniecki.pl\/en\/wp-json\/wp\/v2\/users\/1"}],"replies":[{"embeddable":true,"href":"https:\/\/czaniecki.pl\/en\/wp-json\/wp\/v2\/comments?post=2251"}],"version-history":[{"count":1,"href":"https:\/\/czaniecki.pl\/en\/wp-json\/wp\/v2\/pages\/2251\/revisions"}],"predecessor-version":[{"id":2252,"href":"https:\/\/czaniecki.pl\/en\/wp-json\/wp\/v2\/pages\/2251\/revisions\/2252"}],"wp:featuredmedia":[{"embeddable":true,"href":"https:\/\/czaniecki.pl\/en\/wp-json\/wp\/v2\/media\/2139"}],"wp:attachment":[{"href":"https:\/\/czaniecki.pl\/en\/wp-json\/wp\/v2\/media?parent=2251"}],"curies":[{"name":"wp","href":"https:\/\/api.w.org\/{rel}","templated":true}]}}