{"id":2253,"date":"2021-10-01T07:18:24","date_gmt":"2021-10-01T05:18:24","guid":{"rendered":"http:\/\/serwer111560.lh.pl\/czanieckie2021\/b2b\/"},"modified":"2025-11-07T12:59:29","modified_gmt":"2025-11-07T11:59:29","slug":"b2b","status":"publish","type":"page","link":"https:\/\/czaniecki.pl\/en\/b2b\/","title":{"rendered":"B2B"},"content":{"rendered":"\t\t<div data-elementor-type=\"wp-page\" data-elementor-id=\"2253\" class=\"elementor elementor-2253 elementor-650\" data-elementor-post-type=\"page\">\n\t\t\t\t\t\t<section class=\"elementor-section elementor-inner-section elementor-element elementor-element-11729d0d elementor-section-boxed elementor-section-height-default elementor-section-height-default\" data-id=\"11729d0d\" data-element_type=\"section\" data-settings=\"{&quot;background_background&quot;:&quot;classic&quot;}\">\n\t\t\t\t\t\t<div class=\"elementor-container elementor-column-gap-default\">\n\t\t\t\t\t<div class=\"elementor-column elementor-col-50 elementor-inner-column elementor-element elementor-element-5a829882\" data-id=\"5a829882\" data-element_type=\"column\">\n\t\t\t<div class=\"elementor-widget-wrap\">\n\t\t\t\t\t\t\t<\/div>\n\t\t<\/div>\n\t\t\t\t<div class=\"elementor-column elementor-col-50 elementor-inner-column elementor-element elementor-element-4fda18b\" data-id=\"4fda18b\" data-element_type=\"column\">\n\t\t\t<div class=\"elementor-widget-wrap elementor-element-populated\">\n\t\t\t\t\t\t<div class=\"elementor-element elementor-element-11053c79 elementor-widget elementor-widget-heading\" data-id=\"11053c79\" data-element_type=\"widget\" data-widget_type=\"heading.default\">\n\t\t\t\t<div class=\"elementor-widget-container\">\n\t\t\t\t\t<h1 class=\"elementor-heading-title elementor-size-default\">B2B and Export Cooperation<\/h1>\t\t\t\t<\/div>\n\t\t\t\t<\/div>\n\t\t\t\t<div class=\"elementor-element elementor-element-385949c7 elementor-widget-divider--view-line elementor-widget elementor-widget-divider\" data-id=\"385949c7\" data-element_type=\"widget\" data-widget_type=\"divider.default\">\n\t\t\t\t<div class=\"elementor-widget-container\">\n\t\t\t\t\t\t\t<div class=\"elementor-divider\">\n\t\t\t<span class=\"elementor-divider-separator\">\n\t\t\t\t\t\t<\/span>\n\t\t<\/div>\n\t\t\t\t\t\t<\/div>\n\t\t\t\t<\/div>\n\t\t\t\t<div class=\"elementor-element elementor-element-564f1181 elementor-widget elementor-widget-heading\" data-id=\"564f1181\" data-element_type=\"widget\" data-widget_type=\"heading.default\">\n\t\t\t\t<div class=\"elementor-widget-container\">\n\t\t\t\t\t<p class=\"elementor-heading-title elementor-size-default\">Our B2B Department collaborates with numerous wholesalers, retail chains\nand export partners both in Poland and abroad.   \n<\/p>\t\t\t\t<\/div>\n\t\t\t\t<\/div>\n\t\t\t\t\t<\/div>\n\t\t<\/div>\n\t\t\t\t\t<\/div>\n\t\t<\/section>\n\t\t\t\t<section class=\"elementor-section elementor-top-section elementor-element elementor-element-1f89f6a elementor-section-content-middle elementor-section-boxed elementor-section-height-default elementor-section-height-default\" data-id=\"1f89f6a\" data-element_type=\"section\">\n\t\t\t\t\t\t<div class=\"elementor-container elementor-column-gap-default\">\n\t\t\t\t\t<div class=\"elementor-column elementor-col-50 elementor-top-column elementor-element elementor-element-1a79c952\" data-id=\"1a79c952\" data-element_type=\"column\">\n\t\t\t<div class=\"elementor-widget-wrap elementor-element-populated\">\n\t\t\t\t\t\t<div class=\"elementor-element elementor-element-ab4ecf8 elementor-align-center elementor-widget elementor-widget-lottie\" data-id=\"ab4ecf8\" data-element_type=\"widget\" data-settings=\"{&quot;source&quot;:&quot;external_url&quot;,&quot;source_external_url&quot;:{&quot;url&quot;:&quot;https:\\\/\\\/assets10.lottiefiles.com\\\/packages\\\/lf20_fclga8fl.json&quot;,&quot;is_external&quot;:&quot;&quot;,&quot;nofollow&quot;:&quot;&quot;,&quot;custom_attributes&quot;:&quot;&quot;},&quot;loop&quot;:&quot;yes&quot;,&quot;play_speed&quot;:{&quot;unit&quot;:&quot;px&quot;,&quot;size&quot;:0.6,&quot;sizes&quot;:[]},&quot;link_to&quot;:&quot;none&quot;,&quot;trigger&quot;:&quot;arriving_to_viewport&quot;,&quot;viewport&quot;:{&quot;unit&quot;:&quot;%&quot;,&quot;size&quot;:&quot;&quot;,&quot;sizes&quot;:{&quot;start&quot;:0,&quot;end&quot;:100}},&quot;start_point&quot;:{&quot;unit&quot;:&quot;%&quot;,&quot;size&quot;:0,&quot;sizes&quot;:[]},&quot;end_point&quot;:{&quot;unit&quot;:&quot;%&quot;,&quot;size&quot;:100,&quot;sizes&quot;:[]},&quot;renderer&quot;:&quot;svg&quot;}\" data-widget_type=\"lottie.default\">\n\t\t\t\t<div class=\"elementor-widget-container\">\n\t\t\t\t\t<div class=\"e-lottie__container\"><div class=\"e-lottie__animation\"><\/div><\/div>\t\t\t\t<\/div>\n\t\t\t\t<\/div>\n\t\t\t\t\t<\/div>\n\t\t<\/div>\n\t\t\t\t<div class=\"elementor-column elementor-col-50 elementor-top-column elementor-element elementor-element-6070bd7e\" data-id=\"6070bd7e\" data-element_type=\"column\" data-settings=\"{&quot;background_background&quot;:&quot;classic&quot;}\">\n\t\t\t<div class=\"elementor-widget-wrap elementor-element-populated\">\n\t\t\t\t\t\t<div class=\"elementor-element elementor-element-094506e elementor-widget elementor-widget-heading\" data-id=\"094506e\" data-element_type=\"widget\" data-widget_type=\"heading.default\">\n\t\t\t\t<div class=\"elementor-widget-container\">\n\t\t\t\t\t<h2 class=\"elementor-heading-title elementor-size-default\">We invite you to cooperate with us.<\/h2>\t\t\t\t<\/div>\n\t\t\t\t<\/div>\n\t\t\t\t<div class=\"elementor-element elementor-element-512fd48e elementor-widget elementor-widget-text-editor\" data-id=\"512fd48e\" data-element_type=\"widget\" data-widget_type=\"text-editor.default\">\n\t\t\t\t<div class=\"elementor-widget-container\">\n\t\t\t\t\t\t\t\t\t<p>We are at your disposal. In the case of establishing wholesale orders or convenient delivery times. <\/p>\t\t\t\t\t\t\t\t<\/div>\n\t\t\t\t<\/div>\n\t\t\t\t<div class=\"elementor-element elementor-element-4d57012 elementor-widget elementor-widget-heading\" data-id=\"4d57012\" data-element_type=\"widget\" data-widget_type=\"heading.default\">\n\t\t\t\t<div class=\"elementor-widget-container\">\n\t\t\t\t\t<h3 class=\"elementor-heading-title elementor-size-default\">Sales department<\/h3>\t\t\t\t<\/div>\n\t\t\t\t<\/div>\n\t\t\t\t<div class=\"elementor-element elementor-element-cbdf112 elementor-widget elementor-widget-text-editor\" data-id=\"cbdf112\" data-element_type=\"widget\" data-widget_type=\"text-editor.default\">\n\t\t\t\t<div class=\"elementor-widget-container\">\n\t\t\t\t\t\t\t\t\t<p><strong>Przemys\u0142aw Sadlik<\/strong> \u2013 <em>Trade manager <\/em><\/p>\t\t\t\t\t\t\t\t<\/div>\n\t\t\t\t<\/div>\n\t\t\t\t<div class=\"elementor-element elementor-element-4b42ff38 elementor-icon-list--layout-traditional elementor-list-item-link-full_width elementor-widget elementor-widget-icon-list\" data-id=\"4b42ff38\" data-element_type=\"widget\" data-widget_type=\"icon-list.default\">\n\t\t\t\t<div class=\"elementor-widget-container\">\n\t\t\t\t\t\t\t<ul class=\"elementor-icon-list-items\">\n\t\t\t\t\t\t\t<li class=\"elementor-icon-list-item\">\n\t\t\t\t\t\t\t\t\t\t\t<span class=\"elementor-icon-list-icon\">\n\t\t\t\t\t\t\t<i aria-hidden=\"true\" class=\"far fa-envelope\"><\/i>\t\t\t\t\t\t<\/span>\n\t\t\t\t\t\t\t\t\t\t<span class=\"elementor-icon-list-text\">p.sadlik@czaniecki.pl<\/span>\n\t\t\t\t\t\t\t\t\t<\/li>\n\t\t\t\t\t\t\t\t<li class=\"elementor-icon-list-item\">\n\t\t\t\t\t\t\t\t\t\t\t<span class=\"elementor-icon-list-icon\">\n\t\t\t\t\t\t\t<i aria-hidden=\"true\" class=\"fas fa-phone-alt\"><\/i>\t\t\t\t\t\t<\/span>\n\t\t\t\t\t\t\t\t\t\t<span class=\"elementor-icon-list-text\">(+48) 505 188 543<\/span>\n\t\t\t\t\t\t\t\t\t<\/li>\n\t\t\t\t\t\t<\/ul>\n\t\t\t\t\t\t<\/div>\n\t\t\t\t<\/div>\n\t\t\t\t<div class=\"elementor-element elementor-element-8ca6860 elementor-widget elementor-widget-heading\" data-id=\"8ca6860\" data-element_type=\"widget\" data-widget_type=\"heading.default\">\n\t\t\t\t<div class=\"elementor-widget-container\">\n\t\t\t\t\t<h3 class=\"elementor-heading-title elementor-size-default\">EXPORT DEPARTMENT<\/h3>\t\t\t\t<\/div>\n\t\t\t\t<\/div>\n\t\t\t\t<div class=\"elementor-element elementor-element-323a2bd7 elementor-widget elementor-widget-text-editor\" data-id=\"323a2bd7\" data-element_type=\"widget\" data-widget_type=\"text-editor.default\">\n\t\t\t\t<div class=\"elementor-widget-container\">\n\t\t\t\t\t\t\t\t\t<p><strong><span style=\"color: #333333;\">Patryk Dyba\u0142<\/span><\/strong> \u2013<em><span style=\"color: #333333;\">Proxy Holder \u2013 General Manager<\/span><\/em><\/p>\t\t\t\t\t\t\t\t<\/div>\n\t\t\t\t<\/div>\n\t\t\t\t<div class=\"elementor-element elementor-element-d1017e8 elementor-icon-list--layout-traditional elementor-list-item-link-full_width elementor-widget elementor-widget-icon-list\" data-id=\"d1017e8\" data-element_type=\"widget\" data-widget_type=\"icon-list.default\">\n\t\t\t\t<div class=\"elementor-widget-container\">\n\t\t\t\t\t\t\t<ul class=\"elementor-icon-list-items\">\n\t\t\t\t\t\t\t<li class=\"elementor-icon-list-item\">\n\t\t\t\t\t\t\t\t\t\t\t<a href=\"mailto:p.dybal@czaniecki.pl?subject=Wiadomo\u015b\u0107%20ze%20strony%20www\">\n\n\t\t\t\t\t\t\t\t\t\t\t\t<span class=\"elementor-icon-list-icon\">\n\t\t\t\t\t\t\t<i aria-hidden=\"true\" class=\"far fa-envelope\"><\/i>\t\t\t\t\t\t<\/span>\n\t\t\t\t\t\t\t\t\t\t<span class=\"elementor-icon-list-text\">p.dybal@czaniecki.pl<\/span>\n\t\t\t\t\t\t\t\t\t\t\t<\/a>\n\t\t\t\t\t\t\t\t\t<\/li>\n\t\t\t\t\t\t\t\t<li class=\"elementor-icon-list-item\">\n\t\t\t\t\t\t\t\t\t\t\t<a href=\"mailto:export@czaniecki.pl?subject=Wiadomo\u015b\u0107%20ze%20strony%20www\">\n\n\t\t\t\t\t\t\t\t\t\t\t\t<span class=\"elementor-icon-list-icon\">\n\t\t\t\t\t\t\t<i aria-hidden=\"true\" class=\"far fa-envelope\"><\/i>\t\t\t\t\t\t<\/span>\n\t\t\t\t\t\t\t\t\t\t<span class=\"elementor-icon-list-text\">export@czaniecki.pl<\/span>\n\t\t\t\t\t\t\t\t\t\t\t<\/a>\n\t\t\t\t\t\t\t\t\t<\/li>\n\t\t\t\t\t\t\t\t<li class=\"elementor-icon-list-item\">\n\t\t\t\t\t\t\t\t\t\t\t<span class=\"elementor-icon-list-icon\">\n\t\t\t\t\t\t\t<i aria-hidden=\"true\" class=\"fas fa-phone-alt\"><\/i>\t\t\t\t\t\t<\/span>\n\t\t\t\t\t\t\t\t\t\t<span class=\"elementor-icon-list-text\">(+48) 508 310 567<\/span>\n\t\t\t\t\t\t\t\t\t<\/li>\n\t\t\t\t\t\t<\/ul>\n\t\t\t\t\t\t<\/div>\n\t\t\t\t<\/div>\n\t\t\t\t\t<\/div>\n\t\t<\/div>\n\t\t\t\t\t<\/div>\n\t\t<\/section>\n\t\t\t\t<section class=\"elementor-section elementor-top-section elementor-element elementor-element-5eee4b2a elementor-section-boxed elementor-section-height-default elementor-section-height-default\" data-id=\"5eee4b2a\" data-element_type=\"section\">\n\t\t\t\t\t\t<div class=\"elementor-container elementor-column-gap-default\">\n\t\t\t\t\t<div class=\"elementor-column elementor-col-50 elementor-top-column elementor-element elementor-element-4be48b72\" data-id=\"4be48b72\" data-element_type=\"column\">\n\t\t\t<div class=\"elementor-widget-wrap\">\n\t\t\t\t\t\t\t<\/div>\n\t\t<\/div>\n\t\t\t\t<div class=\"elementor-column elementor-col-50 elementor-top-column elementor-element elementor-element-78fa01a7\" data-id=\"78fa01a7\" data-element_type=\"column\">\n\t\t\t<div class=\"elementor-widget-wrap elementor-element-populated\">\n\t\t\t\t\t\t<div class=\"elementor-element elementor-element-517a5639 elementor-widget elementor-widget-image\" data-id=\"517a5639\" data-element_type=\"widget\" data-settings=\"{&quot;motion_fx_motion_fx_scrolling&quot;:&quot;yes&quot;,&quot;motion_fx_translateY_effect&quot;:&quot;yes&quot;,&quot;motion_fx_translateY_speed&quot;:{&quot;unit&quot;:&quot;px&quot;,&quot;size&quot;:1.2,&quot;sizes&quot;:[]},&quot;motion_fx_translateY_affectedRange&quot;:{&quot;unit&quot;:&quot;%&quot;,&quot;size&quot;:&quot;&quot;,&quot;sizes&quot;:{&quot;start&quot;:0,&quot;end&quot;:100}},&quot;motion_fx_devices&quot;:[&quot;desktop&quot;,&quot;tablet&quot;,&quot;mobile&quot;]}\" data-widget_type=\"image.default\">\n\t\t\t\t<div class=\"elementor-widget-container\">\n\t\t\t\t\t\t\t\t\t\t\t\t\t\t\t<img fetchpriority=\"high\" decoding=\"async\" width=\"800\" height=\"571\" src=\"https:\/\/czaniecki.pl\/wp-content\/uploads\/2021\/09\/makaron_3@0.5x.png\" class=\"attachment-large size-large wp-image-2100\" alt=\"\" srcset=\"https:\/\/czaniecki.pl\/wp-content\/uploads\/2021\/09\/makaron_3@0.5x.png 801w, https:\/\/czaniecki.pl\/wp-content\/uploads\/2021\/09\/makaron_3@0.5x-300x214.png 300w, https:\/\/czaniecki.pl\/wp-content\/uploads\/2021\/09\/makaron_3@0.5x-768x548.png 768w\" sizes=\"(max-width: 800px) 100vw, 800px\" \/>\t\t\t\t\t\t\t\t\t\t\t\t\t\t\t<\/div>\n\t\t\t\t<\/div>\n\t\t\t\t\t<\/div>\n\t\t<\/div>\n\t\t\t\t\t<\/div>\n\t\t<\/section>\n\t\t\t\t<\/div>\n\t\t","protected":false},"excerpt":{"rendered":"<p>B2B and Export Cooperation Our B2B Department collaborates with numerous wholesalers, retail chains and export partners both in Poland and abroad. We invite you to cooperate with us. We are at your disposal. In the case of establishing wholesale orders or convenient delivery times. Sales department Przemys\u0142aw Sadlik \u2013 Trade manager p.sadlik@czaniecki.pl (+48) 505 188 [&hellip;]<\/p>\n","protected":false},"author":1,"featured_media":0,"parent":0,"menu_order":0,"comment_status":"closed","ping_status":"closed","template":"elementor_header_footer","meta":{"_acf_changed":false,"footnotes":""},"class_list":["post-2253","page","type-page","status-publish","hentry"],"acf":[],"yoast_head":"<!-- This site is optimized with the Yoast SEO plugin v26.4 - https:\/\/yoast.com\/wordpress\/plugins\/seo\/ -->\n<title>B2B - Czanieckie Makarony<\/title>\n<meta name=\"description\" content=\"The Czaniecki B2B department cooperates with numerous wholesalers and retail chains. See how we operate in the spirit of sustainable development.\" \/>\n<meta name=\"robots\" content=\"index, follow, max-snippet:-1, max-image-preview:large, max-video-preview:-1\" \/>\n<link rel=\"canonical\" href=\"https:\/\/czaniecki.pl\/en\/b2b\/\" \/>\n<meta property=\"og:locale\" content=\"en_US\" \/>\n<meta property=\"og:type\" content=\"article\" \/>\n<meta property=\"og:title\" content=\"B2B - Czanieckie Makarony\" \/>\n<meta property=\"og:description\" content=\"The Czaniecki B2B department cooperates with numerous wholesalers and retail chains. See how we operate in the spirit of sustainable development.\" \/>\n<meta property=\"og:url\" content=\"https:\/\/czaniecki.pl\/en\/b2b\/\" \/>\n<meta property=\"og:site_name\" content=\"Czanieckie Makarony\" \/>\n<meta property=\"article:modified_time\" content=\"2025-11-07T11:59:29+00:00\" \/>\n<meta property=\"og:image\" content=\"https:\/\/czaniecki.pl\/wp-content\/uploads\/2021\/09\/makaron_3@0.5x.png\" \/>\n\t<meta property=\"og:image:width\" content=\"801\" \/>\n\t<meta property=\"og:image:height\" content=\"572\" \/>\n\t<meta property=\"og:image:type\" content=\"image\/png\" \/>\n<meta name=\"twitter:card\" content=\"summary_large_image\" \/>\n<script type=\"application\/ld+json\" class=\"yoast-schema-graph\">{\"@context\":\"https:\/\/schema.org\",\"@graph\":[{\"@type\":\"WebPage\",\"@id\":\"https:\/\/czaniecki.pl\/en\/b2b\/\",\"url\":\"https:\/\/czaniecki.pl\/en\/b2b\/\",\"name\":\"B2B - Czanieckie Makarony\",\"isPartOf\":{\"@id\":\"https:\/\/czaniecki.pl\/#website\"},\"primaryImageOfPage\":{\"@id\":\"https:\/\/czaniecki.pl\/en\/b2b\/#primaryimage\"},\"image\":{\"@id\":\"https:\/\/czaniecki.pl\/en\/b2b\/#primaryimage\"},\"thumbnailUrl\":\"https:\/\/czaniecki.pl\/wp-content\/uploads\/2021\/09\/makaron_3@0.5x.png\",\"datePublished\":\"2021-10-01T05:18:24+00:00\",\"dateModified\":\"2025-11-07T11:59:29+00:00\",\"description\":\"The Czaniecki B2B department cooperates with numerous wholesalers and retail chains. See how we operate in the spirit of sustainable development.\",\"breadcrumb\":{\"@id\":\"https:\/\/czaniecki.pl\/en\/b2b\/#breadcrumb\"},\"inLanguage\":\"en-US\",\"potentialAction\":[{\"@type\":\"ReadAction\",\"target\":[\"https:\/\/czaniecki.pl\/en\/b2b\/\"]}]},{\"@type\":\"ImageObject\",\"inLanguage\":\"en-US\",\"@id\":\"https:\/\/czaniecki.pl\/en\/b2b\/#primaryimage\",\"url\":\"https:\/\/czaniecki.pl\/wp-content\/uploads\/2021\/09\/makaron_3@0.5x.png\",\"contentUrl\":\"https:\/\/czaniecki.pl\/wp-content\/uploads\/2021\/09\/makaron_3@0.5x.png\"},{\"@type\":\"BreadcrumbList\",\"@id\":\"https:\/\/czaniecki.pl\/en\/b2b\/#breadcrumb\",\"itemListElement\":[{\"@type\":\"ListItem\",\"position\":1,\"name\":\"Strona g\u0142\u00f3wna\",\"item\":\"https:\/\/czaniecki.pl\/\"},{\"@type\":\"ListItem\",\"position\":2,\"name\":\"B2B\"}]},{\"@type\":\"WebSite\",\"@id\":\"https:\/\/czaniecki.pl\/#website\",\"url\":\"https:\/\/czaniecki.pl\/\",\"name\":\"Czanieckie Makarony\",\"description\":\"25 lat tradycji i niemal 40 rodzaj\u00f3w makaron\u00f3w! Od kultowej krajanki po te, inspirowane kuchniami \u015bwiata. Czaniecki, tu zaczyna si\u0119 smak!\",\"publisher\":{\"@id\":\"https:\/\/czaniecki.pl\/#organization\"},\"potentialAction\":[{\"@type\":\"SearchAction\",\"target\":{\"@type\":\"EntryPoint\",\"urlTemplate\":\"https:\/\/czaniecki.pl\/?s={search_term_string}\"},\"query-input\":{\"@type\":\"PropertyValueSpecification\",\"valueRequired\":true,\"valueName\":\"search_term_string\"}}],\"inLanguage\":\"en-US\"},{\"@type\":\"Organization\",\"@id\":\"https:\/\/czaniecki.pl\/#organization\",\"name\":\"Czanieckie Makarony\",\"url\":\"https:\/\/czaniecki.pl\/\",\"logo\":{\"@type\":\"ImageObject\",\"inLanguage\":\"en-US\",\"@id\":\"https:\/\/czaniecki.pl\/#\/schema\/logo\/image\/\",\"url\":\"https:\/\/czaniecki.pl\/wp-content\/uploads\/2021\/09\/cropped-image-branding-logo-1.png\",\"contentUrl\":\"https:\/\/czaniecki.pl\/wp-content\/uploads\/2021\/09\/cropped-image-branding-logo-1.png\",\"width\":181,\"height\":239,\"caption\":\"Czanieckie Makarony\"},\"image\":{\"@id\":\"https:\/\/czaniecki.pl\/#\/schema\/logo\/image\/\"}}]}<\/script>\n<!-- \/ Yoast SEO plugin. -->","yoast_head_json":{"title":"B2B - Czanieckie Makarony","description":"The Czaniecki B2B department cooperates with numerous wholesalers and retail chains. See how we operate in the spirit of sustainable development.","robots":{"index":"index","follow":"follow","max-snippet":"max-snippet:-1","max-image-preview":"max-image-preview:large","max-video-preview":"max-video-preview:-1"},"canonical":"https:\/\/czaniecki.pl\/en\/b2b\/","og_locale":"en_US","og_type":"article","og_title":"B2B - Czanieckie Makarony","og_description":"The Czaniecki B2B department cooperates with numerous wholesalers and retail chains. See how we operate in the spirit of sustainable development.","og_url":"https:\/\/czaniecki.pl\/en\/b2b\/","og_site_name":"Czanieckie Makarony","article_modified_time":"2025-11-07T11:59:29+00:00","og_image":[{"width":801,"height":572,"url":"https:\/\/czaniecki.pl\/wp-content\/uploads\/2021\/09\/makaron_3@0.5x.png","type":"image\/png"}],"twitter_card":"summary_large_image","schema":{"@context":"https:\/\/schema.org","@graph":[{"@type":"WebPage","@id":"https:\/\/czaniecki.pl\/en\/b2b\/","url":"https:\/\/czaniecki.pl\/en\/b2b\/","name":"B2B - Czanieckie Makarony","isPartOf":{"@id":"https:\/\/czaniecki.pl\/#website"},"primaryImageOfPage":{"@id":"https:\/\/czaniecki.pl\/en\/b2b\/#primaryimage"},"image":{"@id":"https:\/\/czaniecki.pl\/en\/b2b\/#primaryimage"},"thumbnailUrl":"https:\/\/czaniecki.pl\/wp-content\/uploads\/2021\/09\/makaron_3@0.5x.png","datePublished":"2021-10-01T05:18:24+00:00","dateModified":"2025-11-07T11:59:29+00:00","description":"The Czaniecki B2B department cooperates with numerous wholesalers and retail chains. See how we operate in the spirit of sustainable development.","breadcrumb":{"@id":"https:\/\/czaniecki.pl\/en\/b2b\/#breadcrumb"},"inLanguage":"en-US","potentialAction":[{"@type":"ReadAction","target":["https:\/\/czaniecki.pl\/en\/b2b\/"]}]},{"@type":"ImageObject","inLanguage":"en-US","@id":"https:\/\/czaniecki.pl\/en\/b2b\/#primaryimage","url":"https:\/\/czaniecki.pl\/wp-content\/uploads\/2021\/09\/makaron_3@0.5x.png","contentUrl":"https:\/\/czaniecki.pl\/wp-content\/uploads\/2021\/09\/makaron_3@0.5x.png"},{"@type":"BreadcrumbList","@id":"https:\/\/czaniecki.pl\/en\/b2b\/#breadcrumb","itemListElement":[{"@type":"ListItem","position":1,"name":"Strona g\u0142\u00f3wna","item":"https:\/\/czaniecki.pl\/"},{"@type":"ListItem","position":2,"name":"B2B"}]},{"@type":"WebSite","@id":"https:\/\/czaniecki.pl\/#website","url":"https:\/\/czaniecki.pl\/","name":"Czanieckie Makarony","description":"25 lat tradycji i niemal 40 rodzaj\u00f3w makaron\u00f3w! Od kultowej krajanki po te, inspirowane kuchniami \u015bwiata. Czaniecki, tu zaczyna si\u0119 smak!","publisher":{"@id":"https:\/\/czaniecki.pl\/#organization"},"potentialAction":[{"@type":"SearchAction","target":{"@type":"EntryPoint","urlTemplate":"https:\/\/czaniecki.pl\/?s={search_term_string}"},"query-input":{"@type":"PropertyValueSpecification","valueRequired":true,"valueName":"search_term_string"}}],"inLanguage":"en-US"},{"@type":"Organization","@id":"https:\/\/czaniecki.pl\/#organization","name":"Czanieckie Makarony","url":"https:\/\/czaniecki.pl\/","logo":{"@type":"ImageObject","inLanguage":"en-US","@id":"https:\/\/czaniecki.pl\/#\/schema\/logo\/image\/","url":"https:\/\/czaniecki.pl\/wp-content\/uploads\/2021\/09\/cropped-image-branding-logo-1.png","contentUrl":"https:\/\/czaniecki.pl\/wp-content\/uploads\/2021\/09\/cropped-image-branding-logo-1.png","width":181,"height":239,"caption":"Czanieckie Makarony"},"image":{"@id":"https:\/\/czaniecki.pl\/#\/schema\/logo\/image\/"}}]}},"_links":{"self":[{"href":"https:\/\/czaniecki.pl\/en\/wp-json\/wp\/v2\/pages\/2253","targetHints":{"allow":["GET"]}}],"collection":[{"href":"https:\/\/czaniecki.pl\/en\/wp-json\/wp\/v2\/pages"}],"about":[{"href":"https:\/\/czaniecki.pl\/en\/wp-json\/wp\/v2\/types\/page"}],"author":[{"embeddable":true,"href":"https:\/\/czaniecki.pl\/en\/wp-json\/wp\/v2\/users\/1"}],"replies":[{"embeddable":true,"href":"https:\/\/czaniecki.pl\/en\/wp-json\/wp\/v2\/comments?post=2253"}],"version-history":[{"count":10,"href":"https:\/\/czaniecki.pl\/en\/wp-json\/wp\/v2\/pages\/2253\/revisions"}],"predecessor-version":[{"id":4721,"href":"https:\/\/czaniecki.pl\/en\/wp-json\/wp\/v2\/pages\/2253\/revisions\/4721"}],"wp:attachment":[{"href":"https:\/\/czaniecki.pl\/en\/wp-json\/wp\/v2\/media?parent=2253"}],"curies":[{"name":"wp","href":"https:\/\/api.w.org\/{rel}","templated":true}]}}