{"id":2264,"date":"2021-10-01T07:18:32","date_gmt":"2021-10-01T05:18:32","guid":{"rendered":"http:\/\/serwer111560.lh.pl\/czanieckie2021\/career\/"},"modified":"2022-02-06T10:55:37","modified_gmt":"2022-02-06T09:55:37","slug":"career","status":"publish","type":"page","link":"https:\/\/czaniecki.pl\/en\/career\/","title":{"rendered":"Career"},"content":{"rendered":"\t\t<div data-elementor-type=\"wp-page\" data-elementor-id=\"2264\" class=\"elementor elementor-2264 elementor-652\" data-elementor-post-type=\"page\">\n\t\t\t\t\t\t<section class=\"elementor-section elementor-inner-section elementor-element elementor-element-69082f3d elementor-section-boxed elementor-section-height-default elementor-section-height-default\" data-id=\"69082f3d\" data-element_type=\"section\" data-settings=\"{&quot;background_background&quot;:&quot;classic&quot;}\">\n\t\t\t\t\t\t<div class=\"elementor-container elementor-column-gap-default\">\n\t\t\t\t\t<div class=\"elementor-column elementor-col-50 elementor-inner-column elementor-element elementor-element-dd1b4f5\" data-id=\"dd1b4f5\" data-element_type=\"column\">\n\t\t\t<div class=\"elementor-widget-wrap\">\n\t\t\t\t\t\t\t<\/div>\n\t\t<\/div>\n\t\t\t\t<div class=\"elementor-column elementor-col-50 elementor-inner-column elementor-element elementor-element-715050f3\" data-id=\"715050f3\" data-element_type=\"column\">\n\t\t\t<div class=\"elementor-widget-wrap elementor-element-populated\">\n\t\t\t\t\t\t<div class=\"elementor-element elementor-element-60a3d021 elementor-widget elementor-widget-heading\" data-id=\"60a3d021\" data-element_type=\"widget\" data-widget_type=\"heading.default\">\n\t\t\t\t<div class=\"elementor-widget-container\">\n\t\t\t\t\t<h1 class=\"elementor-heading-title elementor-size-default\">CAREER IN OUR COMPANY<\/h1>\t\t\t\t<\/div>\n\t\t\t\t<\/div>\n\t\t\t\t<div class=\"elementor-element elementor-element-2f278f40 elementor-widget-divider--view-line elementor-widget elementor-widget-divider\" data-id=\"2f278f40\" data-element_type=\"widget\" data-widget_type=\"divider.default\">\n\t\t\t\t<div class=\"elementor-widget-container\">\n\t\t\t\t\t\t\t<div class=\"elementor-divider\">\n\t\t\t<span class=\"elementor-divider-separator\">\n\t\t\t\t\t\t<\/span>\n\t\t<\/div>\n\t\t\t\t\t\t<\/div>\n\t\t\t\t<\/div>\n\t\t\t\t<div class=\"elementor-element elementor-element-27b995e5 elementor-widget elementor-widget-heading\" data-id=\"27b995e5\" data-element_type=\"widget\" data-widget_type=\"heading.default\">\n\t\t\t\t<div class=\"elementor-widget-container\">\n\t\t\t\t\t<p class=\"elementor-heading-title elementor-size-default\">Do you want to develop your potential and work in a unique place where you will be able to develop your passions and skills? At Czanieckie Makarons, we focus on good relations, team cooperation and transparent conditions. <\/p>\t\t\t\t<\/div>\n\t\t\t\t<\/div>\n\t\t\t\t\t<\/div>\n\t\t<\/div>\n\t\t\t\t\t<\/div>\n\t\t<\/section>\n\t\t\t\t<section class=\"elementor-section elementor-top-section elementor-element elementor-element-77deee6 elementor-section-boxed elementor-section-height-default elementor-section-height-default\" data-id=\"77deee6\" data-element_type=\"section\">\n\t\t\t\t\t\t<div class=\"elementor-container elementor-column-gap-default\">\n\t\t\t\t\t<div class=\"elementor-column elementor-col-25 elementor-top-column elementor-element elementor-element-c098577\" data-id=\"c098577\" data-element_type=\"column\">\n\t\t\t<div class=\"elementor-widget-wrap\">\n\t\t\t\t\t\t\t<\/div>\n\t\t<\/div>\n\t\t\t\t<div class=\"elementor-column elementor-col-50 elementor-top-column elementor-element elementor-element-d90565c\" data-id=\"d90565c\" data-element_type=\"column\">\n\t\t\t<div class=\"elementor-widget-wrap elementor-element-populated\">\n\t\t\t\t\t\t<div class=\"elementor-element elementor-element-8e34292 elementor-widget elementor-widget-heading\" data-id=\"8e34292\" data-element_type=\"widget\" data-widget_type=\"heading.default\">\n\t\t\t\t<div class=\"elementor-widget-container\">\n\t\t\t\t\t<h2 class=\"elementor-heading-title elementor-size-default\">Work in Czanieckie Makarony<\/h2>\t\t\t\t<\/div>\n\t\t\t\t<\/div>\n\t\t\t\t<div class=\"elementor-element elementor-element-63d794b elementor-widget elementor-widget-heading\" data-id=\"63d794b\" data-element_type=\"widget\" data-widget_type=\"heading.default\">\n\t\t\t\t<div class=\"elementor-widget-container\">\n\t\t\t\t\t<p class=\"elementor-heading-title elementor-size-default\">We are not currently recruiting in our company. Still, if you want to work for us, you can send us your CV. We reserve the right to contact only selected candidates.\n<\/p>\t\t\t\t<\/div>\n\t\t\t\t<\/div>\n\t\t\t\t\t<\/div>\n\t\t<\/div>\n\t\t\t\t<div class=\"elementor-column elementor-col-25 elementor-top-column elementor-element elementor-element-e0b062b\" data-id=\"e0b062b\" data-element_type=\"column\">\n\t\t\t<div class=\"elementor-widget-wrap\">\n\t\t\t\t\t\t\t<\/div>\n\t\t<\/div>\n\t\t\t\t\t<\/div>\n\t\t<\/section>\n\t\t\t\t<section class=\"elementor-section elementor-top-section elementor-element elementor-element-45ca5152 elementor-section-content-middle elementor-section-boxed elementor-section-height-default elementor-section-height-default\" data-id=\"45ca5152\" data-element_type=\"section\" data-settings=\"{&quot;background_background&quot;:&quot;classic&quot;}\">\n\t\t\t\t\t\t<div class=\"elementor-container elementor-column-gap-default\">\n\t\t\t\t\t<div class=\"elementor-column elementor-col-50 elementor-top-column elementor-element elementor-element-5982b4be\" data-id=\"5982b4be\" data-element_type=\"column\" data-settings=\"{&quot;background_background&quot;:&quot;classic&quot;}\">\n\t\t\t<div class=\"elementor-widget-wrap elementor-element-populated\">\n\t\t\t\t\t\t<div class=\"elementor-element elementor-element-7107ae0 elementor-widget elementor-widget-heading\" data-id=\"7107ae0\" data-element_type=\"widget\" data-widget_type=\"heading.default\">\n\t\t\t\t<div class=\"elementor-widget-container\">\n\t\t\t\t\t<h2 class=\"elementor-heading-title elementor-size-default\">If you are interested in working in Czanieckie Pasta, please send us your CV. Remember to include the GDPR clause in the documents you send. <\/h2>\t\t\t\t<\/div>\n\t\t\t\t<\/div>\n\t\t\t\t<div class=\"elementor-element elementor-element-19252c7 elementor-widget elementor-widget-text-editor\" data-id=\"19252c7\" data-element_type=\"widget\" data-widget_type=\"text-editor.default\">\n\t\t\t\t<div class=\"elementor-widget-container\">\n\t\t\t\t\t\t\t\t\t<p>Corresponding Formula Below: <\/p>\t\t\t\t\t\t\t\t<\/div>\n\t\t\t\t<\/div>\n\t\t\t\t<div class=\"elementor-element elementor-element-7a9dfff8 elementor-widget elementor-widget-text-editor\" data-id=\"7a9dfff8\" data-element_type=\"widget\" data-widget_type=\"text-editor.default\">\n\t\t\t\t<div class=\"elementor-widget-container\">\n\t\t\t\t\t\t\t\t\t<p>Wyra\u017cam zgod\u0119 na przetwarzanie moich danych osobowych dla potrzeb niezb\u0119dnych do realizacji procesu rekrutacji (zgodnie z ustaw\u0105 z dnia 10 maja 2018 roku o ochronie danych osobowych (Dz. Ustaw z 2018, poz. 1000) oraz zgodnie z Rozporz\u0105dzeniem Parlamentu Europejskiego i Rady (UE) 2016\/679 z dnia 27 kwietnia 2016 r. w sprawie ochrony os\u00f3b fizycznych w zwi\u0105zku z przetwarzaniem danych osobowych i w sprawie swobodnego przep\u0142ywu takich danych oraz uchylenia dyrektywy 95\/46\/WE (RODO).<\/p><p>Wyra\u017cam zgod\u0119 na przetwarzanie danych osobowych zawartych w moim CV dla cel\u00f3w przysz\u0142ych proces\u00f3w rekrutacji na stanowisko &#8230;&#8230;&#8230;&#8230;&#8230;&#8230;.. u Pracodawcy &#8230;&#8230;&#8230;&#8230;&#8230;&#8230;.. (adres &#8230;&#8230;&#8230;&#8230;&#8230;&#8230;.., e-mail &#8230;&#8230;&#8230;&#8230;&#8230;&#8230;.., tel. &#8230;&#8230;&#8230;&#8230;&#8230;&#8230;..), b\u0119d\u0105cego administratorem danych.<\/p><p>Jednocze\u015bnie przyjmuj\u0119 do wiadomo\u015bci, \u017ce przekazane CV b\u0119dzie przechowywane przez okres roku od jego z\u0142o\u017cenia. Po tym terminie zostanie automatycznie usuni\u0119te z bazy danych.<\/p><p>O\u015bwiadczam, \u017ce zosta\u0142em poinformowany, i\u017c:<\/p><ol><li>a) administratorem moich danych osobowych jest &#8230;&#8230;&#8230;&#8230;&#8230;&#8230;.. z siedzib\u0105 w &#8230;&#8230;&#8230;&#8230;&#8230;&#8230;.. przy ul. &#8230;&#8230;&#8230;&#8230;&#8230;&#8230;.., &#8230;&#8230;&#8230;&#8230;&#8230;&#8230;.., nr KRS &#8230;&#8230;&#8230;&#8230;&#8230;&#8230;.., a podanie przeze mnie danych osobowych jest dobrowolne;<\/li><li>b) mog\u0119 kontaktowa\u0107 si\u0119 z inspektorem ochrony danych w firmie pod adresem korespondencyjnym &#8230;&#8230;&#8230;&#8230;&#8230;&#8230;.., adresem e-mail &#8230;&#8230;&#8230;&#8230;&#8230;&#8230;.., tel. &#8230;&#8230;&#8230;&#8230;&#8230;&#8230;..;<\/li><li>c) posiadam prawo dost\u0119pu do tre\u015bci swoich danych osobowych, prawo do ich sprostowania, usuni\u0119cia, jak r\u00f3wnie\u017c do ograniczenia ich przetwarzania, do cofni\u0119cia zgody, do przenoszenia danych, do wniesienia sprzeciwu wobec przetwarzania danych osobowych;<\/li><li>d) przys\u0142uguje mi prawo do wniesienia skargi do organu nadzorczego (Prezesa Urz\u0119du Ochrony Danych Osobowych w Warszawie), je\u015bli moim zdaniem przetwarzanie danych osobowych narusza przepisy unijnego rozporz\u0105dzenia RODO;<\/li><li>e) moje dane osobowe nie b\u0119d\u0105 przekazywane \u017cadnym odbiorcom danych;<\/li><li>f) moje dane osobowe nie b\u0119d\u0105 przetwarzane w spos\u00f3b zautomatyzowany i nie b\u0119d\u0105 profilowane;<\/li><li>g) wyra\u017cenie niniejszej zgody nie zwalnia administratora z obowi\u0105zk\u00f3w wynikaj\u0105cych z powszechnie obowi\u0105zuj\u0105cych przepis\u00f3w prawa co do zabezpieczania przetwarzanych danych oraz ich legalnego przetwarzania.<\/li><\/ol><p>&#8230;&#8230;&#8230;&#8230;&#8230;&#8230;&#8230;&#8230;&#8230;&#8230;&#8230;&#8230;&#8230;<\/p><p>data i podpis kandydata<\/p><p> <\/p>\t\t\t\t\t\t\t\t<\/div>\n\t\t\t\t<\/div>\n\t\t\t\t\t<\/div>\n\t\t<\/div>\n\t\t\t\t<div class=\"elementor-column elementor-col-50 elementor-top-column elementor-element elementor-element-6894c8f1\" data-id=\"6894c8f1\" data-element_type=\"column\" data-settings=\"{&quot;background_background&quot;:&quot;classic&quot;}\">\n\t\t\t<div class=\"elementor-widget-wrap elementor-element-populated\">\n\t\t\t\t\t\t<div class=\"elementor-element elementor-element-c75b2e7 elementor-widget elementor-widget-image\" data-id=\"c75b2e7\" data-element_type=\"widget\" data-widget_type=\"image.default\">\n\t\t\t\t<div class=\"elementor-widget-container\">\n\t\t\t\t\t\t\t\t\t\t\t\t\t\t\t<img fetchpriority=\"high\" decoding=\"async\" width=\"800\" height=\"956\" src=\"https:\/\/czaniecki.pl\/wp-content\/uploads\/2021\/10\/kariera-857x1024.jpg\" class=\"attachment-large size-large wp-image-2117\" alt=\"Praca w Czanieckich Makaronach\" srcset=\"https:\/\/czaniecki.pl\/wp-content\/uploads\/2021\/10\/kariera-857x1024.jpg 857w, https:\/\/czaniecki.pl\/wp-content\/uploads\/2021\/10\/kariera-251x300.jpg 251w, https:\/\/czaniecki.pl\/wp-content\/uploads\/2021\/10\/kariera-768x917.jpg 768w, https:\/\/czaniecki.pl\/wp-content\/uploads\/2021\/10\/kariera-1286x1536.jpg 1286w, https:\/\/czaniecki.pl\/wp-content\/uploads\/2021\/10\/kariera-1715x2048.jpg 1715w\" sizes=\"(max-width: 800px) 100vw, 800px\" \/>\t\t\t\t\t\t\t\t\t\t\t\t\t\t\t<\/div>\n\t\t\t\t<\/div>\n\t\t\t\t\t<\/div>\n\t\t<\/div>\n\t\t\t\t\t<\/div>\n\t\t<\/section>\n\t\t\t\t<section class=\"elementor-section elementor-top-section elementor-element elementor-element-0603699 elementor-section-boxed elementor-section-height-default elementor-section-height-default\" data-id=\"0603699\" data-element_type=\"section\" data-settings=\"{&quot;background_background&quot;:&quot;classic&quot;}\">\n\t\t\t\t\t\t<div class=\"elementor-container elementor-column-gap-default\">\n\t\t\t\t\t<div class=\"elementor-column elementor-col-50 elementor-top-column elementor-element elementor-element-efbe66c\" data-id=\"efbe66c\" data-element_type=\"column\">\n\t\t\t<div class=\"elementor-widget-wrap\">\n\t\t\t\t\t\t\t<\/div>\n\t\t<\/div>\n\t\t\t\t<div class=\"elementor-column elementor-col-50 elementor-top-column elementor-element elementor-element-bad0ecc\" data-id=\"bad0ecc\" data-element_type=\"column\" data-settings=\"{&quot;background_background&quot;:&quot;classic&quot;}\">\n\t\t\t<div class=\"elementor-widget-wrap elementor-element-populated\">\n\t\t\t\t\t\t<div class=\"elementor-element elementor-element-ca84983 elementor-widget elementor-widget-spacer\" data-id=\"ca84983\" data-element_type=\"widget\" data-widget_type=\"spacer.default\">\n\t\t\t\t<div class=\"elementor-widget-container\">\n\t\t\t\t\t\t\t<div class=\"elementor-spacer\">\n\t\t\t<div class=\"elementor-spacer-inner\"><\/div>\n\t\t<\/div>\n\t\t\t\t\t\t<\/div>\n\t\t\t\t<\/div>\n\t\t\t\t\t<\/div>\n\t\t<\/div>\n\t\t\t\t\t<\/div>\n\t\t<\/section>\n\t\t\t\t<section class=\"elementor-section elementor-top-section elementor-element elementor-element-c8a8680 elementor-section-boxed elementor-section-height-default elementor-section-height-default\" data-id=\"c8a8680\" data-element_type=\"section\">\n\t\t\t\t\t\t<div class=\"elementor-container elementor-column-gap-default\">\n\t\t\t\t\t<div class=\"elementor-column elementor-col-33 elementor-top-column elementor-element elementor-element-9b68da2\" data-id=\"9b68da2\" data-element_type=\"column\">\n\t\t\t<div class=\"elementor-widget-wrap\">\n\t\t\t\t\t\t\t<\/div>\n\t\t<\/div>\n\t\t\t\t<div class=\"elementor-column elementor-col-33 elementor-top-column elementor-element elementor-element-20ebbff\" data-id=\"20ebbff\" data-element_type=\"column\">\n\t\t\t<div class=\"elementor-widget-wrap elementor-element-populated\">\n\t\t\t\t\t\t<div class=\"elementor-element elementor-element-251770f elementor-align-center elementor-widget elementor-widget-button\" data-id=\"251770f\" data-element_type=\"widget\" data-widget_type=\"button.default\">\n\t\t\t\t<div class=\"elementor-widget-container\">\n\t\t\t\t\t\t\t\t\t<div class=\"elementor-button-wrapper\">\n\t\t\t\t\t<a class=\"elementor-button elementor-button-link elementor-size-md\" href=\"#\">\n\t\t\t\t\t\t<span class=\"elementor-button-content-wrapper\">\n\t\t\t\t\t\t<span class=\"elementor-button-icon\">\n\t\t\t\t<i aria-hidden=\"true\" class=\"fas fa-file-download\"><\/i>\t\t\t<\/span>\n\t\t\t\t\t\t\t\t\t<span class=\"elementor-button-text\">Sample CV for download<\/span>\n\t\t\t\t\t<\/span>\n\t\t\t\t\t<\/a>\n\t\t\t\t<\/div>\n\t\t\t\t\t\t\t\t<\/div>\n\t\t\t\t<\/div>\n\t\t\t\t\t<\/div>\n\t\t<\/div>\n\t\t\t\t<div class=\"elementor-column elementor-col-33 elementor-top-column elementor-element elementor-element-d92a6aa\" data-id=\"d92a6aa\" data-element_type=\"column\">\n\t\t\t<div class=\"elementor-widget-wrap\">\n\t\t\t\t\t\t\t<\/div>\n\t\t<\/div>\n\t\t\t\t\t<\/div>\n\t\t<\/section>\n\t\t\t\t<\/div>\n\t\t","protected":false},"excerpt":{"rendered":"<p>CAREER IN OUR COMPANY Do you want to develop your potential and work in a unique place where you will be able to develop your passions and skills? At Czanieckie Makarons, we focus on good relations, team cooperation and transparent conditions. Work in Czanieckie Makarony We are not currently recruiting in our company. Still, if [&hellip;]<\/p>\n","protected":false},"author":1,"featured_media":2117,"parent":0,"menu_order":0,"comment_status":"closed","ping_status":"closed","template":"elementor_header_footer","meta":{"_acf_changed":false,"footnotes":""},"class_list":["post-2264","page","type-page","status-publish","has-post-thumbnail","hentry"],"acf":[],"yoast_head":"<!-- This site is optimized with the Yoast SEO plugin v26.4 - https:\/\/yoast.com\/wordpress\/plugins\/seo\/ -->\n<title>Career - Czanieckie Makarony<\/title>\n<meta name=\"robots\" content=\"index, follow, max-snippet:-1, max-image-preview:large, max-video-preview:-1\" \/>\n<link rel=\"canonical\" href=\"https:\/\/czaniecki.pl\/en\/career\/\" \/>\n<meta property=\"og:locale\" content=\"en_US\" \/>\n<meta property=\"og:type\" content=\"article\" \/>\n<meta property=\"og:title\" content=\"Career - Czanieckie Makarony\" \/>\n<meta property=\"og:description\" content=\"CAREER IN OUR COMPANY Do you want to develop your potential and work in a unique place where you will be able to develop your passions and skills? At Czanieckie Makarons, we focus on good relations, team cooperation and transparent conditions. Work in Czanieckie Makarony We are not currently recruiting in our company. Still, if [&hellip;]\" \/>\n<meta property=\"og:url\" content=\"https:\/\/czaniecki.pl\/en\/career\/\" \/>\n<meta property=\"og:site_name\" content=\"Czanieckie Makarony\" \/>\n<meta property=\"article:modified_time\" content=\"2022-02-06T09:55:37+00:00\" \/>\n<meta property=\"og:image\" content=\"http:\/\/serwer111560.lh.pl\/czanieckie2021\/wp-content\/uploads\/2021\/10\/kariera-857x1024.jpg\" \/>\n<meta name=\"twitter:card\" content=\"summary_large_image\" \/>\n<meta name=\"twitter:label1\" content=\"Est. reading time\" \/>\n\t<meta name=\"twitter:data1\" content=\"2 minutes\" \/>\n<script type=\"application\/ld+json\" class=\"yoast-schema-graph\">{\"@context\":\"https:\/\/schema.org\",\"@graph\":[{\"@type\":\"WebPage\",\"@id\":\"https:\/\/czaniecki.pl\/en\/career\/\",\"url\":\"https:\/\/czaniecki.pl\/en\/career\/\",\"name\":\"Career - Czanieckie Makarony\",\"isPartOf\":{\"@id\":\"https:\/\/czaniecki.pl\/#website\"},\"primaryImageOfPage\":{\"@id\":\"https:\/\/czaniecki.pl\/en\/career\/#primaryimage\"},\"image\":{\"@id\":\"https:\/\/czaniecki.pl\/en\/career\/#primaryimage\"},\"thumbnailUrl\":\"https:\/\/czaniecki.pl\/wp-content\/uploads\/2021\/10\/kariera-scaled.jpg\",\"datePublished\":\"2021-10-01T05:18:32+00:00\",\"dateModified\":\"2022-02-06T09:55:37+00:00\",\"breadcrumb\":{\"@id\":\"https:\/\/czaniecki.pl\/en\/career\/#breadcrumb\"},\"inLanguage\":\"en-US\",\"potentialAction\":[{\"@type\":\"ReadAction\",\"target\":[\"https:\/\/czaniecki.pl\/en\/career\/\"]}]},{\"@type\":\"ImageObject\",\"inLanguage\":\"en-US\",\"@id\":\"https:\/\/czaniecki.pl\/en\/career\/#primaryimage\",\"url\":\"https:\/\/czaniecki.pl\/wp-content\/uploads\/2021\/10\/kariera-scaled.jpg\",\"contentUrl\":\"https:\/\/czaniecki.pl\/wp-content\/uploads\/2021\/10\/kariera-scaled.jpg\",\"width\":2143,\"height\":2560,\"caption\":\"Praca w Czanieckich Makaronach\"},{\"@type\":\"BreadcrumbList\",\"@id\":\"https:\/\/czaniecki.pl\/en\/career\/#breadcrumb\",\"itemListElement\":[{\"@type\":\"ListItem\",\"position\":1,\"name\":\"Strona g\u0142\u00f3wna\",\"item\":\"https:\/\/czaniecki.pl\/\"},{\"@type\":\"ListItem\",\"position\":2,\"name\":\"Career\"}]},{\"@type\":\"WebSite\",\"@id\":\"https:\/\/czaniecki.pl\/#website\",\"url\":\"https:\/\/czaniecki.pl\/\",\"name\":\"Czanieckie Makarony\",\"description\":\"25 lat tradycji i niemal 40 rodzaj\u00f3w makaron\u00f3w! Od kultowej krajanki po te, inspirowane kuchniami \u015bwiata. Czaniecki, tu zaczyna si\u0119 smak!\",\"publisher\":{\"@id\":\"https:\/\/czaniecki.pl\/#organization\"},\"potentialAction\":[{\"@type\":\"SearchAction\",\"target\":{\"@type\":\"EntryPoint\",\"urlTemplate\":\"https:\/\/czaniecki.pl\/?s={search_term_string}\"},\"query-input\":{\"@type\":\"PropertyValueSpecification\",\"valueRequired\":true,\"valueName\":\"search_term_string\"}}],\"inLanguage\":\"en-US\"},{\"@type\":\"Organization\",\"@id\":\"https:\/\/czaniecki.pl\/#organization\",\"name\":\"Czanieckie Makarony\",\"url\":\"https:\/\/czaniecki.pl\/\",\"logo\":{\"@type\":\"ImageObject\",\"inLanguage\":\"en-US\",\"@id\":\"https:\/\/czaniecki.pl\/#\/schema\/logo\/image\/\",\"url\":\"https:\/\/czaniecki.pl\/wp-content\/uploads\/2021\/09\/cropped-image-branding-logo-1.png\",\"contentUrl\":\"https:\/\/czaniecki.pl\/wp-content\/uploads\/2021\/09\/cropped-image-branding-logo-1.png\",\"width\":181,\"height\":239,\"caption\":\"Czanieckie Makarony\"},\"image\":{\"@id\":\"https:\/\/czaniecki.pl\/#\/schema\/logo\/image\/\"}}]}<\/script>\n<!-- \/ Yoast SEO plugin. -->","yoast_head_json":{"title":"Career - Czanieckie Makarony","robots":{"index":"index","follow":"follow","max-snippet":"max-snippet:-1","max-image-preview":"max-image-preview:large","max-video-preview":"max-video-preview:-1"},"canonical":"https:\/\/czaniecki.pl\/en\/career\/","og_locale":"en_US","og_type":"article","og_title":"Career - Czanieckie Makarony","og_description":"CAREER IN OUR COMPANY Do you want to develop your potential and work in a unique place where you will be able to develop your passions and skills? At Czanieckie Makarons, we focus on good relations, team cooperation and transparent conditions. Work in Czanieckie Makarony We are not currently recruiting in our company. Still, if [&hellip;]","og_url":"https:\/\/czaniecki.pl\/en\/career\/","og_site_name":"Czanieckie Makarony","article_modified_time":"2022-02-06T09:55:37+00:00","og_image":[{"url":"http:\/\/serwer111560.lh.pl\/czanieckie2021\/wp-content\/uploads\/2021\/10\/kariera-857x1024.jpg","type":"","width":"","height":""}],"twitter_card":"summary_large_image","twitter_misc":{"Est. reading time":"2 minutes"},"schema":{"@context":"https:\/\/schema.org","@graph":[{"@type":"WebPage","@id":"https:\/\/czaniecki.pl\/en\/career\/","url":"https:\/\/czaniecki.pl\/en\/career\/","name":"Career - Czanieckie Makarony","isPartOf":{"@id":"https:\/\/czaniecki.pl\/#website"},"primaryImageOfPage":{"@id":"https:\/\/czaniecki.pl\/en\/career\/#primaryimage"},"image":{"@id":"https:\/\/czaniecki.pl\/en\/career\/#primaryimage"},"thumbnailUrl":"https:\/\/czaniecki.pl\/wp-content\/uploads\/2021\/10\/kariera-scaled.jpg","datePublished":"2021-10-01T05:18:32+00:00","dateModified":"2022-02-06T09:55:37+00:00","breadcrumb":{"@id":"https:\/\/czaniecki.pl\/en\/career\/#breadcrumb"},"inLanguage":"en-US","potentialAction":[{"@type":"ReadAction","target":["https:\/\/czaniecki.pl\/en\/career\/"]}]},{"@type":"ImageObject","inLanguage":"en-US","@id":"https:\/\/czaniecki.pl\/en\/career\/#primaryimage","url":"https:\/\/czaniecki.pl\/wp-content\/uploads\/2021\/10\/kariera-scaled.jpg","contentUrl":"https:\/\/czaniecki.pl\/wp-content\/uploads\/2021\/10\/kariera-scaled.jpg","width":2143,"height":2560,"caption":"Praca w Czanieckich Makaronach"},{"@type":"BreadcrumbList","@id":"https:\/\/czaniecki.pl\/en\/career\/#breadcrumb","itemListElement":[{"@type":"ListItem","position":1,"name":"Strona g\u0142\u00f3wna","item":"https:\/\/czaniecki.pl\/"},{"@type":"ListItem","position":2,"name":"Career"}]},{"@type":"WebSite","@id":"https:\/\/czaniecki.pl\/#website","url":"https:\/\/czaniecki.pl\/","name":"Czanieckie Makarony","description":"25 lat tradycji i niemal 40 rodzaj\u00f3w makaron\u00f3w! Od kultowej krajanki po te, inspirowane kuchniami \u015bwiata. Czaniecki, tu zaczyna si\u0119 smak!","publisher":{"@id":"https:\/\/czaniecki.pl\/#organization"},"potentialAction":[{"@type":"SearchAction","target":{"@type":"EntryPoint","urlTemplate":"https:\/\/czaniecki.pl\/?s={search_term_string}"},"query-input":{"@type":"PropertyValueSpecification","valueRequired":true,"valueName":"search_term_string"}}],"inLanguage":"en-US"},{"@type":"Organization","@id":"https:\/\/czaniecki.pl\/#organization","name":"Czanieckie Makarony","url":"https:\/\/czaniecki.pl\/","logo":{"@type":"ImageObject","inLanguage":"en-US","@id":"https:\/\/czaniecki.pl\/#\/schema\/logo\/image\/","url":"https:\/\/czaniecki.pl\/wp-content\/uploads\/2021\/09\/cropped-image-branding-logo-1.png","contentUrl":"https:\/\/czaniecki.pl\/wp-content\/uploads\/2021\/09\/cropped-image-branding-logo-1.png","width":181,"height":239,"caption":"Czanieckie Makarony"},"image":{"@id":"https:\/\/czaniecki.pl\/#\/schema\/logo\/image\/"}}]}},"_links":{"self":[{"href":"https:\/\/czaniecki.pl\/en\/wp-json\/wp\/v2\/pages\/2264","targetHints":{"allow":["GET"]}}],"collection":[{"href":"https:\/\/czaniecki.pl\/en\/wp-json\/wp\/v2\/pages"}],"about":[{"href":"https:\/\/czaniecki.pl\/en\/wp-json\/wp\/v2\/types\/page"}],"author":[{"embeddable":true,"href":"https:\/\/czaniecki.pl\/en\/wp-json\/wp\/v2\/users\/1"}],"replies":[{"embeddable":true,"href":"https:\/\/czaniecki.pl\/en\/wp-json\/wp\/v2\/comments?post=2264"}],"version-history":[{"count":1,"href":"https:\/\/czaniecki.pl\/en\/wp-json\/wp\/v2\/pages\/2264\/revisions"}],"predecessor-version":[{"id":2265,"href":"https:\/\/czaniecki.pl\/en\/wp-json\/wp\/v2\/pages\/2264\/revisions\/2265"}],"wp:featuredmedia":[{"embeddable":true,"href":"https:\/\/czaniecki.pl\/en\/wp-json\/wp\/v2\/media\/2117"}],"wp:attachment":[{"href":"https:\/\/czaniecki.pl\/en\/wp-json\/wp\/v2\/media?parent=2264"}],"curies":[{"name":"wp","href":"https:\/\/api.w.org\/{rel}","templated":true}]}}