{"id":2878,"date":"2023-02-07T10:56:05","date_gmt":"2023-02-07T09:56:05","guid":{"rendered":"https:\/\/czaniecki.pl\/pasta\/2-eggs-pasta\/"},"modified":"2023-02-13T13:57:44","modified_gmt":"2023-02-13T12:57:44","slug":"2-eggs-pasta","status":"publish","type":"page","link":"https:\/\/czaniecki.pl\/en\/pasta\/2-eggs-pasta\/","title":{"rendered":"2-eggs pasta"},"content":{"rendered":"\t\t<div data-elementor-type=\"wp-page\" data-elementor-id=\"2878\" class=\"elementor elementor-2878 elementor-2865\" data-elementor-post-type=\"page\">\n\t\t\t\t\t\t<section class=\"elementor-section elementor-inner-section elementor-element elementor-element-5fd1fa0a elementor-section-boxed elementor-section-height-default elementor-section-height-default\" data-id=\"5fd1fa0a\" data-element_type=\"section\" data-settings=\"{&quot;background_background&quot;:&quot;classic&quot;}\">\n\t\t\t\t\t\t<div class=\"elementor-container elementor-column-gap-default\">\n\t\t\t\t\t<div class=\"elementor-column elementor-col-50 elementor-inner-column elementor-element elementor-element-28d7b2b4\" data-id=\"28d7b2b4\" data-element_type=\"column\">\n\t\t\t<div class=\"elementor-widget-wrap elementor-element-populated\">\n\t\t\t\t\t\t<div class=\"elementor-element elementor-element-2362e98e elementor-widget elementor-widget-image\" data-id=\"2362e98e\" data-element_type=\"widget\" data-widget_type=\"image.default\">\n\t\t\t\t<div class=\"elementor-widget-container\">\n\t\t\t\t\t\t\t\t\t\t\t\t\t\t\t<img fetchpriority=\"high\" decoding=\"async\" width=\"800\" height=\"800\" src=\"https:\/\/czaniecki.pl\/wp-content\/uploads\/2022\/01\/niteczka_ekstra.jpg\" class=\"attachment-large size-large wp-image-2204\" alt=\"\" srcset=\"https:\/\/czaniecki.pl\/wp-content\/uploads\/2022\/01\/niteczka_ekstra.jpg 800w, https:\/\/czaniecki.pl\/wp-content\/uploads\/2022\/01\/niteczka_ekstra-300x300.jpg 300w, https:\/\/czaniecki.pl\/wp-content\/uploads\/2022\/01\/niteczka_ekstra-150x150.jpg 150w, https:\/\/czaniecki.pl\/wp-content\/uploads\/2022\/01\/niteczka_ekstra-768x768.jpg 768w\" sizes=\"(max-width: 800px) 100vw, 800px\" \/>\t\t\t\t\t\t\t\t\t\t\t\t\t\t\t<\/div>\n\t\t\t\t<\/div>\n\t\t\t\t\t<\/div>\n\t\t<\/div>\n\t\t\t\t<div class=\"elementor-column elementor-col-50 elementor-inner-column elementor-element elementor-element-6f449748\" data-id=\"6f449748\" data-element_type=\"column\">\n\t\t\t<div class=\"elementor-widget-wrap elementor-element-populated\">\n\t\t\t\t\t\t<div class=\"elementor-element elementor-element-af21841 elementor-widget elementor-widget-heading\" data-id=\"af21841\" data-element_type=\"widget\" data-widget_type=\"heading.default\">\n\t\t\t\t<div class=\"elementor-widget-container\">\n\t\t\t\t\t<h1 class=\"elementor-heading-title elementor-size-default\">2-eggs pasta<\/h1>\t\t\t\t<\/div>\n\t\t\t\t<\/div>\n\t\t\t\t<div class=\"elementor-element elementor-element-80d96d0 elementor-widget-divider--view-line elementor-widget elementor-widget-divider\" data-id=\"80d96d0\" data-element_type=\"widget\" data-widget_type=\"divider.default\">\n\t\t\t\t<div class=\"elementor-widget-container\">\n\t\t\t\t\t\t\t<div class=\"elementor-divider\">\n\t\t\t<span class=\"elementor-divider-separator\">\n\t\t\t\t\t\t<\/span>\n\t\t<\/div>\n\t\t\t\t\t\t<\/div>\n\t\t\t\t<\/div>\n\t\t\t\t<div class=\"elementor-element elementor-element-35633d94 elementor-widget elementor-widget-heading\" data-id=\"35633d94\" data-element_type=\"widget\" data-widget_type=\"heading.default\">\n\t\t\t\t<div class=\"elementor-widget-container\">\n\t\t\t\t\t<p class=\"elementor-heading-title elementor-size-default\">The 2-eggs pasta is another of our traditional products. It owes its value, like the 5-egg pasta, to the addition of amber durum wheat. Often chosen and appreciated by our customers. <\/p>\t\t\t\t<\/div>\n\t\t\t\t<\/div>\n\t\t\t\t\t<\/div>\n\t\t<\/div>\n\t\t\t\t\t<\/div>\n\t\t<\/section>\n\t\t\t\t<section class=\"elementor-section elementor-top-section elementor-element elementor-element-4005335e elementor-section-content-middle elementor-section-boxed elementor-section-height-default elementor-section-height-default\" data-id=\"4005335e\" data-element_type=\"section\">\n\t\t\t\t\t\t<div class=\"elementor-container elementor-column-gap-default\">\n\t\t\t\t\t<div class=\"elementor-column elementor-col-50 elementor-top-column elementor-element elementor-element-5970b96e\" data-id=\"5970b96e\" data-element_type=\"column\" data-settings=\"{&quot;background_background&quot;:&quot;classic&quot;}\">\n\t\t\t<div class=\"elementor-widget-wrap elementor-element-populated\">\n\t\t\t\t\t\t<div class=\"elementor-element elementor-element-662cca19 elementor-widget elementor-widget-heading\" data-id=\"662cca19\" data-element_type=\"widget\" data-widget_type=\"heading.default\">\n\t\t\t\t<div class=\"elementor-widget-container\">\n\t\t\t\t\t<h2 class=\"elementor-heading-title elementor-size-default\">2-eggs pasta<\/h2>\t\t\t\t<\/div>\n\t\t\t\t<\/div>\n\t\t\t\t<div class=\"elementor-element elementor-element-7a8e3c5b elementor-widget elementor-widget-heading\" data-id=\"7a8e3c5b\" data-element_type=\"widget\" data-widget_type=\"heading.default\">\n\t\t\t\t<div class=\"elementor-widget-container\">\n\t\t\t\t\t<p class=\"elementor-heading-title elementor-size-default\">Amber Durum wheat pasta is often chosen as a healthy option. It is made from durum wheat, which is rich in protein and nutrients.<\/p>\t\t\t\t<\/div>\n\t\t\t\t<\/div>\n\t\t\t\t<div class=\"elementor-element elementor-element-113d33a elementor-widget-divider--view-line elementor-widget elementor-widget-divider\" data-id=\"113d33a\" data-element_type=\"widget\" data-widget_type=\"divider.default\">\n\t\t\t\t<div class=\"elementor-widget-container\">\n\t\t\t\t\t\t\t<div class=\"elementor-divider\">\n\t\t\t<span class=\"elementor-divider-separator\">\n\t\t\t\t\t\t<\/span>\n\t\t<\/div>\n\t\t\t\t\t\t<\/div>\n\t\t\t\t<\/div>\n\t\t\t\t<div class=\"elementor-element elementor-element-5fed22ca elementor-widget elementor-widget-text-editor\" data-id=\"5fed22ca\" data-element_type=\"widget\" data-widget_type=\"text-editor.default\">\n\t\t\t\t<div class=\"elementor-widget-container\">\n\t\t\t\t\t\t\t\t\t<p>Our pasta is a valuable dietary ingredient because it is a source of complex carbohydrates that provide energy and keep blood sugar levels stable. It can be easily combined with other ingredients to create wholesome meals.<\/p>\n\t\t\t\t\t\t\t\t<\/div>\n\t\t\t\t<\/div>\n\t\t\t\t\t<\/div>\n\t\t<\/div>\n\t\t\t\t<div class=\"elementor-column elementor-col-50 elementor-top-column elementor-element elementor-element-4a21708d\" data-id=\"4a21708d\" data-element_type=\"column\">\n\t\t\t<div class=\"elementor-widget-wrap elementor-element-populated\">\n\t\t\t\t\t\t<div class=\"elementor-element elementor-element-46d92763 elementor-widget elementor-widget-image\" data-id=\"46d92763\" data-element_type=\"widget\" data-settings=\"{&quot;motion_fx_motion_fx_scrolling&quot;:&quot;yes&quot;,&quot;motion_fx_translateY_effect&quot;:&quot;yes&quot;,&quot;motion_fx_translateY_speed&quot;:{&quot;unit&quot;:&quot;px&quot;,&quot;size&quot;:1.2,&quot;sizes&quot;:[]},&quot;motion_fx_translateY_affectedRange&quot;:{&quot;unit&quot;:&quot;%&quot;,&quot;size&quot;:&quot;&quot;,&quot;sizes&quot;:{&quot;start&quot;:0,&quot;end&quot;:100}},&quot;motion_fx_devices&quot;:[&quot;desktop&quot;,&quot;tablet&quot;,&quot;mobile&quot;]}\" data-widget_type=\"image.default\">\n\t\t\t\t<div class=\"elementor-widget-container\">\n\t\t\t\t\t\t\t\t\t\t\t\t\t\t\t<img decoding=\"async\" width=\"800\" height=\"571\" src=\"https:\/\/czaniecki.pl\/wp-content\/uploads\/2021\/10\/krajanka@0.5x.png\" class=\"attachment-large size-large wp-image-2110\" alt=\"Makaron Czaniecki Pasta\" srcset=\"https:\/\/czaniecki.pl\/wp-content\/uploads\/2021\/10\/krajanka@0.5x.png 1000w, https:\/\/czaniecki.pl\/wp-content\/uploads\/2021\/10\/krajanka@0.5x-300x214.png 300w, https:\/\/czaniecki.pl\/wp-content\/uploads\/2021\/10\/krajanka@0.5x-768x548.png 768w\" sizes=\"(max-width: 800px) 100vw, 800px\" \/>\t\t\t\t\t\t\t\t\t\t\t\t\t\t\t<\/div>\n\t\t\t\t<\/div>\n\t\t\t\t\t<\/div>\n\t\t<\/div>\n\t\t\t\t\t<\/div>\n\t\t<\/section>\n\t\t\t\t<section class=\"elementor-section elementor-top-section elementor-element elementor-element-65399fae elementor-section-boxed elementor-section-height-default elementor-section-height-default\" data-id=\"65399fae\" data-element_type=\"section\">\n\t\t\t\t\t\t<div class=\"elementor-container elementor-column-gap-default\">\n\t\t\t\t\t<div class=\"elementor-column elementor-col-33 elementor-top-column elementor-element elementor-element-1729e436\" data-id=\"1729e436\" data-element_type=\"column\">\n\t\t\t<div class=\"elementor-widget-wrap\">\n\t\t\t\t\t\t\t<\/div>\n\t\t<\/div>\n\t\t\t\t<div class=\"elementor-column elementor-col-33 elementor-top-column elementor-element elementor-element-2f102f7c\" data-id=\"2f102f7c\" data-element_type=\"column\">\n\t\t\t<div class=\"elementor-widget-wrap elementor-element-populated\">\n\t\t\t\t\t\t<div class=\"elementor-element elementor-element-9b5034c elementor-widget elementor-widget-image\" data-id=\"9b5034c\" data-element_type=\"widget\" data-widget_type=\"image.default\">\n\t\t\t\t<div class=\"elementor-widget-container\">\n\t\t\t\t\t\t\t\t\t\t\t\t\t\t\t<img decoding=\"async\" width=\"800\" height=\"800\" src=\"https:\/\/czaniecki.pl\/wp-content\/uploads\/2022\/01\/niteczka_ekstra.jpg\" class=\"elementor-animation-grow attachment-large size-large wp-image-2204\" alt=\"\" srcset=\"https:\/\/czaniecki.pl\/wp-content\/uploads\/2022\/01\/niteczka_ekstra.jpg 800w, https:\/\/czaniecki.pl\/wp-content\/uploads\/2022\/01\/niteczka_ekstra-300x300.jpg 300w, https:\/\/czaniecki.pl\/wp-content\/uploads\/2022\/01\/niteczka_ekstra-150x150.jpg 150w, https:\/\/czaniecki.pl\/wp-content\/uploads\/2022\/01\/niteczka_ekstra-768x768.jpg 768w\" sizes=\"(max-width: 800px) 100vw, 800px\" \/>\t\t\t\t\t\t\t\t\t\t\t\t\t\t\t<\/div>\n\t\t\t\t<\/div>\n\t\t\t\t<div class=\"elementor-element elementor-element-4e01dfd6 elementor-widget-divider--view-line elementor-widget elementor-widget-divider\" data-id=\"4e01dfd6\" data-element_type=\"widget\" data-widget_type=\"divider.default\">\n\t\t\t\t<div class=\"elementor-widget-container\">\n\t\t\t\t\t\t\t<div class=\"elementor-divider\">\n\t\t\t<span class=\"elementor-divider-separator\">\n\t\t\t\t\t\t<\/span>\n\t\t<\/div>\n\t\t\t\t\t\t<\/div>\n\t\t\t\t<\/div>\n\t\t\t\t<div class=\"elementor-element elementor-element-29973bb1 elementor-widget elementor-widget-heading\" data-id=\"29973bb1\" data-element_type=\"widget\" data-widget_type=\"heading.default\">\n\t\t\t\t<div class=\"elementor-widget-container\">\n\t\t\t\t\t<h2 class=\"elementor-heading-title elementor-size-default\">2-eggs Extra Thin Thread Pasta<\/h2>\t\t\t\t<\/div>\n\t\t\t\t<\/div>\n\t\t\t\t<div class=\"elementor-element elementor-element-54c81e82 elementor-widget elementor-widget-text-editor\" data-id=\"54c81e82\" data-element_type=\"widget\" data-widget_type=\"text-editor.default\">\n\t\t\t\t<div class=\"elementor-widget-container\">\n\t\t\t\t\t\t\t\t\t<p>250g<\/p>\n\t\t\t\t\t\t\t\t<\/div>\n\t\t\t\t<\/div>\n\t\t\t\t\t<\/div>\n\t\t<\/div>\n\t\t\t\t<div class=\"elementor-column elementor-col-33 elementor-top-column elementor-element elementor-element-114dcd0f\" data-id=\"114dcd0f\" data-element_type=\"column\">\n\t\t\t<div class=\"elementor-widget-wrap\">\n\t\t\t\t\t\t\t<\/div>\n\t\t<\/div>\n\t\t\t\t\t<\/div>\n\t\t<\/section>\n\t\t\t\t<\/div>\n\t\t","protected":false},"excerpt":{"rendered":"<p>2-eggs pasta The 2-eggs pasta is another of our traditional products. It owes its value, like the 5-egg pasta, to the addition of amber durum wheat. Often chosen and appreciated by our customers. 2-eggs pasta Amber Durum wheat pasta is often chosen as a healthy option. It is made from durum wheat, which is rich [&hellip;]<\/p>\n","protected":false},"author":1,"featured_media":0,"parent":2245,"menu_order":0,"comment_status":"closed","ping_status":"closed","template":"elementor_header_footer","meta":{"_acf_changed":false,"footnotes":""},"class_list":["post-2878","page","type-page","status-publish","hentry"],"acf":[],"yoast_head":"<!-- This site is optimized with the Yoast SEO plugin v26.4 - https:\/\/yoast.com\/wordpress\/plugins\/seo\/ -->\n<title>2-eggs pasta - Czanieckie Makarony<\/title>\n<meta name=\"robots\" content=\"index, follow, max-snippet:-1, max-image-preview:large, max-video-preview:-1\" \/>\n<link rel=\"canonical\" href=\"https:\/\/czaniecki.pl\/en\/pasta\/2-eggs-pasta\/\" \/>\n<meta property=\"og:locale\" content=\"en_US\" \/>\n<meta property=\"og:type\" content=\"article\" \/>\n<meta property=\"og:title\" content=\"2-eggs pasta - Czanieckie Makarony\" \/>\n<meta property=\"og:description\" content=\"2-eggs pasta The 2-eggs pasta is another of our traditional products. It owes its value, like the 5-egg pasta, to the addition of amber durum wheat. Often chosen and appreciated by our customers. 2-eggs pasta Amber Durum wheat pasta is often chosen as a healthy option. It is made from durum wheat, which is rich [&hellip;]\" \/>\n<meta property=\"og:url\" content=\"https:\/\/czaniecki.pl\/en\/pasta\/2-eggs-pasta\/\" \/>\n<meta property=\"og:site_name\" content=\"Czanieckie Makarony\" \/>\n<meta property=\"article:modified_time\" content=\"2023-02-13T12:57:44+00:00\" \/>\n<meta property=\"og:image\" content=\"https:\/\/czaniecki.pl\/wp-content\/uploads\/2022\/01\/niteczka_ekstra.jpg\" \/>\n<meta name=\"twitter:card\" content=\"summary_large_image\" \/>\n<meta name=\"twitter:label1\" content=\"Est. reading time\" \/>\n\t<meta name=\"twitter:data1\" content=\"1 minute\" \/>\n<script type=\"application\/ld+json\" class=\"yoast-schema-graph\">{\"@context\":\"https:\/\/schema.org\",\"@graph\":[{\"@type\":\"WebPage\",\"@id\":\"https:\/\/czaniecki.pl\/en\/pasta\/2-eggs-pasta\/\",\"url\":\"https:\/\/czaniecki.pl\/en\/pasta\/2-eggs-pasta\/\",\"name\":\"2-eggs pasta - Czanieckie Makarony\",\"isPartOf\":{\"@id\":\"https:\/\/czaniecki.pl\/#website\"},\"primaryImageOfPage\":{\"@id\":\"https:\/\/czaniecki.pl\/en\/pasta\/2-eggs-pasta\/#primaryimage\"},\"image\":{\"@id\":\"https:\/\/czaniecki.pl\/en\/pasta\/2-eggs-pasta\/#primaryimage\"},\"thumbnailUrl\":\"https:\/\/czaniecki.pl\/wp-content\/uploads\/2022\/01\/niteczka_ekstra.jpg\",\"datePublished\":\"2023-02-07T09:56:05+00:00\",\"dateModified\":\"2023-02-13T12:57:44+00:00\",\"breadcrumb\":{\"@id\":\"https:\/\/czaniecki.pl\/en\/pasta\/2-eggs-pasta\/#breadcrumb\"},\"inLanguage\":\"en-US\",\"potentialAction\":[{\"@type\":\"ReadAction\",\"target\":[\"https:\/\/czaniecki.pl\/en\/pasta\/2-eggs-pasta\/\"]}]},{\"@type\":\"ImageObject\",\"inLanguage\":\"en-US\",\"@id\":\"https:\/\/czaniecki.pl\/en\/pasta\/2-eggs-pasta\/#primaryimage\",\"url\":\"https:\/\/czaniecki.pl\/wp-content\/uploads\/2022\/01\/niteczka_ekstra.jpg\",\"contentUrl\":\"https:\/\/czaniecki.pl\/wp-content\/uploads\/2022\/01\/niteczka_ekstra.jpg\"},{\"@type\":\"BreadcrumbList\",\"@id\":\"https:\/\/czaniecki.pl\/en\/pasta\/2-eggs-pasta\/#breadcrumb\",\"itemListElement\":[{\"@type\":\"ListItem\",\"position\":1,\"name\":\"Strona g\u0142\u00f3wna\",\"item\":\"https:\/\/czaniecki.pl\/\"},{\"@type\":\"ListItem\",\"position\":2,\"name\":\"Our products\",\"item\":\"https:\/\/czaniecki.pl\/en\/pasta\/\"},{\"@type\":\"ListItem\",\"position\":3,\"name\":\"2-eggs pasta\"}]},{\"@type\":\"WebSite\",\"@id\":\"https:\/\/czaniecki.pl\/#website\",\"url\":\"https:\/\/czaniecki.pl\/\",\"name\":\"Czanieckie Makarony\",\"description\":\"25 lat tradycji i niemal 40 rodzaj\u00f3w makaron\u00f3w! Od kultowej krajanki po te, inspirowane kuchniami \u015bwiata. Czaniecki, tu zaczyna si\u0119 smak!\",\"publisher\":{\"@id\":\"https:\/\/czaniecki.pl\/#organization\"},\"potentialAction\":[{\"@type\":\"SearchAction\",\"target\":{\"@type\":\"EntryPoint\",\"urlTemplate\":\"https:\/\/czaniecki.pl\/?s={search_term_string}\"},\"query-input\":{\"@type\":\"PropertyValueSpecification\",\"valueRequired\":true,\"valueName\":\"search_term_string\"}}],\"inLanguage\":\"en-US\"},{\"@type\":\"Organization\",\"@id\":\"https:\/\/czaniecki.pl\/#organization\",\"name\":\"Czanieckie Makarony\",\"url\":\"https:\/\/czaniecki.pl\/\",\"logo\":{\"@type\":\"ImageObject\",\"inLanguage\":\"en-US\",\"@id\":\"https:\/\/czaniecki.pl\/#\/schema\/logo\/image\/\",\"url\":\"https:\/\/czaniecki.pl\/wp-content\/uploads\/2021\/09\/cropped-image-branding-logo-1.png\",\"contentUrl\":\"https:\/\/czaniecki.pl\/wp-content\/uploads\/2021\/09\/cropped-image-branding-logo-1.png\",\"width\":181,\"height\":239,\"caption\":\"Czanieckie Makarony\"},\"image\":{\"@id\":\"https:\/\/czaniecki.pl\/#\/schema\/logo\/image\/\"}}]}<\/script>\n<!-- \/ Yoast SEO plugin. -->","yoast_head_json":{"title":"2-eggs pasta - Czanieckie Makarony","robots":{"index":"index","follow":"follow","max-snippet":"max-snippet:-1","max-image-preview":"max-image-preview:large","max-video-preview":"max-video-preview:-1"},"canonical":"https:\/\/czaniecki.pl\/en\/pasta\/2-eggs-pasta\/","og_locale":"en_US","og_type":"article","og_title":"2-eggs pasta - Czanieckie Makarony","og_description":"2-eggs pasta The 2-eggs pasta is another of our traditional products. It owes its value, like the 5-egg pasta, to the addition of amber durum wheat. Often chosen and appreciated by our customers. 2-eggs pasta Amber Durum wheat pasta is often chosen as a healthy option. It is made from durum wheat, which is rich [&hellip;]","og_url":"https:\/\/czaniecki.pl\/en\/pasta\/2-eggs-pasta\/","og_site_name":"Czanieckie Makarony","article_modified_time":"2023-02-13T12:57:44+00:00","og_image":[{"url":"https:\/\/czaniecki.pl\/wp-content\/uploads\/2022\/01\/niteczka_ekstra.jpg","type":"","width":"","height":""}],"twitter_card":"summary_large_image","twitter_misc":{"Est. reading time":"1 minute"},"schema":{"@context":"https:\/\/schema.org","@graph":[{"@type":"WebPage","@id":"https:\/\/czaniecki.pl\/en\/pasta\/2-eggs-pasta\/","url":"https:\/\/czaniecki.pl\/en\/pasta\/2-eggs-pasta\/","name":"2-eggs pasta - Czanieckie Makarony","isPartOf":{"@id":"https:\/\/czaniecki.pl\/#website"},"primaryImageOfPage":{"@id":"https:\/\/czaniecki.pl\/en\/pasta\/2-eggs-pasta\/#primaryimage"},"image":{"@id":"https:\/\/czaniecki.pl\/en\/pasta\/2-eggs-pasta\/#primaryimage"},"thumbnailUrl":"https:\/\/czaniecki.pl\/wp-content\/uploads\/2022\/01\/niteczka_ekstra.jpg","datePublished":"2023-02-07T09:56:05+00:00","dateModified":"2023-02-13T12:57:44+00:00","breadcrumb":{"@id":"https:\/\/czaniecki.pl\/en\/pasta\/2-eggs-pasta\/#breadcrumb"},"inLanguage":"en-US","potentialAction":[{"@type":"ReadAction","target":["https:\/\/czaniecki.pl\/en\/pasta\/2-eggs-pasta\/"]}]},{"@type":"ImageObject","inLanguage":"en-US","@id":"https:\/\/czaniecki.pl\/en\/pasta\/2-eggs-pasta\/#primaryimage","url":"https:\/\/czaniecki.pl\/wp-content\/uploads\/2022\/01\/niteczka_ekstra.jpg","contentUrl":"https:\/\/czaniecki.pl\/wp-content\/uploads\/2022\/01\/niteczka_ekstra.jpg"},{"@type":"BreadcrumbList","@id":"https:\/\/czaniecki.pl\/en\/pasta\/2-eggs-pasta\/#breadcrumb","itemListElement":[{"@type":"ListItem","position":1,"name":"Strona g\u0142\u00f3wna","item":"https:\/\/czaniecki.pl\/"},{"@type":"ListItem","position":2,"name":"Our products","item":"https:\/\/czaniecki.pl\/en\/pasta\/"},{"@type":"ListItem","position":3,"name":"2-eggs pasta"}]},{"@type":"WebSite","@id":"https:\/\/czaniecki.pl\/#website","url":"https:\/\/czaniecki.pl\/","name":"Czanieckie Makarony","description":"25 lat tradycji i niemal 40 rodzaj\u00f3w makaron\u00f3w! Od kultowej krajanki po te, inspirowane kuchniami \u015bwiata. Czaniecki, tu zaczyna si\u0119 smak!","publisher":{"@id":"https:\/\/czaniecki.pl\/#organization"},"potentialAction":[{"@type":"SearchAction","target":{"@type":"EntryPoint","urlTemplate":"https:\/\/czaniecki.pl\/?s={search_term_string}"},"query-input":{"@type":"PropertyValueSpecification","valueRequired":true,"valueName":"search_term_string"}}],"inLanguage":"en-US"},{"@type":"Organization","@id":"https:\/\/czaniecki.pl\/#organization","name":"Czanieckie Makarony","url":"https:\/\/czaniecki.pl\/","logo":{"@type":"ImageObject","inLanguage":"en-US","@id":"https:\/\/czaniecki.pl\/#\/schema\/logo\/image\/","url":"https:\/\/czaniecki.pl\/wp-content\/uploads\/2021\/09\/cropped-image-branding-logo-1.png","contentUrl":"https:\/\/czaniecki.pl\/wp-content\/uploads\/2021\/09\/cropped-image-branding-logo-1.png","width":181,"height":239,"caption":"Czanieckie Makarony"},"image":{"@id":"https:\/\/czaniecki.pl\/#\/schema\/logo\/image\/"}}]}},"_links":{"self":[{"href":"https:\/\/czaniecki.pl\/en\/wp-json\/wp\/v2\/pages\/2878","targetHints":{"allow":["GET"]}}],"collection":[{"href":"https:\/\/czaniecki.pl\/en\/wp-json\/wp\/v2\/pages"}],"about":[{"href":"https:\/\/czaniecki.pl\/en\/wp-json\/wp\/v2\/types\/page"}],"author":[{"embeddable":true,"href":"https:\/\/czaniecki.pl\/en\/wp-json\/wp\/v2\/users\/1"}],"replies":[{"embeddable":true,"href":"https:\/\/czaniecki.pl\/en\/wp-json\/wp\/v2\/comments?post=2878"}],"version-history":[{"count":10,"href":"https:\/\/czaniecki.pl\/en\/wp-json\/wp\/v2\/pages\/2878\/revisions"}],"predecessor-version":[{"id":2948,"href":"https:\/\/czaniecki.pl\/en\/wp-json\/wp\/v2\/pages\/2878\/revisions\/2948"}],"up":[{"embeddable":true,"href":"https:\/\/czaniecki.pl\/en\/wp-json\/wp\/v2\/pages\/2245"}],"wp:attachment":[{"href":"https:\/\/czaniecki.pl\/en\/wp-json\/wp\/v2\/media?parent=2878"}],"curies":[{"name":"wp","href":"https:\/\/api.w.org\/{rel}","templated":true}]}}